{"id":2543,"date":"2013-12-27T04:34:54","date_gmt":"2013-12-27T03:34:54","guid":{"rendered":"http:\/\/klubmamgdynia.pl\/index.php\/produkt\/babymatex-myjka-kapielowa-frotte-bamboo-10-rozowa-lapka-frotte\/"},"modified":"2026-04-29T14:13:13","modified_gmt":"2026-04-29T12:13:13","slug":"babymatex-myjka-kapielowa-frotte-bamboo-10-rozowa-lapka-frotte","status":"publish","type":"product","link":"http:\/\/klubmamgdynia.pl\/index.php\/produkt\/babymatex-myjka-kapielowa-frotte-bamboo-10-rozowa-lapka-frotte\/","title":{"rendered":"Babymatex Myjka K\u0105pielowa Frotte Bamboo 10 R\u00f3\u017cowa \u0141apka Frotte"},"content":{"rendered":"<p>Myjka k\u0105pielowa frotte Bamboo 10 r\u00f3\u017cowa \u0141apka frotte zosta\u0142a wykonana z najwy\u017cszej jako\u015bci tkaniny bambusowej. R\u0119kawica zapewnia maksymalny komfort i bezpiecze\u0144stwo dziecka w czasie ka\u017cdej k\u0105pieli, ju\u017c od pierwszych dni \u017cycia. Myjka jest niezwykle mi\u0119kkia i puszysta w dotyku, dzi\u0119ki czemu nie trzeba obawia\u0107 si\u0119 o \u017cadne podra\u017cnienia delikatnej sk\u00f3ry Twojego dziecka. HIPOALERGICZNO\u015a\u0106 &#8211; tkanina bambusowa jest w pe\u0142ni naturalna a do jej produkcji nie u\u017cywa si\u0119 \u017cadnych \u015brodk\u00f3w chemicznych, dzi\u0119ki czemu jest w 100% antyalergiczna i zalecana do stosowania dla ma\u0142ych dzieci. ANTYBAKTERYJNO\u015a\u0106 &#8211; tkanina bambusowa nie przyci\u0105gaj\u0105 kurzu ani roztoczy, a dzi\u0119ki zawarto\u015bci wyj\u0105tkowej substancji &#8222;bamboo kun&#8221; posiadaj\u0105 w\u0142a\u015bciwo\u015bci antybakteryjne i antygrzybiczne, co ca\u0142kowicie eliminuje rozwijanie si\u0119 w nich mikroorganizm\u00f3w i powstawanie nieprzyjemnego zapachu.Materia\u0142: bambus: 60%, bawe\u0142na: 30%Przepis konserwacji:- pra\u0107 w temperaturze do 40\u00b0C,- prasowa\u0107 w temperaturze do 150\u00b0C,- nie chlorowa\u0107,- nie wirowa\u0107,- nie czy\u015bci\u0107 chemicznie,- suszy\u0107 w stanie rozwieszonym.Staramy si\u0119, aby wszystkie fotografie wiernie oddawa\u0142y produkt w rzeczywisto\u015bci oraz by\u0142y jak najlepszej jako\u015bci. Ewentualne r\u00f3\u017cnice mog\u0105 wynika\u0107 z indywidualnych ustawie\u0144 monitora.<\/p>\n<h2>Babymatex Myjka K\u0105pielowa Frotte Bamboo 10 R\u00f3\u017cowa \u0141apka Frotte BabyMatex<\/h2>\n<p>miasto dzieci krak\u00f3w, cytat na dzie\u0144 matki, iwo imi\u0119, bajka dla dzieci do czytania, test czerwone krzes\u0142o, rysowanie po \u015bladzie pdf, dzieci z bullerbyn quiz, bajka na dobranoc do czytania, cytat dziecko, wydarzenia warszawa dzisiaj, psi patrol do czytania, quiz o koniach, prima aprilis zarty, zagadki na logike, u\u015bmiech dziecka wiersz<\/p>\n<p>yyyyy<\/p>\n<p>&nbsp;<\/p>\n","protected":false},"excerpt":{"rendered":"<p>Myjka k\u0105pielowa frotte Bamboo 10 r\u00f3\u017cowa \u0141apka frotte zosta\u0142a wykonana z najwy\u017cszej jako\u015bci tkaniny bambusowej. R\u0119kawica zapewnia maksymalny komfort i bezpiecze\u0144stwo dziecka w czasie ka\u017cdej k\u0105pieli, ju\u017c od pierwszych dni \u017cycia. Myjka jest niezwykle mi\u0119kkia i puszysta w dotyku, dzi\u0119ki czemu nie trzeba obawia\u0107 si\u0119 o \u017cadne podra\u017cnienia delikatnej sk\u00f3ry Twojego dziecka. HIPOALERGICZNO\u015a\u0106 &#8211; tkanina [&hellip;]<\/p>\n","protected":false},"featured_media":2544,"comment_status":"closed","ping_status":"open","template":"","meta":[],"product_cat":[925,901],"product_tag":[848,586,647],"class_list":["post-2543","product","type-product","status-publish","has-post-thumbnail","hentry","product_cat-babymatex","product_cat-pozostale-akcesoria-do-pielegnacji-dzieci","product_tag-cytat-o-rodzinie","product_tag-smieszne-zagadki","product_tag-warszawa-z-dzieckiem"],"_links":{"self":[{"href":"http:\/\/klubmamgdynia.pl\/index.php\/wp-json\/wp\/v2\/product\/2543","targetHints":{"allow":["GET"]}}],"collection":[{"href":"http:\/\/klubmamgdynia.pl\/index.php\/wp-json\/wp\/v2\/product"}],"about":[{"href":"http:\/\/klubmamgdynia.pl\/index.php\/wp-json\/wp\/v2\/types\/product"}],"replies":[{"embeddable":true,"href":"http:\/\/klubmamgdynia.pl\/index.php\/wp-json\/wp\/v2\/comments?post=2543"}],"wp:featuredmedia":[{"embeddable":true,"href":"http:\/\/klubmamgdynia.pl\/index.php\/wp-json\/wp\/v2\/media\/2544"}],"wp:attachment":[{"href":"http:\/\/klubmamgdynia.pl\/index.php\/wp-json\/wp\/v2\/media?parent=2543"}],"wp:term":[{"taxonomy":"product_cat","embeddable":true,"href":"http:\/\/klubmamgdynia.pl\/index.php\/wp-json\/wp\/v2\/product_cat?post=2543"},{"taxonomy":"product_tag","embeddable":true,"href":"http:\/\/klubmamgdynia.pl\/index.php\/wp-json\/wp\/v2\/product_tag?post=2543"}],"curies":[{"name":"wp","href":"https:\/\/api.w.org\/{rel}","templated":true}]}}