{"id":2545,"date":"2012-06-11T18:04:22","date_gmt":"2012-06-11T16:04:22","guid":{"rendered":"http:\/\/klubmamgdynia.pl\/index.php\/produkt\/podkladka-pod-myszke-angry-birds-2\/"},"modified":"2026-04-06T04:04:44","modified_gmt":"2026-04-06T02:04:44","slug":"podkladka-pod-myszke-angry-birds-2","status":"publish","type":"product","link":"http:\/\/klubmamgdynia.pl\/index.php\/produkt\/podkladka-pod-myszke-angry-birds-2\/","title":{"rendered":"Podk\u0142adka pod myszk\u0119 Angry Birds"},"content":{"rendered":"<p>Podk\u0142adka pod myszk\u0119GTA(z twoim ulubionym bohaterem)kszta\u0142t &#8211; prostok\u0105tgrubo\u015b\u0107: oko\u0142o 4mm (gruba)Wymiary: 19 cm x 25 cmZr\u00f3b prezent komu\u015b bliskiemu!<\/p>\n<h2>Podk\u0142adka pod myszk\u0119 Angry Birds Angry Birds<\/h2>\n<p>znaczenie imienia paula, bajki na dobranoc, kwiatek kwiaty do druku szablony, \u015bwinka peppa bajki do czytania, ja\u015bmina imi\u0119, karty pracy dla dzieci z ukrainy, menu urodzinowe dla dzieci w wieku 8 10 lat, wulkan z sody<\/p>\n<p>yyyyy<\/p>\n<p>&nbsp;<\/p>\n","protected":false},"excerpt":{"rendered":"<p>Podk\u0142adka pod myszk\u0119GTA(z twoim ulubionym bohaterem)kszta\u0142t &#8211; prostok\u0105tgrubo\u015b\u0107: oko\u0142o 4mm (gruba)Wymiary: 19 cm x 25 cmZr\u00f3b prezent komu\u015b bliskiemu! Podk\u0142adka pod myszk\u0119 Angry Birds Angry Birds znaczenie imienia paula, bajki na dobranoc, kwiatek kwiaty do druku szablony, \u015bwinka peppa bajki do czytania, ja\u015bmina imi\u0119, karty pracy dla dzieci z ukrainy, menu urodzinowe dla dzieci w [&hellip;]<\/p>\n","protected":false},"featured_media":2546,"comment_status":"closed","ping_status":"open","template":"","meta":[],"product_cat":[544,482],"product_tag":[578,739,841,773,809],"class_list":["post-2545","product","type-product","status-publish","has-post-thumbnail","hentry","product_cat-angry-birds","product_cat-gadzety","product_tag-fajne-zarty-na-prima-aprilis","product_tag-prima-aprilis-w-szkole","product_tag-quiz-o-flagach","product_tag-test-z-lektury-opowiesci-z-narnii-lew-czarownica-i-stara-szafa","product_tag-zagadki"],"_links":{"self":[{"href":"http:\/\/klubmamgdynia.pl\/index.php\/wp-json\/wp\/v2\/product\/2545","targetHints":{"allow":["GET"]}}],"collection":[{"href":"http:\/\/klubmamgdynia.pl\/index.php\/wp-json\/wp\/v2\/product"}],"about":[{"href":"http:\/\/klubmamgdynia.pl\/index.php\/wp-json\/wp\/v2\/types\/product"}],"replies":[{"embeddable":true,"href":"http:\/\/klubmamgdynia.pl\/index.php\/wp-json\/wp\/v2\/comments?post=2545"}],"wp:featuredmedia":[{"embeddable":true,"href":"http:\/\/klubmamgdynia.pl\/index.php\/wp-json\/wp\/v2\/media\/2546"}],"wp:attachment":[{"href":"http:\/\/klubmamgdynia.pl\/index.php\/wp-json\/wp\/v2\/media?parent=2545"}],"wp:term":[{"taxonomy":"product_cat","embeddable":true,"href":"http:\/\/klubmamgdynia.pl\/index.php\/wp-json\/wp\/v2\/product_cat?post=2545"},{"taxonomy":"product_tag","embeddable":true,"href":"http:\/\/klubmamgdynia.pl\/index.php\/wp-json\/wp\/v2\/product_tag?post=2545"}],"curies":[{"name":"wp","href":"https:\/\/api.w.org\/{rel}","templated":true}]}}