{"id":2547,"date":"2017-11-29T19:10:14","date_gmt":"2017-11-29T18:10:14","guid":{"rendered":"http:\/\/klubmamgdynia.pl\/index.php\/produkt\/deef-pluszowy-los-vic03391\/"},"modified":"2026-04-22T23:55:49","modified_gmt":"2026-04-22T21:55:49","slug":"deef-pluszowy-los-vic03391","status":"publish","type":"product","link":"http:\/\/klubmamgdynia.pl\/index.php\/produkt\/deef-pluszowy-los-vic03391\/","title":{"rendered":"Deef Pluszowy \u0141o\u015b Vic03391"},"content":{"rendered":"<p>2\/36\u0141o\u015b najlepszym przyjacielem b\u0119dzie,bez niego \u017cadne dziecko si\u0119 nie obejdzie!Br\u0105zowy \u0142o\u015b idealnie nadaje si\u0119 do zabawy i przytulania! Wykonany jest z materia\u0142\u00f3w najwy\u017cszej jako\u015bci, kt\u00f3rych niezwyk\u0142a mi\u0119kko\u015b\u0107 przypadnie do gustu ka\u017cdemu maluchowi. Pluszaki nie s\u0105 zwyk\u0142ymi zabawkami, cz\u0119sto towarzysz\u0105 dzieciom podczas codziennych czynno\u015bci i staj\u0105 si\u0119 ich najlepszymi przyjaci\u00f3\u0142mi.Naszego \u0142osia mo\u017cesz podarowa\u0107 ka\u017cdemu, zachwyci nie tylko dzieci! Przytulanka to wspania\u0142y pomys\u0142 na prezent dla bliskiej osoby niezale\u017cnie od wieku. Idealnie sprawdzi si\u0119 dla ka\u017cdego mi\u0142o\u015bnika zwierz\u0105t.Wymiary: 30 cm.<\/p>\n<h2>Deef Pluszowy \u0141o\u015b Vic03391 Deef Plusz<\/h2>\n<p>ninjago kolorowanki, laurka dla mamy rysunek, zagadki \u015bmieszne dla dzieci, alan imie, kolorowanka lego friends, ma\u0142y ksi\u0105\u017ce cytaty, zaproszenie do druku, emanuel, quiz online, opowiadanie o jesieni dla dzieci, zagadki logiczne trudne, szlaczki dla dzieci, pokoloruj wed\u0142ug wzoru, zagadki logiczne matematyczne dla dzieci, wzory zaprosze\u0144 zaproszenie na urodziny do druku pdf, izabella imi\u0119, nadia imi\u0119, prezenty na urodziny dla nastolatk\u00f3w, literki dla dzieci, jordan co oznacza<\/p>\n<p>yyyyy<\/p>\n<p>&nbsp;<\/p>\n","protected":false},"excerpt":{"rendered":"<p>2\/36\u0141o\u015b najlepszym przyjacielem b\u0119dzie,bez niego \u017cadne dziecko si\u0119 nie obejdzie!Br\u0105zowy \u0142o\u015b idealnie nadaje si\u0119 do zabawy i przytulania! Wykonany jest z materia\u0142\u00f3w najwy\u017cszej jako\u015bci, kt\u00f3rych niezwyk\u0142a mi\u0119kko\u015b\u0107 przypadnie do gustu ka\u017cdemu maluchowi. Pluszaki nie s\u0105 zwyk\u0142ymi zabawkami, cz\u0119sto towarzysz\u0105 dzieciom podczas codziennych czynno\u015bci i staj\u0105 si\u0119 ich najlepszymi przyjaci\u00f3\u0142mi.Naszego \u0142osia mo\u017cesz podarowa\u0107 ka\u017cdemu, zachwyci nie [&hellip;]<\/p>\n","protected":false},"featured_media":2548,"comment_status":"closed","ping_status":"open","template":"","meta":[],"product_cat":[559,42],"product_tag":[864,755,605,661,778,812],"class_list":["post-2547","product","type-product","status-publish","has-post-thumbnail","hentry","product_cat-deef-plusz","product_cat-maskotki","product_tag-basen-warszawa","product_tag-henryk","product_tag-milena","product_tag-swinka-peppa-kolorowanka","product_tag-zabawki-na-roczek-dla-chlopca","product_tag-zagadki-logiczne-na-inteligencje"],"_links":{"self":[{"href":"http:\/\/klubmamgdynia.pl\/index.php\/wp-json\/wp\/v2\/product\/2547","targetHints":{"allow":["GET"]}}],"collection":[{"href":"http:\/\/klubmamgdynia.pl\/index.php\/wp-json\/wp\/v2\/product"}],"about":[{"href":"http:\/\/klubmamgdynia.pl\/index.php\/wp-json\/wp\/v2\/types\/product"}],"replies":[{"embeddable":true,"href":"http:\/\/klubmamgdynia.pl\/index.php\/wp-json\/wp\/v2\/comments?post=2547"}],"wp:featuredmedia":[{"embeddable":true,"href":"http:\/\/klubmamgdynia.pl\/index.php\/wp-json\/wp\/v2\/media\/2548"}],"wp:attachment":[{"href":"http:\/\/klubmamgdynia.pl\/index.php\/wp-json\/wp\/v2\/media?parent=2547"}],"wp:term":[{"taxonomy":"product_cat","embeddable":true,"href":"http:\/\/klubmamgdynia.pl\/index.php\/wp-json\/wp\/v2\/product_cat?post=2547"},{"taxonomy":"product_tag","embeddable":true,"href":"http:\/\/klubmamgdynia.pl\/index.php\/wp-json\/wp\/v2\/product_tag?post=2547"}],"curies":[{"name":"wp","href":"https:\/\/api.w.org\/{rel}","templated":true}]}}