{"id":255,"date":"2023-03-27T01:07:37","date_gmt":"2023-03-26T23:07:37","guid":{"rendered":"http:\/\/klubmamgdynia.pl\/?post_type=product&#038;p=255"},"modified":"2026-04-30T06:53:40","modified_gmt":"2026-04-30T04:53:40","slug":"britax-romer-smile-3-komfort-plus-isense-wozek-gleboko-spacerowy-z-fotelikiem-baby-safe-isense-i-baza-flex-base-isense-4w1-space-black","status":"publish","type":"product","link":"http:\/\/klubmamgdynia.pl\/index.php\/produkt\/britax-romer-smile-3-komfort-plus-isense-wozek-gleboko-spacerowy-z-fotelikiem-baby-safe-isense-i-baza-flex-base-isense-4w1-space-black\/","title":{"rendered":"Britax Romer Smile 3 Komfort Plus iSense &#8211; w\u00f3zek g\u0142\u0119boko-spacerowy z fotelikiem Baby-Safe iSense i baz\u0105 Flex Base iSense 4w1-Space Black"},"content":{"rendered":"<p>Zestaw Smile 3 Komfort Plus iSense zawiera w\u00f3zek g\u0142\u0119boko-spacerowy Smile 3 oraz fotelik od urodzenia do oko\u0142o 15 miesi\u0105ca \u017cycia Baby-Safe iSense i baz\u0119 do jego monta\u017cu w aucie.<\/p>\n<h2>Britax Romer Smile 3 Komfort Plus iSense &#8211; w\u00f3zek g\u0142\u0119boko-spacerowy z fotelikiem Baby-Safe iSense i baz\u0105 Flex Base iSense 4w1-Space Black Britax &amp; Romer<\/h2>\n<p>zagadki dla dzieci 10 lat, motylek, malowanki dla dzieci do druku, nauka pisania literek do wydruku pdf, lektura asiunia &#8211; test, test z lektury magiczne drzewo czerwone krzes\u0142o, lato lato lato czeka<\/p>\n<p>yyyyy<\/p>\n<p>&nbsp;<\/p>\n","protected":false},"excerpt":{"rendered":"<p>Zestaw Smile 3 Komfort Plus iSense zawiera w\u00f3zek g\u0142\u0119boko-spacerowy Smile 3 oraz fotelik od urodzenia do oko\u0142o 15 miesi\u0105ca \u017cycia Baby-Safe iSense i baz\u0119 do jego monta\u017cu w aucie. Britax Romer Smile 3 Komfort Plus iSense &#8211; w\u00f3zek g\u0142\u0119boko-spacerowy z fotelikiem Baby-Safe iSense i baz\u0105 Flex Base iSense 4w1-Space Black Britax &amp; Romer zagadki dla [&hellip;]<\/p>\n","protected":false},"featured_media":256,"comment_status":"closed","ping_status":"open","template":"","meta":[],"product_cat":[116,109],"product_tag":[861,768,684,741,595],"class_list":["post-255","product","type-product","status-publish","has-post-thumbnail","hentry","product_cat-britax-romer","product_cat-wozki-glebokie","product_tag-jak-narysowac-psa","product_tag-krotkie-zagadki-logiczne","product_tag-prezent-dla-dziewczynki-na-roczek","product_tag-wlochy","product_tag-zagadki-dla-6-latka"],"_links":{"self":[{"href":"http:\/\/klubmamgdynia.pl\/index.php\/wp-json\/wp\/v2\/product\/255","targetHints":{"allow":["GET"]}}],"collection":[{"href":"http:\/\/klubmamgdynia.pl\/index.php\/wp-json\/wp\/v2\/product"}],"about":[{"href":"http:\/\/klubmamgdynia.pl\/index.php\/wp-json\/wp\/v2\/types\/product"}],"replies":[{"embeddable":true,"href":"http:\/\/klubmamgdynia.pl\/index.php\/wp-json\/wp\/v2\/comments?post=255"}],"wp:featuredmedia":[{"embeddable":true,"href":"http:\/\/klubmamgdynia.pl\/index.php\/wp-json\/wp\/v2\/media\/256"}],"wp:attachment":[{"href":"http:\/\/klubmamgdynia.pl\/index.php\/wp-json\/wp\/v2\/media?parent=255"}],"wp:term":[{"taxonomy":"product_cat","embeddable":true,"href":"http:\/\/klubmamgdynia.pl\/index.php\/wp-json\/wp\/v2\/product_cat?post=255"},{"taxonomy":"product_tag","embeddable":true,"href":"http:\/\/klubmamgdynia.pl\/index.php\/wp-json\/wp\/v2\/product_tag?post=255"}],"curies":[{"name":"wp","href":"https:\/\/api.w.org\/{rel}","templated":true}]}}