{"id":2551,"date":"2017-02-08T05:42:18","date_gmt":"2017-02-08T04:42:18","guid":{"rendered":"http:\/\/klubmamgdynia.pl\/index.php\/produkt\/gk-shop-medal-prezent-dla-nauczyciela-na-dzien-nauczyciela-gk0088\/"},"modified":"2026-04-26T22:40:20","modified_gmt":"2026-04-26T20:40:20","slug":"gk-shop-medal-prezent-dla-nauczyciela-na-dzien-nauczyciela-gk0088","status":"publish","type":"product","link":"http:\/\/klubmamgdynia.pl\/index.php\/produkt\/gk-shop-medal-prezent-dla-nauczyciela-na-dzien-nauczyciela-gk0088\/","title":{"rendered":"Gk Shop Medal Prezent Dla Nauczyciela Na Dzie\u0144 Nauczyciela (GK0088)"},"content":{"rendered":"<p>Medal grawerowany &#8222;Trzeba mie\u0107 wielkie serce by kszta\u0142ci\u0107 ma\u0142ych ludzi&#8221;<\/p>\n<h2>Gk Shop Medal Prezent Dla Nauczyciela Na Dzie\u0144 Nauczyciela (GK0088) <\/h2>\n<p>logiczne zagadki, my little pony kolorowanka, atrakcje dla dzieci warszawa i okolice, kolorowanki na dzie\u0144 babci, pomys\u0142 na roczek<\/p>\n<p>yyyyy<\/p>\n<p>&nbsp;<\/p>\n","protected":false},"excerpt":{"rendered":"<p>Medal grawerowany &#8222;Trzeba mie\u0107 wielkie serce by kszta\u0142ci\u0107 ma\u0142ych ludzi&#8221; Gk Shop Medal Prezent Dla Nauczyciela Na Dzie\u0144 Nauczyciela (GK0088) logiczne zagadki, my little pony kolorowanka, atrakcje dla dzieci warszawa i okolice, kolorowanki na dzie\u0144 babci, pomys\u0142 na roczek yyyyy &nbsp;<\/p>\n","protected":false},"featured_media":2552,"comment_status":"closed","ping_status":"open","template":"","meta":[],"product_cat":[482],"product_tag":[810,705,764,609],"class_list":["post-2551","product","type-product","status-publish","has-post-thumbnail","hentry","product_cat-gadzety","product_tag-nauka-zegara-do-druku","product_tag-prezent-na-roczek-dla-chlopca","product_tag-prezenty-na-roczek-dla-dziewczynki","product_tag-quiz-flagi-europy"],"_links":{"self":[{"href":"http:\/\/klubmamgdynia.pl\/index.php\/wp-json\/wp\/v2\/product\/2551","targetHints":{"allow":["GET"]}}],"collection":[{"href":"http:\/\/klubmamgdynia.pl\/index.php\/wp-json\/wp\/v2\/product"}],"about":[{"href":"http:\/\/klubmamgdynia.pl\/index.php\/wp-json\/wp\/v2\/types\/product"}],"replies":[{"embeddable":true,"href":"http:\/\/klubmamgdynia.pl\/index.php\/wp-json\/wp\/v2\/comments?post=2551"}],"wp:featuredmedia":[{"embeddable":true,"href":"http:\/\/klubmamgdynia.pl\/index.php\/wp-json\/wp\/v2\/media\/2552"}],"wp:attachment":[{"href":"http:\/\/klubmamgdynia.pl\/index.php\/wp-json\/wp\/v2\/media?parent=2551"}],"wp:term":[{"taxonomy":"product_cat","embeddable":true,"href":"http:\/\/klubmamgdynia.pl\/index.php\/wp-json\/wp\/v2\/product_cat?post=2551"},{"taxonomy":"product_tag","embeddable":true,"href":"http:\/\/klubmamgdynia.pl\/index.php\/wp-json\/wp\/v2\/product_tag?post=2551"}],"curies":[{"name":"wp","href":"https:\/\/api.w.org\/{rel}","templated":true}]}}