{"id":2553,"date":"2013-09-18T16:33:43","date_gmt":"2013-09-18T14:33:43","guid":{"rendered":"http:\/\/klubmamgdynia.pl\/index.php\/produkt\/marioinex-zestaw-piasku-twierdza-151-marioinex\/"},"modified":"2026-04-30T16:53:05","modified_gmt":"2026-04-30T14:53:05","slug":"marioinex-zestaw-piasku-twierdza-151-marioinex","status":"publish","type":"product","link":"http:\/\/klubmamgdynia.pl\/index.php\/produkt\/marioinex-zestaw-piasku-twierdza-151-marioinex\/","title":{"rendered":"Marioinex Zestaw Piasku Twierdza 151 MarioInex"},"content":{"rendered":"<p>Zestaw do piasku Twierdza 151 MARIO-INEX &#8211; MARIO-INEX<\/p>\n<h2>Marioinex Zestaw Piasku Twierdza 151 MarioInex Marioinex<\/h2>\n<p>list do gwiazdora, kr\u00f3tkie zagadki logiczne, pomys\u0142y na prezent na roczek, kolorowanki dla ch\u0142opc\u00f3w do druku, kolorowanki dla dzieci do druku<\/p>\n<p>yyyyy<\/p>\n<p>&nbsp;<\/p>\n","protected":false},"excerpt":{"rendered":"<p>Zestaw do piasku Twierdza 151 MARIO-INEX &#8211; MARIO-INEX Marioinex Zestaw Piasku Twierdza 151 MarioInex Marioinex list do gwiazdora, kr\u00f3tkie zagadki logiczne, pomys\u0142y na prezent na roczek, kolorowanki dla ch\u0142opc\u00f3w do druku, kolorowanki dla dzieci do druku yyyyy &nbsp;<\/p>\n","protected":false},"featured_media":2554,"comment_status":"closed","ping_status":"open","template":"","meta":[],"product_cat":[328,286],"product_tag":[834,844,858,868,629,873],"class_list":["post-2553","product","type-product","status-publish","has-post-thumbnail","hentry","product_cat-marioinex","product_cat-zabawki-do-piasku","product_tag-bajka-do-czytania-na-dobranoc","product_tag-co-kupic-na-roczek","product_tag-podchwytliwe-zagadki","product_tag-quizy-dla-dzieci","product_tag-smieszne-zagadki-z-odpowiedziami","product_tag-zagadki-z-odpowiedziami-dla-dzieci"],"_links":{"self":[{"href":"http:\/\/klubmamgdynia.pl\/index.php\/wp-json\/wp\/v2\/product\/2553","targetHints":{"allow":["GET"]}}],"collection":[{"href":"http:\/\/klubmamgdynia.pl\/index.php\/wp-json\/wp\/v2\/product"}],"about":[{"href":"http:\/\/klubmamgdynia.pl\/index.php\/wp-json\/wp\/v2\/types\/product"}],"replies":[{"embeddable":true,"href":"http:\/\/klubmamgdynia.pl\/index.php\/wp-json\/wp\/v2\/comments?post=2553"}],"wp:featuredmedia":[{"embeddable":true,"href":"http:\/\/klubmamgdynia.pl\/index.php\/wp-json\/wp\/v2\/media\/2554"}],"wp:attachment":[{"href":"http:\/\/klubmamgdynia.pl\/index.php\/wp-json\/wp\/v2\/media?parent=2553"}],"wp:term":[{"taxonomy":"product_cat","embeddable":true,"href":"http:\/\/klubmamgdynia.pl\/index.php\/wp-json\/wp\/v2\/product_cat?post=2553"},{"taxonomy":"product_tag","embeddable":true,"href":"http:\/\/klubmamgdynia.pl\/index.php\/wp-json\/wp\/v2\/product_tag?post=2553"}],"curies":[{"name":"wp","href":"https:\/\/api.w.org\/{rel}","templated":true}]}}