{"id":2557,"date":"2018-02-14T10:04:52","date_gmt":"2018-02-14T09:04:52","guid":{"rendered":"http:\/\/klubmamgdynia.pl\/index.php\/produkt\/tm-toys-glitsies-kopciuszek-15cm\/"},"modified":"2026-04-30T11:48:51","modified_gmt":"2026-04-30T09:48:51","slug":"tm-toys-glitsies-kopciuszek-15cm","status":"publish","type":"product","link":"http:\/\/klubmamgdynia.pl\/index.php\/produkt\/tm-toys-glitsies-kopciuszek-15cm\/","title":{"rendered":"Tm Toys Glitsies Kopciuszek 15Cm"},"content":{"rendered":"<p>Wysokiej jako\u015bci zabawka pluszowa z b\u0142yszcz\u0105cymi brokatowymi wstawkami nale\u017c\u0105ca do serii Disney GlitsiesBez ogranicze\u0144 wiekowych.<\/p>\n<h2>Tm Toys Glitsies Kopciuszek 15Cm TM Toys<\/h2>\n<p>jedzie poci\u0105g z daleka tekst, halszka, kolorowanki pokemon, maski do druku<\/p>\n<p>yyyyy<\/p>\n<p>&nbsp;<\/p>\n","protected":false},"excerpt":{"rendered":"<p>Wysokiej jako\u015bci zabawka pluszowa z b\u0142yszcz\u0105cymi brokatowymi wstawkami nale\u017c\u0105ca do serii Disney GlitsiesBez ogranicze\u0144 wiekowych. Tm Toys Glitsies Kopciuszek 15Cm TM Toys jedzie poci\u0105g z daleka tekst, halszka, kolorowanki pokemon, maski do druku yyyyy &nbsp;<\/p>\n","protected":false},"featured_media":2558,"comment_status":"closed","ping_status":"open","template":"","meta":[],"product_cat":[42,145],"product_tag":[848,685,622,867,579,628],"class_list":["post-2557","product","type-product","status-publish","has-post-thumbnail","hentry","product_cat-maskotki","product_cat-tm-toys","product_tag-cytat-o-rodzinie","product_tag-cytaty-o-rodzinie","product_tag-fajne-zagadki","product_tag-kolorowanki-dla-dziewczynek","product_tag-quiz-opowiesci-z-narnii-lew-czarownica-i-stara-szafa","product_tag-zagadka"],"_links":{"self":[{"href":"http:\/\/klubmamgdynia.pl\/index.php\/wp-json\/wp\/v2\/product\/2557","targetHints":{"allow":["GET"]}}],"collection":[{"href":"http:\/\/klubmamgdynia.pl\/index.php\/wp-json\/wp\/v2\/product"}],"about":[{"href":"http:\/\/klubmamgdynia.pl\/index.php\/wp-json\/wp\/v2\/types\/product"}],"replies":[{"embeddable":true,"href":"http:\/\/klubmamgdynia.pl\/index.php\/wp-json\/wp\/v2\/comments?post=2557"}],"wp:featuredmedia":[{"embeddable":true,"href":"http:\/\/klubmamgdynia.pl\/index.php\/wp-json\/wp\/v2\/media\/2558"}],"wp:attachment":[{"href":"http:\/\/klubmamgdynia.pl\/index.php\/wp-json\/wp\/v2\/media?parent=2557"}],"wp:term":[{"taxonomy":"product_cat","embeddable":true,"href":"http:\/\/klubmamgdynia.pl\/index.php\/wp-json\/wp\/v2\/product_cat?post=2557"},{"taxonomy":"product_tag","embeddable":true,"href":"http:\/\/klubmamgdynia.pl\/index.php\/wp-json\/wp\/v2\/product_tag?post=2557"}],"curies":[{"name":"wp","href":"https:\/\/api.w.org\/{rel}","templated":true}]}}