{"id":2559,"date":"2023-10-20T02:36:50","date_gmt":"2023-10-20T00:36:50","guid":{"rendered":"http:\/\/klubmamgdynia.pl\/?post_type=product&#038;p=2559"},"modified":"2026-04-22T15:19:41","modified_gmt":"2026-04-22T13:19:41","slug":"beztroska-poduszka-motylek-polskie-zwierzeta","status":"publish","type":"product","link":"http:\/\/klubmamgdynia.pl\/index.php\/produkt\/beztroska-poduszka-motylek-polskie-zwierzeta\/","title":{"rendered":"Beztroska, Poduszka Motylek Polskie Zwierz\u0119ta"},"content":{"rendered":"<p>Mi\u0119kka, dwustronna podusia do w\u00f3zka i fotelika typu motylek.Z jednej strony wzorzysta bawe\u0142na, z drugiej ultra mi\u0119kki welur bawe\u0142niany.Przepi\u0119kne wzory w najmodniejszych kolorach sezonu, zaprojektowane przez Klaudi\u0119 Mrs Minimalline. Nasz\u0105 inspiracj\u0105 by\u0142y ulubione miejsca w Polsce, rodzima fauna i flora. W ko\u0144cu jak mawiaj\u0105 \u201ecudze chwalicie- swego nie znacie\u201d- postanowi\u0142y\u015bmy przy przybli\u017cy\u0107 Wam nasze ulubione elementy polskiej przyrody, kt\u00f3re przy dzieciach odkrywamy na nowo.Podusia sprzedawana jest w zestawie z patk\u0105 mocuj\u0105c\u0105 do wk\u0142adki lub \u015bpiworka.Patka= zaczep z rzepem do mocowania motylka kompatybilny z wk\u0142adkami i \u015bpiworkami marki Beztroska.Wymiary poduszki:szeroko\u015b\u0107 32 cmwysoko\u015b\u0107 23 cmna \u015brodku podusia jest p\u0142aska, dlatego mo\u017cna j\u0105 u\u017cytkowa\u0107 od pierwszych dni \u017cycia.<\/p>\n<h2>Beztroska, Poduszka Motylek Polskie Zwierz\u0119ta Beztroska<\/h2>\n<p>zaj\u0119cia dla nastolatk\u00f3w, bajki do czytania na dobranoc, ma\u0142y ksi\u0105\u017c\u0119 &#8211; test z odpowiedziami, platformy edukacyjne, z\u0142ote my\u015bli kubu\u015b puchatek cytaty, dyplomy dla dzieci do druku, co kupi\u0107 dziewczynce na roczek, zagadka logiczna, jakie prezenty na roczek, maska misia do druku, madre zyczenia bozonarodzeniowe, bajki do czytania dla 6 latka, kolorowanka do druku lol, dyplomy szablony pdf, kontynenty do druku, quiz narnia lew czarownica i stara szafa, zagadki dla dzieci 5 lat<\/p>\n<p>yyyyy<\/p>\n<p>&nbsp;<\/p>\n","protected":false},"excerpt":{"rendered":"<p>Mi\u0119kka, dwustronna podusia do w\u00f3zka i fotelika typu motylek.Z jednej strony wzorzysta bawe\u0142na, z drugiej ultra mi\u0119kki welur bawe\u0142niany.Przepi\u0119kne wzory w najmodniejszych kolorach sezonu, zaprojektowane przez Klaudi\u0119 Mrs Minimalline. Nasz\u0105 inspiracj\u0105 by\u0142y ulubione miejsca w Polsce, rodzima fauna i flora. W ko\u0144cu jak mawiaj\u0105 \u201ecudze chwalicie- swego nie znacie\u201d- postanowi\u0142y\u015bmy przy przybli\u017cy\u0107 Wam nasze ulubione [&hellip;]<\/p>\n","protected":false},"featured_media":2560,"comment_status":"closed","ping_status":"open","template":"","meta":[],"product_cat":[927,495],"product_tag":[861,652,806,701],"class_list":["post-2559","product","type-product","status-publish","has-post-thumbnail","hentry","product_cat-beztroska","product_cat-koldry-i-poduszki-dla-dzieci","product_tag-jak-narysowac-psa","product_tag-otto","product_tag-prezent-dla-dziecka-na-roczek","product_tag-zgadywanki-dla-dzieci"],"_links":{"self":[{"href":"http:\/\/klubmamgdynia.pl\/index.php\/wp-json\/wp\/v2\/product\/2559","targetHints":{"allow":["GET"]}}],"collection":[{"href":"http:\/\/klubmamgdynia.pl\/index.php\/wp-json\/wp\/v2\/product"}],"about":[{"href":"http:\/\/klubmamgdynia.pl\/index.php\/wp-json\/wp\/v2\/types\/product"}],"replies":[{"embeddable":true,"href":"http:\/\/klubmamgdynia.pl\/index.php\/wp-json\/wp\/v2\/comments?post=2559"}],"wp:featuredmedia":[{"embeddable":true,"href":"http:\/\/klubmamgdynia.pl\/index.php\/wp-json\/wp\/v2\/media\/2560"}],"wp:attachment":[{"href":"http:\/\/klubmamgdynia.pl\/index.php\/wp-json\/wp\/v2\/media?parent=2559"}],"wp:term":[{"taxonomy":"product_cat","embeddable":true,"href":"http:\/\/klubmamgdynia.pl\/index.php\/wp-json\/wp\/v2\/product_cat?post=2559"},{"taxonomy":"product_tag","embeddable":true,"href":"http:\/\/klubmamgdynia.pl\/index.php\/wp-json\/wp\/v2\/product_tag?post=2559"}],"curies":[{"name":"wp","href":"https:\/\/api.w.org\/{rel}","templated":true}]}}