{"id":2561,"date":"2015-10-19T19:25:44","date_gmt":"2015-10-19T17:25:44","guid":{"rendered":"http:\/\/klubmamgdynia.pl\/index.php\/produkt\/whiskas-junior-kurczak-14kg\/"},"modified":"2026-04-03T23:13:31","modified_gmt":"2026-04-03T21:13:31","slug":"whiskas-junior-kurczak-14kg","status":"publish","type":"product","link":"http:\/\/klubmamgdynia.pl\/index.php\/produkt\/whiskas-junior-kurczak-14kg\/","title":{"rendered":"WHISKAS Junior Kurczak 14Kg"},"content":{"rendered":"<p>Pe\u0142noporcjowa karma sucha dla kotaWhiskas Junior (2-12 miesi\u0119cy) z Kurczakiem, 14 kg\u200bWhiskas wie, co Tw\u00f3j ma\u0142y kotek kocha i czego naturalnie potrzebuje. Sucha karma dla koci\u0105t Whiskas (2-12 miesi\u0119cy) to pyszny, pe\u0142noporcjowy pokarm, kt\u00f3ry zawiera wszystkie niezb\u0119dne sk\u0142adniki od\u017cywcze, potrzebne Twojemu kociakowi dla zdrowego rozwoju. Receptura suchej karmy Whiskas Junior zawiera a\u017c 38% mi\u0119sa i produkt\u00f3w pochodzenia zwierz\u0119cego (w tym 4% kurczaka w br\u0105zowych granulkach) i zosta\u0142a specjalnie opracowana, aby dostarczy\u0107 ma\u0142emu kotu wszystko czego najbardziej potrzebuje w pierwszym roku \u017cycia. Podwy\u017cszona zawarto\u015b\u0107 witaminy E i tauryny wspiera naturalny system odporno\u015bciowy, a lekkostrawny kurczak zadba o prawid\u0142owe dzia\u0142anie uk\u0142adu pokarmowego. Zawarto\u015b\u0107 wapnia zapewni Twojemu kotu zdrowy rozw\u00f3j ko\u015bci i z\u0119b\u00f3w, a malutkie granulki b\u0119d\u0105 \u0142atwe do zjedzenia. Ponadto, dzi\u0119ki ulepszonej recepturze, sucha karma dla kot\u00f3w Whiskas Junior zawiera teraz prawie 2 razy wi\u0119cej przepysznych pasztecik\u00f3w z mlekiem, kt\u00f3re Tw\u00f3j kociak doceni i b\u0119dzie m\u00f3g\u0142 \u0142atwo schrupa\u0107. Whiskas Junior pomo\u017ce Twojemu kotkowi wyrosn\u0105\u0107 na zdrowego kota                            <\/p>\n<p>Jak Whiskas Junior (2-12 miesi\u0119cy) z Kurczakiem troszczy si\u0119 o zdrowie Twojego kota                            <\/p>\n<p>Zdrowy rozw\u00f3jPod k\u0105tem\u00a0od\u017cywczym nasza sucha karma zosta\u0142a specjalnie opracowana, by pom\u00f3c Twojemu kotkowi wyrosn\u0105\u0107 na zdrowego kota..                            <\/p>\n<p>Wspiera odporno\u015b\u0107Podwy\u017cszona zawarto\u015b\u0107 witaminy E i tauryny wspiera naturalny system odporno\u015bciowy.                            <\/p>\n<p>LekkostrawnaLekkostrawny kurczak pomaga wspiera\u0107 dzia\u0142anie uk\u0142adu pokarmowego.                            <\/p>\n<p>Zdrowe ko\u015bciWap\u0144 wspiera zdrowy rozw\u00f3j ko\u015bci i z\u0119b\u00f3w.                            <\/p>\n<p>Malutkie granulkiMalutkie granulki, kt\u00f3re z \u0142atwo\u015bci\u0105 zostan\u0105 zjedzone przez Twojego kociaka.                            <\/p>\n<p>Spos\u00f3b karmienia:Zalecana dzienna ilo\u015b\u0107 karmyZalecamy podawa\u0107 zar\u00f3wno such\u0105 karm\u0119 pe\u0142noporcjow\u0105 WHISKAS\u00ae, jak i karm\u0119 WHISKAS\u00ae mokr\u0105.Kot do 3 miesi\u0119cy potrzebuje 55 g karmy suchej lub 1,5 saszetki karmy mokrej i 20 g karmy suchej dziennie, kot od 4-5 miesi\u0119cy potrzebuje 65 g karmy suchej lub 2 saszetek karmy mokrej i 20 g karmy suchej dziennie, kot w wieku 6-12 miesi\u0119cy potrzebuje 70 g karmy suchej lub 2 saszetek karmy mokrej i 30 g karmy suchej dziennie.\u00a0Dla koci\u0105t odstawianych od matki nale\u017cy zwil\u017cy\u0107 such\u0105 karm\u0119 wod\u0105. Od 12. miesi\u0105ca podawaj kotu karm\u0119 przeznaczon\u0105 dla kot\u00f3w doros\u0142ych.\u00a0\u00a0Przy zmianie karmy uwzgl\u0119dnij okres przej\u015bciowy i dostosuj ilo\u015b\u0107 karmy do potrzeb zwierz\u0119cia. Aby uzyska\u0107 dodatkowe informacje odwied\u017a nasz\u0105 stron\u0119 internetow\u0105 www.whiskas.pl\u00a0 lub zadzwo\u0144 pod numer naszej infolinii 0-801 10 63 63. Zapewnij kotu wod\u0119 do picia. Przechowywa\u0107 w zamkni\u0119tym opakowaniu, w suchym i ch\u0142odnym miejscu.Opakowanie trzyma\u0107 z daleka od dzieci i zwierz\u0105t. Niew\u0142a\u015bciwe u\u017cycie grozi uduszeniem.                            <\/p>\n<p>Dowiedz si\u0119 czego potrzebuje Tw\u00f3j kotNie ma nic wspanialszego ni\u017c mruczenie kociego przyjaciela. Aby m\u00f3g\u0142 on mrucze\u0107 jeszcze cz\u0119\u015bciej, trzeba o niego odpowiednio zadba\u0107. Wybieraj\u0105c Whiskas zapewniasz swojemu kotu zbilansowan\u0105, pe\u0142noporcjow\u0105 karm\u0119, przygotowan\u0105 przez specjalist\u00f3w ds. \u017cywienia i lekarzy weterynarii Instytutu WALTHAM. Eksperci ci badaj\u0105 potrzeby \u017cywieniowe zwierz\u0105t od ponad 50 lat, dzi\u0119ki czemu opracowali karm\u0119, kt\u00f3ra jest nie tylko po\u017cywna i zdrowa, ale r\u00f3wnie\u017c zachwyca r\u00f3\u017cnorodno\u015bci\u0105 smak\u00f3w. Whiskas rozumie specyficzne kocie potrzeby, dlatego z r\u00f3wn\u0105 trosk\u0105 dba  o kociaki, koty doros\u0142e i kocich senior\u00f3w, oferuj\u0105c im pokarm dopasowany do wieku                            <\/p>\n<p>Sk\u0142ad:\u00a0Mi\u0119so i produkty pochodzenia zwierz\u0119cego (38%, w tym 4% kurczaka w br\u0105zowych granulkach), zbo\u017ca, oleje i t\u0142uszcze, produkty pochodzenia ro\u015blinnego, ro\u015blinne ekstrakty bia\u0142kowe, substancje mineralne, mleko i produkty mleczne (w tym 0,7% odt\u0142uszczonego mleka w proszku w krokieciku z nadzieniem, co odpowiada 4% odt\u0142uszczonego mleka), warzywa (4% marchewki w pomara\u0144czowych granulkach, 4% groszku w zielonych granulkach).\u00a0Kaloryczno\u015b\u0107: 391 kcal\/100 gDodatki \/ 1 kg:\u00a0Przeciwutleniacze; Barwniki; Dodatki dietetyczne: Witamina A: 5265 IU, Witamina D3: 580 IU, Witamina E: 570 mg, Siarczan miedzi pi\u0119ciowodny: 28,2 mg, Siarczan manganu jednowodny: 27,3 mg, Jodek potasu: 2,3 mg, Selenin sodu: 0,11 mg, Tauryna: 4040 mg, Siarczan cynku jednowodny: 72,8 mg.Sk\u0142adniki analityczne (%): bia\u0142ko: 37; zawarto\u015b\u0107 t\u0142uszczu: 13; materia nieorganiczna: 7; w\u0142\u00f3kno surowe: 1,5; wap\u0144: 1,4; fosfor: 1,1.<\/p>\n<h2>WHISKAS Junior Kurczak 14Kg Whiskas<\/h2>\n<p>felix net i nika oraz gang niewidzialnych ludzi test z odpowiedziami, gabriel imie, mira imi\u0119, rozalia imi\u0119<\/p>\n<p>yyyyy<\/p>\n<p>&nbsp;<\/p>\n","protected":false},"excerpt":{"rendered":"<p>Pe\u0142noporcjowa karma sucha dla kotaWhiskas Junior (2-12 miesi\u0119cy) z Kurczakiem, 14 kg\u200bWhiskas wie, co Tw\u00f3j ma\u0142y kotek kocha i czego naturalnie potrzebuje. Sucha karma dla koci\u0105t Whiskas (2-12 miesi\u0119cy) to pyszny, pe\u0142noporcjowy pokarm, kt\u00f3ry zawiera wszystkie niezb\u0119dne sk\u0142adniki od\u017cywcze, potrzebne Twojemu kociakowi dla zdrowego rozwoju. Receptura suchej karmy Whiskas Junior zawiera a\u017c 38% mi\u0119sa i [&hellip;]<\/p>\n","protected":false},"featured_media":2562,"comment_status":"closed","ping_status":"open","template":"","meta":[],"product_cat":[929,928],"product_tag":[662,862,773,805],"class_list":["post-2561","product","type-product","status-publish","has-post-thumbnail","hentry","product_cat-karmy-dla-kotow","product_cat-whiskas","product_tag-bajki-na-dobranoc","product_tag-nasza-zima-zla-tekst","product_tag-test-z-lektury-opowiesci-z-narnii-lew-czarownica-i-stara-szafa","product_tag-znaczenie-imienia-alan"],"_links":{"self":[{"href":"http:\/\/klubmamgdynia.pl\/index.php\/wp-json\/wp\/v2\/product\/2561","targetHints":{"allow":["GET"]}}],"collection":[{"href":"http:\/\/klubmamgdynia.pl\/index.php\/wp-json\/wp\/v2\/product"}],"about":[{"href":"http:\/\/klubmamgdynia.pl\/index.php\/wp-json\/wp\/v2\/types\/product"}],"replies":[{"embeddable":true,"href":"http:\/\/klubmamgdynia.pl\/index.php\/wp-json\/wp\/v2\/comments?post=2561"}],"wp:featuredmedia":[{"embeddable":true,"href":"http:\/\/klubmamgdynia.pl\/index.php\/wp-json\/wp\/v2\/media\/2562"}],"wp:attachment":[{"href":"http:\/\/klubmamgdynia.pl\/index.php\/wp-json\/wp\/v2\/media?parent=2561"}],"wp:term":[{"taxonomy":"product_cat","embeddable":true,"href":"http:\/\/klubmamgdynia.pl\/index.php\/wp-json\/wp\/v2\/product_cat?post=2561"},{"taxonomy":"product_tag","embeddable":true,"href":"http:\/\/klubmamgdynia.pl\/index.php\/wp-json\/wp\/v2\/product_tag?post=2561"}],"curies":[{"name":"wp","href":"https:\/\/api.w.org\/{rel}","templated":true}]}}