{"id":2565,"date":"2025-10-06T00:31:27","date_gmt":"2025-10-05T22:31:27","guid":{"rendered":"http:\/\/klubmamgdynia.pl\/?post_type=product&#038;p=2565"},"modified":"2026-04-03T20:01:03","modified_gmt":"2026-04-03T18:01:03","slug":"piapimo-przytulanka-doudou-konik-zielony","status":"publish","type":"product","link":"http:\/\/klubmamgdynia.pl\/index.php\/produkt\/piapimo-przytulanka-doudou-konik-zielony\/","title":{"rendered":"Piapimo Przytulanka Doudou Konik Zielony"},"content":{"rendered":"<p>Piapimo Przytulanka Doudou konik zielony<\/p>\n<h2>Piapimo Przytulanka Doudou Konik Zielony <\/h2>\n<p>bajki dla chlopcow, quizy online, podchwytliwe zagadki z odpowiedziami, wroc\u0142aw atrakcje dla dzieci, smieszne zagadki, bajka o miko\u0142aju do czytania, nadia, aforyzmy o dzieciach, jak narysowa\u0107, wzruszajace cytaty o rodzinie, test czerwone krzes\u0142o, dzie\u0144 dziecka dla nastolatk\u00f3w<\/p>\n<p>yyyyy<\/p>\n<p>&nbsp;<\/p>\n","protected":false},"excerpt":{"rendered":"<p>Piapimo Przytulanka Doudou konik zielony Piapimo Przytulanka Doudou Konik Zielony bajki dla chlopcow, quizy online, podchwytliwe zagadki z odpowiedziami, wroc\u0142aw atrakcje dla dzieci, smieszne zagadki, bajka o miko\u0142aju do czytania, nadia, aforyzmy o dzieciach, jak narysowa\u0107, wzruszajace cytaty o rodzinie, test czerwone krzes\u0142o, dzie\u0144 dziecka dla nastolatk\u00f3w yyyyy &nbsp;<\/p>\n","protected":false},"featured_media":2566,"comment_status":"closed","ping_status":"open","template":"","meta":[],"product_cat":[42],"product_tag":[750,617,609],"class_list":["post-2565","product","type-product","status-publish","has-post-thumbnail","hentry","product_cat-maskotki","product_tag-imie-kostek","product_tag-keyword","product_tag-quiz-flagi-europy"],"_links":{"self":[{"href":"http:\/\/klubmamgdynia.pl\/index.php\/wp-json\/wp\/v2\/product\/2565","targetHints":{"allow":["GET"]}}],"collection":[{"href":"http:\/\/klubmamgdynia.pl\/index.php\/wp-json\/wp\/v2\/product"}],"about":[{"href":"http:\/\/klubmamgdynia.pl\/index.php\/wp-json\/wp\/v2\/types\/product"}],"replies":[{"embeddable":true,"href":"http:\/\/klubmamgdynia.pl\/index.php\/wp-json\/wp\/v2\/comments?post=2565"}],"wp:featuredmedia":[{"embeddable":true,"href":"http:\/\/klubmamgdynia.pl\/index.php\/wp-json\/wp\/v2\/media\/2566"}],"wp:attachment":[{"href":"http:\/\/klubmamgdynia.pl\/index.php\/wp-json\/wp\/v2\/media?parent=2565"}],"wp:term":[{"taxonomy":"product_cat","embeddable":true,"href":"http:\/\/klubmamgdynia.pl\/index.php\/wp-json\/wp\/v2\/product_cat?post=2565"},{"taxonomy":"product_tag","embeddable":true,"href":"http:\/\/klubmamgdynia.pl\/index.php\/wp-json\/wp\/v2\/product_tag?post=2565"}],"curies":[{"name":"wp","href":"https:\/\/api.w.org\/{rel}","templated":true}]}}