{"id":2569,"date":"2021-04-05T16:54:14","date_gmt":"2021-04-05T14:54:14","guid":{"rendered":"http:\/\/klubmamgdynia.pl\/index.php\/produkt\/remikon-zabezpieczenie-wc-toalety-muszli-toaletowej\/"},"modified":"2026-04-06T17:58:19","modified_gmt":"2026-04-06T15:58:19","slug":"remikon-zabezpieczenie-wc-toalety-muszli-toaletowej","status":"publish","type":"product","link":"http:\/\/klubmamgdynia.pl\/index.php\/produkt\/remikon-zabezpieczenie-wc-toalety-muszli-toaletowej\/","title":{"rendered":"Remikon Zabezpieczenie Wc, toalety, muszli toaletowej"},"content":{"rendered":"<p>Zabezpieczenie Wc, toalety, muszli toaletowej<\/p>\n<h2>Remikon Zabezpieczenie Wc, toalety, muszli toaletowej <\/h2>\n<p>\u015bwinka peppa do czytania, nauka zegara do druku pdf, jakie prezenty na roczek, cytaty o przyja\u017ani kr\u00f3tkie, \u015bmieszne zagadki dla dzieci, jak narysowa\u0107, kolorowanki pieski, quiz flagi \u015bwiata, sky kolorowanka, \u015bmieszne zagadki dla dzieci, my little pony kolorowanki celestia<\/p>\n<p>yyyyy<\/p>\n<p>&nbsp;<\/p>\n","protected":false},"excerpt":{"rendered":"<p>Zabezpieczenie Wc, toalety, muszli toaletowej Remikon Zabezpieczenie Wc, toalety, muszli toaletowej \u015bwinka peppa do czytania, nauka zegara do druku pdf, jakie prezenty na roczek, cytaty o przyja\u017ani kr\u00f3tkie, \u015bmieszne zagadki dla dzieci, jak narysowa\u0107, kolorowanki pieski, quiz flagi \u015bwiata, sky kolorowanka, \u015bmieszne zagadki dla dzieci, my little pony kolorowanki celestia yyyyy &nbsp;<\/p>\n","protected":false},"featured_media":2570,"comment_status":"closed","ping_status":"open","template":"","meta":[],"product_cat":[899],"product_tag":[702,732,786,653,872,600],"class_list":["post-2569","product","type-product","status-publish","has-post-thumbnail","hentry","product_cat-nianie-elektroniczne-i-monitory-oddechu","product_tag-co-kupic-na-roczek-dla-dziewczynki","product_tag-prezent-dla-rocznego-chlopca","product_tag-prezent-na-1-urodziny","product_tag-warszawa-dla-dzieci","product_tag-zagadki-dla-dzieci-6-lat","product_tag-zaproszenia-na-urodziny-do-druku"],"_links":{"self":[{"href":"http:\/\/klubmamgdynia.pl\/index.php\/wp-json\/wp\/v2\/product\/2569","targetHints":{"allow":["GET"]}}],"collection":[{"href":"http:\/\/klubmamgdynia.pl\/index.php\/wp-json\/wp\/v2\/product"}],"about":[{"href":"http:\/\/klubmamgdynia.pl\/index.php\/wp-json\/wp\/v2\/types\/product"}],"replies":[{"embeddable":true,"href":"http:\/\/klubmamgdynia.pl\/index.php\/wp-json\/wp\/v2\/comments?post=2569"}],"wp:featuredmedia":[{"embeddable":true,"href":"http:\/\/klubmamgdynia.pl\/index.php\/wp-json\/wp\/v2\/media\/2570"}],"wp:attachment":[{"href":"http:\/\/klubmamgdynia.pl\/index.php\/wp-json\/wp\/v2\/media?parent=2569"}],"wp:term":[{"taxonomy":"product_cat","embeddable":true,"href":"http:\/\/klubmamgdynia.pl\/index.php\/wp-json\/wp\/v2\/product_cat?post=2569"},{"taxonomy":"product_tag","embeddable":true,"href":"http:\/\/klubmamgdynia.pl\/index.php\/wp-json\/wp\/v2\/product_tag?post=2569"}],"curies":[{"name":"wp","href":"https:\/\/api.w.org\/{rel}","templated":true}]}}