{"id":2573,"date":"2024-08-07T09:48:00","date_gmt":"2024-08-07T07:48:00","guid":{"rendered":"http:\/\/klubmamgdynia.pl\/?post_type=product&#038;p=2573"},"modified":"2026-04-22T12:28:59","modified_gmt":"2026-04-22T10:28:59","slug":"bosch-s5-silver-63ah-610a-s50-05","status":"publish","type":"product","link":"http:\/\/klubmamgdynia.pl\/index.php\/produkt\/bosch-s5-silver-63ah-610a-s50-05\/","title":{"rendered":"BOSCH S5 SILVER 63AH 610A S50 05"},"content":{"rendered":"<p>AKUMULATOR BOSCH S5 63AH 610A S5005<\/p>\n<p>Informacje o produkcie:Model: Bosch S50 05Pojemno\u015b\u0107: 63Ah Pr\u0105d rozruchowy: 610A<br \/>\nBiegunowo\u015b\u0107: Prawy +<br \/>\nWymiary (d\u0142 x szer x wys): 242X175X190                            <\/p>\n<p>             Technologia Power Frame w akumulatorach Bosch Silver S5<\/p>\n<p>Akumulator Bosch S5 jest przeznaczony zw\u0142aszcza do pojazd\u00f3w nowszej generacji, z silnikami Diesla lub z bogatym wyposa\u017ceniem, poniewa\u017c spe\u0142nia, a nawet przewy\u017csza wysokie wymagania, jakie producenci stawiaj\u0105 wyposa\u017ceniu fabrycznemu.Technologia Power Frame i du\u017ca rezerwa mocy znacznie wyd\u0142u\u017caj\u0105 \u017cywotno\u015b\u0107 akumulatora.<\/p>\n<p>20% d\u0142u\u017cszy okres u\u017cytkowania ni\u017c akumulatora tradycyjnego<br \/>\nodporno\u015b\u0107 na bardzo niskie temperatury<br \/>\nodporno\u015b\u0107 na cz\u0119ste cykle \u0142adowania i roz\u0142adowania<br \/>\nca\u0142kowita bezobs\u0142ugowo\u015b\u0107 &#8211; akumulator wystarczy zamontowa\u0107 i mo\u017cna o nim zapomnie\u0107<br \/>\nwyeliminowanie kontaktu u\u017cytkownika z elektrolitem &#8211; bezpiecze\u0144stwo u\u017cytkowania                            <\/p>\n<p>            WY\u0141\u0104CZNIE ORYGINALNY AKUMULATOR<\/p>\n<p>100% oryginalny produkt<br \/>\nWsparcie po zakupowe<br \/>\nOryginaln\u0105 kart\u0119 gwarancyjn\u0105 Bosch<\/p>\n<h2>BOSCH S5 SILVER 63AH 610A S50 05 Bosch<\/h2>\n<p>co na roczek, uk\u0142ad s\u0142oneczny do druku, podchwytliwe zagadki, zagadki matematyczne dla dzieci 7 lat, zagadki dla 5 latka, wroc\u0142aw dla dzieci, nietypowe imiona damskie<\/p>\n<p>yyyyy<\/p>\n<p>&nbsp;<\/p>\n","protected":false},"excerpt":{"rendered":"<p>AKUMULATOR BOSCH S5 63AH 610A S5005 Informacje o produkcie:Model: Bosch S50 05Pojemno\u015b\u0107: 63Ah Pr\u0105d rozruchowy: 610A Biegunowo\u015b\u0107: Prawy + Wymiary (d\u0142 x szer x wys): 242X175X190 Technologia Power Frame w akumulatorach Bosch Silver S5 Akumulator Bosch S5 jest przeznaczony zw\u0142aszcza do pojazd\u00f3w nowszej generacji, z silnikami Diesla lub z bogatym wyposa\u017ceniem, poniewa\u017c spe\u0142nia, a nawet [&hellip;]<\/p>\n","protected":false},"featured_media":2574,"comment_status":"closed","ping_status":"open","template":"","meta":[],"product_cat":[564,932],"product_tag":[658,734,823],"class_list":["post-2573","product","type-product","status-publish","has-post-thumbnail","hentry","product_cat-akumulatory","product_cat-bosch","product_tag-alan-znaczenie-imienia","product_tag-milan-imie","product_tag-zagadki-dla-dzieci-7-lat"],"_links":{"self":[{"href":"http:\/\/klubmamgdynia.pl\/index.php\/wp-json\/wp\/v2\/product\/2573","targetHints":{"allow":["GET"]}}],"collection":[{"href":"http:\/\/klubmamgdynia.pl\/index.php\/wp-json\/wp\/v2\/product"}],"about":[{"href":"http:\/\/klubmamgdynia.pl\/index.php\/wp-json\/wp\/v2\/types\/product"}],"replies":[{"embeddable":true,"href":"http:\/\/klubmamgdynia.pl\/index.php\/wp-json\/wp\/v2\/comments?post=2573"}],"wp:featuredmedia":[{"embeddable":true,"href":"http:\/\/klubmamgdynia.pl\/index.php\/wp-json\/wp\/v2\/media\/2574"}],"wp:attachment":[{"href":"http:\/\/klubmamgdynia.pl\/index.php\/wp-json\/wp\/v2\/media?parent=2573"}],"wp:term":[{"taxonomy":"product_cat","embeddable":true,"href":"http:\/\/klubmamgdynia.pl\/index.php\/wp-json\/wp\/v2\/product_cat?post=2573"},{"taxonomy":"product_tag","embeddable":true,"href":"http:\/\/klubmamgdynia.pl\/index.php\/wp-json\/wp\/v2\/product_tag?post=2573"}],"curies":[{"name":"wp","href":"https:\/\/api.w.org\/{rel}","templated":true}]}}