{"id":2575,"date":"2023-12-16T14:46:09","date_gmt":"2023-12-16T13:46:09","guid":{"rendered":"http:\/\/klubmamgdynia.pl\/?post_type=product&#038;p=2575"},"modified":"2026-04-22T11:22:07","modified_gmt":"2026-04-22T09:22:07","slug":"threadbear-design-lalka-przytulanka-bella-biala","status":"publish","type":"product","link":"http:\/\/klubmamgdynia.pl\/index.php\/produkt\/threadbear-design-lalka-przytulanka-bella-biala\/","title":{"rendered":"Threadbear Design Lalka Przytulanka Bella Bia\u0142a"},"content":{"rendered":"<p>Lalka przytulanka Bella ThreadBear DesignPierwsza zabawka, przytulanka dla dziecka!Pi\u0119kna przytulanka o imieniu Bella jest wykonana z delikatnej prz\u0119dzy bawe\u0142nianej. Bella mo\u017ce towarzyszy\u0107 Twojemu dziecku ju\u017c od jego narodzin. Urocza, mi\u0119ciutka przytulanka ma r\u00f3\u017cow\u0105 sukienk\u0119 i czapeczk\u0119 z bia\u0142ymi pomponami. Idealna do tulenia i zabawy.Zapakowana w ozdobne pude\u0142ko &#8211; idealne na prezent! Kolorowe, mi\u0142e w dotyku postaci z kolekcji pierwszych przytulanek od ThreadBear Design rozwijaj\u0105 kreatywno\u015b\u0107 i wyobra\u017anie dziecka. To r\u00f3wnie\u017c idealne towarzyszki usypiania, d\u0142ugich spacer\u00f3w i weso\u0142ych zabaw.Wiek: 0 +Materia\u0142: prz\u0119dza bawe\u0142nianaWymiary zabawki: 28 cm (wysoko\u015b\u0107)Wymiary opakowania: 14 x 7 x 24 cmKod producenta: TB4036EAN: 5060588640383Brytyjska marka ThreadBear Design to najwy\u017cszej jako\u015bci produkty dla dzieci, charakteryzuj\u0105ce si\u0119 oryginalnym stylem i wzornictwem. W asortymencie marki ThreadBear Design znajdziecie mi\u0119ciutkie lalki, materia\u0142owe ksi\u0105\u017ceczki i tkane przytulanki dla maluszk\u00f3w (ju\u017c od urodzenia) oraz pi\u0119kne fartuszki i akcesoria tekstylne. Marka ThreadBear Design przywi\u0105zuje du\u017c\u0105 wag\u0119 do bezpiecze\u0144stwa swoich produkt\u00f3w; wszystkie materia\u0142y u\u017cyte przy produkcji oraz sam proces produkcji spe\u0142niaj\u0105 wymagane normy bezpiecze\u0144stwa i wysokie standardy etyczne.<\/p>\n<h2>Threadbear Design Lalka Przytulanka Bella Bia\u0142a Threadbear Design<\/h2>\n<p>co kupi\u0107 nastolatce na \u015bwi\u0119ta, psi patrol kolorowanka, podchwytliwe zagadki dla doros\u0142ych, atrakcje dla dzieci trojmiasto, pranki na prima aprilis dla rodzic\u00f3w, dyplomy szablony pdf, p\u0142onie ognisko w lesie, cyferki do druku, wiersz o g\u00f3rniku, jak zrobi\u0107 wulkan, karmen imie, cicha noc po angielsku tekst, zagadki dla dzieci 14 lat, malgorzata imi\u0119, lektura asiunia &#8211; test, kuku\u0142eczka kuka tekst, kolorowe kredki tekst<\/p>\n<p>yyyyy<\/p>\n<p>&nbsp;<\/p>\n","protected":false},"excerpt":{"rendered":"<p>Lalka przytulanka Bella ThreadBear DesignPierwsza zabawka, przytulanka dla dziecka!Pi\u0119kna przytulanka o imieniu Bella jest wykonana z delikatnej prz\u0119dzy bawe\u0142nianej. Bella mo\u017ce towarzyszy\u0107 Twojemu dziecku ju\u017c od jego narodzin. Urocza, mi\u0119ciutka przytulanka ma r\u00f3\u017cow\u0105 sukienk\u0119 i czapeczk\u0119 z bia\u0142ymi pomponami. Idealna do tulenia i zabawy.Zapakowana w ozdobne pude\u0142ko &#8211; idealne na prezent! Kolorowe, mi\u0142e w dotyku [&hellip;]<\/p>\n","protected":false},"featured_media":2576,"comment_status":"closed","ping_status":"open","template":"","meta":[],"product_cat":[42,933],"product_tag":[776,850,721],"class_list":["post-2575","product","type-product","status-publish","has-post-thumbnail","hentry","product_cat-maskotki","product_cat-threadbear-design","product_tag-dobrej-nocy","product_tag-wroclaw-atrakcje-dla-dzieci","product_tag-zagadki-matematyczne"],"_links":{"self":[{"href":"http:\/\/klubmamgdynia.pl\/index.php\/wp-json\/wp\/v2\/product\/2575","targetHints":{"allow":["GET"]}}],"collection":[{"href":"http:\/\/klubmamgdynia.pl\/index.php\/wp-json\/wp\/v2\/product"}],"about":[{"href":"http:\/\/klubmamgdynia.pl\/index.php\/wp-json\/wp\/v2\/types\/product"}],"replies":[{"embeddable":true,"href":"http:\/\/klubmamgdynia.pl\/index.php\/wp-json\/wp\/v2\/comments?post=2575"}],"wp:featuredmedia":[{"embeddable":true,"href":"http:\/\/klubmamgdynia.pl\/index.php\/wp-json\/wp\/v2\/media\/2576"}],"wp:attachment":[{"href":"http:\/\/klubmamgdynia.pl\/index.php\/wp-json\/wp\/v2\/media?parent=2575"}],"wp:term":[{"taxonomy":"product_cat","embeddable":true,"href":"http:\/\/klubmamgdynia.pl\/index.php\/wp-json\/wp\/v2\/product_cat?post=2575"},{"taxonomy":"product_tag","embeddable":true,"href":"http:\/\/klubmamgdynia.pl\/index.php\/wp-json\/wp\/v2\/product_tag?post=2575"}],"curies":[{"name":"wp","href":"https:\/\/api.w.org\/{rel}","templated":true}]}}