{"id":2577,"date":"2016-07-28T07:28:48","date_gmt":"2016-07-28T05:28:48","guid":{"rendered":"http:\/\/klubmamgdynia.pl\/index.php\/produkt\/cybex-platinum-cybex-priam-4-0-cherub-wings-by-jeremy-scott-gleboko-spacerowy-fotelik-cloud-z2-baza-z2\/"},"modified":"2026-04-05T23:58:37","modified_gmt":"2026-04-05T21:58:37","slug":"cybex-platinum-cybex-priam-4-0-cherub-wings-by-jeremy-scott-gleboko-spacerowy-fotelik-cloud-z2-baza-z2","status":"publish","type":"product","link":"http:\/\/klubmamgdynia.pl\/index.php\/produkt\/cybex-platinum-cybex-priam-4-0-cherub-wings-by-jeremy-scott-gleboko-spacerowy-fotelik-cloud-z2-baza-z2\/","title":{"rendered":"Cybex Platinum Cybex Priam 4.0 Cherub Wings By Jeremy Scott G\u0142\u0119boko Spacerowy + Fotelik Cloud Z2 + Baza Z2"},"content":{"rendered":"<h2>Cybex Platinum Cybex Priam 4.0 Cherub Wings By Jeremy Scott G\u0142\u0119boko Spacerowy + Fotelik Cloud Z2 + Baza Z2 Cybex Platinum<\/h2>\n<p>proste zagadki, prezent dla dziecka 1 rok, pierniki na bo\u017ce narodzenie, o mamie, pytania logiczne, co kupi\u0107 na roczek, test z lektury opowie\u015bci z narni lew czarownica i stara szafa, menu na urodziny dziecka, znaczenie imienia milan, cicha noc po angielsku, zagadki \u015bmieszne<\/p>\n<p>yyyyy<\/p>\n<p>&nbsp;<\/p>\n","protected":false},"excerpt":{"rendered":"<p>Cybex Platinum Cybex Priam 4.0 Cherub Wings By Jeremy Scott G\u0142\u0119boko Spacerowy + Fotelik Cloud Z2 + Baza Z2 Cybex Platinum proste zagadki, prezent dla dziecka 1 rok, pierniki na bo\u017ce narodzenie, o mamie, pytania logiczne, co kupi\u0107 na roczek, test z lektury opowie\u015bci z narni lew czarownica i stara szafa, menu na urodziny dziecka, [&hellip;]<\/p>\n","protected":false},"featured_media":2578,"comment_status":"closed","ping_status":"open","template":"","meta":[],"product_cat":[114,110],"product_tag":[668,852,703,595,710,788],"class_list":["post-2577","product","type-product","status-publish","has-post-thumbnail","hentry","product_cat-cybex-platinum","product_cat-wozki-wielofunkcyjne","product_tag-atrakcje-dla-dzieci-wroclaw","product_tag-jak-zrobic-samolot-z-papieru","product_tag-prezent-dla-nastolatki","product_tag-zagadki-dla-6-latka","product_tag-zagadki-dla-dzieci-10-12-lat","product_tag-zagadki-krotkie"],"_links":{"self":[{"href":"http:\/\/klubmamgdynia.pl\/index.php\/wp-json\/wp\/v2\/product\/2577","targetHints":{"allow":["GET"]}}],"collection":[{"href":"http:\/\/klubmamgdynia.pl\/index.php\/wp-json\/wp\/v2\/product"}],"about":[{"href":"http:\/\/klubmamgdynia.pl\/index.php\/wp-json\/wp\/v2\/types\/product"}],"replies":[{"embeddable":true,"href":"http:\/\/klubmamgdynia.pl\/index.php\/wp-json\/wp\/v2\/comments?post=2577"}],"wp:featuredmedia":[{"embeddable":true,"href":"http:\/\/klubmamgdynia.pl\/index.php\/wp-json\/wp\/v2\/media\/2578"}],"wp:attachment":[{"href":"http:\/\/klubmamgdynia.pl\/index.php\/wp-json\/wp\/v2\/media?parent=2577"}],"wp:term":[{"taxonomy":"product_cat","embeddable":true,"href":"http:\/\/klubmamgdynia.pl\/index.php\/wp-json\/wp\/v2\/product_cat?post=2577"},{"taxonomy":"product_tag","embeddable":true,"href":"http:\/\/klubmamgdynia.pl\/index.php\/wp-json\/wp\/v2\/product_tag?post=2577"}],"curies":[{"name":"wp","href":"https:\/\/api.w.org\/{rel}","templated":true}]}}