{"id":2579,"date":"2023-02-17T06:23:23","date_gmt":"2023-02-17T05:23:23","guid":{"rendered":"http:\/\/klubmamgdynia.pl\/?post_type=product&#038;p=2579"},"modified":"2026-04-06T04:53:51","modified_gmt":"2026-04-06T02:53:51","slug":"sluban-klocki-town-helikopter-stacja-ratunkowa-107","status":"publish","type":"product","link":"http:\/\/klubmamgdynia.pl\/index.php\/produkt\/sluban-klocki-town-helikopter-stacja-ratunkowa-107\/","title":{"rendered":"Sluban Klocki Town Helikopter Stacja Ratunkowa 107"},"content":{"rendered":"<p>Klocki SLUBAN helikopter stacja ratunkowa 107 el.Zastanawiasz si\u0119, jak\u0105 zabawk\u0119 edukacyjn\u0105 wybra\u0107 dla swojego dziecka, aby wspom\u00f3c jego rozw\u00f3j i by mu si\u0119 szybko nie znudzi\u0142a? Wybierz klocki!R\u00f3\u017cnokszta\u0142tne elementy otwieraj\u0105 przed dzieckiem, niczym nie ograniczony \u015bwiat wyobra\u017ani i u\u0142atwiaj\u0105 swobodn\u0105 ekspresj\u0119. Ucz\u0105 cierpliwo\u015bci i wytrwa\u0142o\u015bci. \u0106wicz\u0105 motoryk\u0119 i kreatywno\u015b\u0107. Daj\u0105 poczucie przestrzeni i tr\u00f3jwymiarowo\u015bci. Z zestawu mo\u017cna zbudowa\u0107 wywrotk\u0119 lub mini stacj\u0119 diagnostyczn\u0105.Zestaw zawiera:- 107 element\u00f3w &#8211; 2 ludziki &#8211; kolorowe naklejki &#8211; kolorowa instrukcja monta\u017cuWymiary opakowania:- 19 x 14,5 x 5 cmKlocki s\u0105 kompatybilne z innymi klockami popularnych marek: LEGO, COGO.52966<\/p>\n<h2>Sluban Klocki Town Helikopter Stacja Ratunkowa 107 Sluban<\/h2>\n<p>prezent dla dziewczynki na roczek, sybilla, test z pana kleksa, zagadki dla dzieci 4-5 lat online, \u015bwinka peppa do czytania, cytat o dziecku, fajne \u017carty na prima aprilis, maski do wydruku, rozrywka dla dzieci, basen warszawa, kolorowanki do druku konie, bajka o biedronce, ciekawe zagadki i odpowiedzi, testy katarynka, imi\u0119 mia, karty pracy dla uczni\u00f3w z ukrainy, julian znaczenie imienia, wzruszaj\u0105ce s\u0142owa dla przyjaciela<\/p>\n<p>yyyyy<\/p>\n<p>&nbsp;<\/p>\n","protected":false},"excerpt":{"rendered":"<p>Klocki SLUBAN helikopter stacja ratunkowa 107 el.Zastanawiasz si\u0119, jak\u0105 zabawk\u0119 edukacyjn\u0105 wybra\u0107 dla swojego dziecka, aby wspom\u00f3c jego rozw\u00f3j i by mu si\u0119 szybko nie znudzi\u0142a? Wybierz klocki!R\u00f3\u017cnokszta\u0142tne elementy otwieraj\u0105 przed dzieckiem, niczym nie ograniczony \u015bwiat wyobra\u017ani i u\u0142atwiaj\u0105 swobodn\u0105 ekspresj\u0119. Ucz\u0105 cierpliwo\u015bci i wytrwa\u0142o\u015bci. \u0106wicz\u0105 motoryk\u0119 i kreatywno\u015b\u0107. Daj\u0105 poczucie przestrzeni i tr\u00f3jwymiarowo\u015bci. Z [&hellip;]<\/p>\n","protected":false},"featured_media":2580,"comment_status":"closed","ping_status":"open","template":"","meta":[],"product_cat":[113,513],"product_tag":[719,656,582],"class_list":["post-2579","product","type-product","status-publish","has-post-thumbnail","hentry","product_cat-klocki","product_cat-sluban","product_tag-dziecko-cytaty-zlote-mysli","product_tag-kolorowanki-lol","product_tag-nauka-pisania-literek-do-wydruku-pdf"],"_links":{"self":[{"href":"http:\/\/klubmamgdynia.pl\/index.php\/wp-json\/wp\/v2\/product\/2579","targetHints":{"allow":["GET"]}}],"collection":[{"href":"http:\/\/klubmamgdynia.pl\/index.php\/wp-json\/wp\/v2\/product"}],"about":[{"href":"http:\/\/klubmamgdynia.pl\/index.php\/wp-json\/wp\/v2\/types\/product"}],"replies":[{"embeddable":true,"href":"http:\/\/klubmamgdynia.pl\/index.php\/wp-json\/wp\/v2\/comments?post=2579"}],"wp:featuredmedia":[{"embeddable":true,"href":"http:\/\/klubmamgdynia.pl\/index.php\/wp-json\/wp\/v2\/media\/2580"}],"wp:attachment":[{"href":"http:\/\/klubmamgdynia.pl\/index.php\/wp-json\/wp\/v2\/media?parent=2579"}],"wp:term":[{"taxonomy":"product_cat","embeddable":true,"href":"http:\/\/klubmamgdynia.pl\/index.php\/wp-json\/wp\/v2\/product_cat?post=2579"},{"taxonomy":"product_tag","embeddable":true,"href":"http:\/\/klubmamgdynia.pl\/index.php\/wp-json\/wp\/v2\/product_tag?post=2579"}],"curies":[{"name":"wp","href":"https:\/\/api.w.org\/{rel}","templated":true}]}}