{"id":2581,"date":"2016-05-20T05:16:40","date_gmt":"2016-05-20T03:16:40","guid":{"rendered":"http:\/\/klubmamgdynia.pl\/index.php\/produkt\/lena-maki-w-wazonie-40-x-50cm-6459-no1006459\/"},"modified":"2026-04-23T23:59:02","modified_gmt":"2026-04-23T21:59:02","slug":"lena-maki-w-wazonie-40-x-50cm-6459-no1006459","status":"publish","type":"product","link":"http:\/\/klubmamgdynia.pl\/index.php\/produkt\/lena-maki-w-wazonie-40-x-50cm-6459-no1006459\/","title":{"rendered":"Lena Maki W Wazonie 40 X 50Cm 6459 (NO1006459)"},"content":{"rendered":"<p>SUPER CENA &#8211; TANIA DOSTAWA ! &#8211; norimpex Malowanie po numerach Maki w wazonie 40 x 50cm 6459 &#8211; PACZKOMAT, POCZTA, KURIER<\/p>\n<h2>Lena Maki W Wazonie 40 X 50Cm 6459 (NO1006459) Lena<\/h2>\n<p>jakie prezenty na roczek, tajemniczy ogr\u00f3d test z lektury, prezent dla 7 latka, jak narysowa\u0107 sanie miko\u0142aja, bajki dla dziewczynek, testy z lektury opowie\u015bci z narni lew czarownica i stara szafa, imi\u0119 natan, zagadki matematyczne, gry dla nastolatk\u00f3w, prezenty dla nastolatek, ko\u0142ysanki dla dzieci tekst, opis rodzina, gabriela, zagadki<\/p>\n<p>yyyyy<\/p>\n<p>&nbsp;<\/p>\n","protected":false},"excerpt":{"rendered":"<p>SUPER CENA &#8211; TANIA DOSTAWA ! &#8211; norimpex Malowanie po numerach Maki w wazonie 40 x 50cm 6459 &#8211; PACZKOMAT, POCZTA, KURIER Lena Maki W Wazonie 40 X 50Cm 6459 (NO1006459) Lena jakie prezenty na roczek, tajemniczy ogr\u00f3d test z lektury, prezent dla 7 latka, jak narysowa\u0107 sanie miko\u0142aja, bajki dla dziewczynek, testy z lektury [&hellip;]<\/p>\n","protected":false},"featured_media":2582,"comment_status":"closed","ping_status":"open","template":"","meta":[],"product_cat":[531,934],"product_tag":[863,649,849],"class_list":["post-2581","product","type-product","status-publish","has-post-thumbnail","hentry","product_cat-lena","product_cat-malowanie-po-numerach","product_tag-bajki-dla-dziewczynek","product_tag-zagadki-dla-nastolatkow","product_tag-zagadki-matematyczne-dla-dzieci"],"_links":{"self":[{"href":"http:\/\/klubmamgdynia.pl\/index.php\/wp-json\/wp\/v2\/product\/2581","targetHints":{"allow":["GET"]}}],"collection":[{"href":"http:\/\/klubmamgdynia.pl\/index.php\/wp-json\/wp\/v2\/product"}],"about":[{"href":"http:\/\/klubmamgdynia.pl\/index.php\/wp-json\/wp\/v2\/types\/product"}],"replies":[{"embeddable":true,"href":"http:\/\/klubmamgdynia.pl\/index.php\/wp-json\/wp\/v2\/comments?post=2581"}],"wp:featuredmedia":[{"embeddable":true,"href":"http:\/\/klubmamgdynia.pl\/index.php\/wp-json\/wp\/v2\/media\/2582"}],"wp:attachment":[{"href":"http:\/\/klubmamgdynia.pl\/index.php\/wp-json\/wp\/v2\/media?parent=2581"}],"wp:term":[{"taxonomy":"product_cat","embeddable":true,"href":"http:\/\/klubmamgdynia.pl\/index.php\/wp-json\/wp\/v2\/product_cat?post=2581"},{"taxonomy":"product_tag","embeddable":true,"href":"http:\/\/klubmamgdynia.pl\/index.php\/wp-json\/wp\/v2\/product_tag?post=2581"}],"curies":[{"name":"wp","href":"https:\/\/api.w.org\/{rel}","templated":true}]}}