{"id":2583,"date":"2023-03-31T02:30:31","date_gmt":"2023-03-31T00:30:31","guid":{"rendered":"http:\/\/klubmamgdynia.pl\/?post_type=product&#038;p=2583"},"modified":"2026-04-09T00:16:52","modified_gmt":"2026-04-08T22:16:52","slug":"muuvo-quick-3-0-black-chrome-azure-blue-gleboko-spacerowy","status":"publish","type":"product","link":"http:\/\/klubmamgdynia.pl\/index.php\/produkt\/muuvo-quick-3-0-black-chrome-azure-blue-gleboko-spacerowy\/","title":{"rendered":"Muuvo Quick 3.0 Black Chrome Azure Blue G\u0142\u0119boko Spacerowy"},"content":{"rendered":"<p>Muuvo Quick 3.0 Black Chrom 2w1 to przyk\u0142ad lekkiego i kompaktowego w\u00f3zka, jednocze\u015bnie oferuj\u0105cego mn\u00f3stwo funkcjonalno\u015bci, jakich oczekuje si\u0119 od standardowego w\u00f3zka g\u0142\u0119boko-spacerowego. Chromowana rama niew\u0105tpliwie dodaje elegancji i blasku. Wersja 2w1 sk\u0142ada si\u0119 z gondoli Standard lub XL oraz siedziska spacerowego, kt\u00f3ry mo\u017cna w \u0142atwy spos\u00f3b dopasowa\u0107 do potrzeb dziecka. Stela\u017c wyposa\u017cony jest w 4 amortyzowane ko\u0142a, ca\u0142kowicie odporne na przebicia, dzi\u0119ki czemu spacer w\u00f3zkiem jest komfortowy i bezawaryjny r\u00f3wnie\u017c w trudniejszych warunkach. Ten model jest wygodny dla dziecka, ale te\u017c przyjemny w u\u017cytkowaniu dla rodzica.Czym r\u00f3\u017cni si\u0119 Muuvo Quick 3.0 Black Chrom od poprzedniej wersji?- nowa kolorystyka, zupe\u0142nie nowa tkanina, oraz grubsza i przyjemniejsza w dotyku wy\u015bci\u00f3\u0142ka wn\u0119trza gondoli,- nowoczesny system wentylacji gondoli: panoramiczne okienka z siatki w przedniej i tylnej cz\u0119\u015bci oraz panel wentylacyjny w budce,- uchwyt do przenoszenia gondoli znajduje si\u0119 tylko w wersji Standard,- powi\u0119kszany, \u0142atwiej dost\u0119pny, cz\u0119\u015bciowo zamykany na suwak kosz zakupowy z odblaskami,- ko\u0142a przednie zmniejszono o 2,5 cm, dzi\u0119ki czemu nie blokuj\u0105 si\u0119 wzajemnie podczas jazdy w\u00f3zkiem ty\u0142-prz\u00f3d,- ulepszona, automatyczna blokada k\u00f3\u0142 przednich do jazdy prosto, blokuj\u0105ca si\u0119 w ka\u017cdej pozycji,- podn\u00f3\u017cek spacer\u00f3wki chowa si\u0119 nieco g\u0142\u0119biej pod siedzisko, co jest wygodniejsze dla starszych dzieci,- nowa, wi\u0119ksza torba z kieszonkami termo oraz ulepszony pokrowiec na n\u00f3\u017cki.RODZAJE GONDOLI:Muuvo Quick 3.0 Black Chrom oferuje dwa rodzaje gondoli:Standard z uchwytem do przenoszenia, lub troszk\u0119 wi\u0119ksz\u0105: XL.STELA\u017b I GONDOLA:- lekki, aluminiowy stela\u017c w czarnym kolorze,- bezd\u0119tkowe, \u017celowe ko\u0142a odporne na przebicia,- amortyzacja na wszystkie ko\u0142a (prz\u00f3d i ty\u0142),- przednie ko\u0142a obrotowe z opcj\u0105 blokady,- przyjazny dla obuwia hamulec no\u017cny,- teleskopowo wysuwana r\u0105czka pokryta czarn\u0105 ekosk\u00f3r\u0105,- cz\u0119\u015bciowo zapinany na zamek, powi\u0119kszany kosz zakupowy,- odblaski na koszu zwi\u0119kszaj\u0105ce widoczno\u015b\u0107 po zmroku,- dwa rodzaje gondoli do wyboru (Standard i XL),- uchwyt do przenoszenia gondoli Standard,- w obu gondolach du\u017ca, poszerzana budka z panelem wentylacyjnym i daszkiem przeciws\u0142onecznym,- mo\u017cliwo\u015b\u0107 z\u0142o\u017cenia obu wersji gondoli na p\u0142asko do transportu,- nowoczesny system wentylacji w gondoli Standard i XL,- przytulna wy\u015bci\u00f3\u0142ka we wn\u0119trzach obu gondoli,- przykrycia na gondole z wiatro\u0142apem zapinane na zamek.SIEDZISKO SPACEROWE:- siedzisko montowane ty\u0142\/ prz\u00f3d,- regulowane kilkustopniowo oparcie za pomoc\u0105 wygodnego uchwytu,- komfortowa pozycja do spania na p\u0142asko,- regulowany podn\u00f3\u017cek, \u0142atwy w utrzymaniu w czysto\u015bci,- 5-punktowe pasy bezpiecze\u0144stwa z mi\u0119kkimi nak\u0142adkami,- wypinany pa\u0142\u0105k pokryty ekosk\u00f3r\u0105,- du\u017ca, dodatkowo poszerzana budka,- odpinany panel wentylacyjny w budce,- wywijany daszek przeciws\u0142oneczny,- tkaniny z filtrem 50+ UPV,- okrycie na n\u00f3\u017cki, kt\u00f3re w po\u0142\u0105czeniu z wk\u0142adk\u0105 tworzy \u015bpiworek.Wyposa\u017cenie zestawu:- przestronna gondola (Standard lub XL),- siedzisko spacerowe z wk\u0142adk\u0105,- uniwersalna folia przeciwdeszczowa,- dwie moskitiery,- pokrowiec na n\u00f3\u017cki\/\u015bpiw\u00f3r,- torba na akcesoria,- pasek do przenoszenia,- odpinana barierka ochronna,- pojemny kosz zakupowy.WYMIARY \/ WAGA:- wymiary po z\u0142o\u017ceniu (d\u0142.\/ szer.\/ wys.): 59\/58\/33 cm,- waga stela\u017ca z ko\u0142ami: 7,25 kg,- wymiary gondoli Standard (d\u0142.\/ szer.\/ wys.): 84\/33\/62 cm,- wymiary materacyka gondoli Standard: 77 cm,- waga gondoli Standard: 4,5 kg,- wymiary gondoli XL (d\u0142.\/ szer.\/ wys.): 87\/34\/60 cm,- wymiary materacyka gondoli XL: 79 cm,- waga gondoli XL: 3,4 kg,- wymiary roz\u0142o\u017conej spacer\u00f3wki (d\u0142.\/ szer.\/ wys.): 89-98\/58\/96-105 cm,- waga spacer\u00f3wki: 10,65 kg.<\/p>\n<h2>Muuvo Quick 3.0 Black Chrome Azure Blue G\u0142\u0119boko Spacerowy Muuvo<\/h2>\n<p>tekst ko\u0142ysanki, warszawa atrakcje dla dzieci, melania znaczenie imienia, kolorowanki dla dziewczyn, ozdoby na choinke przedszkole, jak zrobi\u0107 laurk\u0119 dla babci, sentencje o rodzinie, zagadki dla dzieci 10 12 lat z odpowiedziami<\/p>\n<p>yyyyy<\/p>\n<p>&nbsp;<\/p>\n","protected":false},"excerpt":{"rendered":"<p>Muuvo Quick 3.0 Black Chrom 2w1 to przyk\u0142ad lekkiego i kompaktowego w\u00f3zka, jednocze\u015bnie oferuj\u0105cego mn\u00f3stwo funkcjonalno\u015bci, jakich oczekuje si\u0119 od standardowego w\u00f3zka g\u0142\u0119boko-spacerowego. Chromowana rama niew\u0105tpliwie dodaje elegancji i blasku. Wersja 2w1 sk\u0142ada si\u0119 z gondoli Standard lub XL oraz siedziska spacerowego, kt\u00f3ry mo\u017cna w \u0142atwy spos\u00f3b dopasowa\u0107 do potrzeb dziecka. Stela\u017c wyposa\u017cony jest w [&hellip;]<\/p>\n","protected":false},"featured_media":2584,"comment_status":"closed","ping_status":"open","template":"","meta":[],"product_cat":[485,110],"product_tag":[845,611,707,576],"class_list":["post-2583","product","type-product","status-publish","has-post-thumbnail","hentry","product_cat-muuvo","product_cat-wozki-wielofunkcyjne","product_tag-ach-spij-kochanie-tekst","product_tag-bajki-do-czytania-psi-patrol","product_tag-karty-pracy-dla-dzieci-z-ukrainy","product_tag-trudne-zagadki"],"_links":{"self":[{"href":"http:\/\/klubmamgdynia.pl\/index.php\/wp-json\/wp\/v2\/product\/2583","targetHints":{"allow":["GET"]}}],"collection":[{"href":"http:\/\/klubmamgdynia.pl\/index.php\/wp-json\/wp\/v2\/product"}],"about":[{"href":"http:\/\/klubmamgdynia.pl\/index.php\/wp-json\/wp\/v2\/types\/product"}],"replies":[{"embeddable":true,"href":"http:\/\/klubmamgdynia.pl\/index.php\/wp-json\/wp\/v2\/comments?post=2583"}],"wp:featuredmedia":[{"embeddable":true,"href":"http:\/\/klubmamgdynia.pl\/index.php\/wp-json\/wp\/v2\/media\/2584"}],"wp:attachment":[{"href":"http:\/\/klubmamgdynia.pl\/index.php\/wp-json\/wp\/v2\/media?parent=2583"}],"wp:term":[{"taxonomy":"product_cat","embeddable":true,"href":"http:\/\/klubmamgdynia.pl\/index.php\/wp-json\/wp\/v2\/product_cat?post=2583"},{"taxonomy":"product_tag","embeddable":true,"href":"http:\/\/klubmamgdynia.pl\/index.php\/wp-json\/wp\/v2\/product_tag?post=2583"}],"curies":[{"name":"wp","href":"https:\/\/api.w.org\/{rel}","templated":true}]}}