{"id":2587,"date":"2014-04-01T12:04:39","date_gmt":"2014-04-01T10:04:39","guid":{"rendered":"http:\/\/klubmamgdynia.pl\/index.php\/produkt\/wilberry-przytulanka-lniana-materialowa-dla-dziewczynki\/"},"modified":"2026-04-07T17:37:17","modified_gmt":"2026-04-07T15:37:17","slug":"wilberry-przytulanka-lniana-materialowa-dla-dziewczynki","status":"publish","type":"product","link":"http:\/\/klubmamgdynia.pl\/index.php\/produkt\/wilberry-przytulanka-lniana-materialowa-dla-dziewczynki\/","title":{"rendered":"Wilberry Przytulanka Lniana Materia\u0142owa Dla Dziewczynki"},"content":{"rendered":"<p>Przytulanka Lniana Panna S\u0142onik WilberryWiek: 12m+Symbol: WB004240S\u0142oniki przynosz\u0105 szcz\u0119\u015bcie i ka\u017cdy o tym wie. Ten s\u0142onik przynosi szcz\u0119\u015bcie p\u0142yn\u0105ce z zabawy i wsp\u00f3lnie sp\u0119dzonego czasu! Ta lniana maskotka stanie si\u0119 wiernym towarzyszem zabaw i ka\u017cdego wieczoru b\u0119dzie s\u0142ucha\u0142 bajek wraz z Twoim Maluchem.Dlaczego len: Lniane masotki to wspania\u0142y prezent ze wzgl\u0119du na ich szlachetny materia\u0142. Len posiada w\u0142a\u015bciwo\u015bci antyalergiczne. Nie elektryzuje si\u0119, jest mocny i posiada wysok\u0105 odporno\u015b\u0107 na przetarcia czy rozci\u0105gni\u0119cia. Wykazuje nawet dzia\u0142anie antybakteryjne! Lniane przytulanki s\u0105 bezpieczne, a do tego pi\u0119kne.Maskotki to:Ciekawy spos\u00f3b na sp\u0119dzanie czasuPobudzanie kreatywno\u015bci i wyobra\u017aniMo\u017cliwo\u015b\u0107 w interesuj\u0105cy spos\u00f3b przedstawiania bajek Zabawka idealna do zabawy w teatrzykWysoka jako\u015b\u0107 wykonaniaOdpowiedni dla dzieci powy\u017cej 12 miesi\u0105ca \u017cycia.Wysoko\u015b\u0107: 32 cmPrzed podaniem zabawki dziecku nale\u017cy usun\u0105\u0107 wszystkie etykiety, haczyki i opakowania.Produkt spe\u0142nia normy EN71 i przepisy dotycz\u0105ce bezpiecze\u0144stwa zabawek. Posiada certyfikat CE oraz znak The Lion Mark czyli symbol oznaczaj\u0105cy bezpiecze\u0144stwo i jako\u015b\u0107.Kolory przedmiot\u00f3w na zdj\u0119ciach mog\u0105 nieznacznie r\u00f3\u017cni\u0107 si\u0119 od tych w rzeczywisto\u015bci w zale\u017cno\u015bci od ustawie\u0144 monitora.<\/p>\n<h2>Wilberry Przytulanka Lniana Materia\u0142owa Dla Dziewczynki <\/h2>\n<p>prezent dla dziecka na roczek, papierowe ozdoby \u015bwi\u0105teczne, testy z lektury zemsta, jakie s\u0105 dary jesieni, madre zyczenia bozonarodzeniowe, jak si\u0119 rysuje psa, test ze znak\u00f3w drogowych, testy z lektury zemsta, dzie\u0144 pluszowego misia 2021, zagadki trudne, pia, zgadywanki dla dzieci, planety uk\u0142ad s\u0142oneczny dla dzieci do druku, prezent dla 17 latki, estera<\/p>\n<p>yyyyy<\/p>\n<p>&nbsp;<\/p>\n","protected":false},"excerpt":{"rendered":"<p>Przytulanka Lniana Panna S\u0142onik WilberryWiek: 12m+Symbol: WB004240S\u0142oniki przynosz\u0105 szcz\u0119\u015bcie i ka\u017cdy o tym wie. Ten s\u0142onik przynosi szcz\u0119\u015bcie p\u0142yn\u0105ce z zabawy i wsp\u00f3lnie sp\u0119dzonego czasu! Ta lniana maskotka stanie si\u0119 wiernym towarzyszem zabaw i ka\u017cdego wieczoru b\u0119dzie s\u0142ucha\u0142 bajek wraz z Twoim Maluchem.Dlaczego len: Lniane masotki to wspania\u0142y prezent ze wzgl\u0119du na ich szlachetny materia\u0142. [&hellip;]<\/p>\n","protected":false},"featured_media":2588,"comment_status":"closed","ping_status":"open","template":"","meta":[],"product_cat":[42],"product_tag":[817,630,724],"class_list":["post-2587","product","type-product","status-publish","has-post-thumbnail","hentry","product_cat-maskotki","product_tag-bajka-terapeutyczna-o-emocjach","product_tag-podchwytliwe-zagadki-z-odpowiedziami","product_tag-zagadki-podchwytliwe"],"_links":{"self":[{"href":"http:\/\/klubmamgdynia.pl\/index.php\/wp-json\/wp\/v2\/product\/2587","targetHints":{"allow":["GET"]}}],"collection":[{"href":"http:\/\/klubmamgdynia.pl\/index.php\/wp-json\/wp\/v2\/product"}],"about":[{"href":"http:\/\/klubmamgdynia.pl\/index.php\/wp-json\/wp\/v2\/types\/product"}],"replies":[{"embeddable":true,"href":"http:\/\/klubmamgdynia.pl\/index.php\/wp-json\/wp\/v2\/comments?post=2587"}],"wp:featuredmedia":[{"embeddable":true,"href":"http:\/\/klubmamgdynia.pl\/index.php\/wp-json\/wp\/v2\/media\/2588"}],"wp:attachment":[{"href":"http:\/\/klubmamgdynia.pl\/index.php\/wp-json\/wp\/v2\/media?parent=2587"}],"wp:term":[{"taxonomy":"product_cat","embeddable":true,"href":"http:\/\/klubmamgdynia.pl\/index.php\/wp-json\/wp\/v2\/product_cat?post=2587"},{"taxonomy":"product_tag","embeddable":true,"href":"http:\/\/klubmamgdynia.pl\/index.php\/wp-json\/wp\/v2\/product_tag?post=2587"}],"curies":[{"name":"wp","href":"https:\/\/api.w.org\/{rel}","templated":true}]}}