{"id":2589,"date":"2023-02-10T23:27:50","date_gmt":"2023-02-10T22:27:50","guid":{"rendered":"http:\/\/klubmamgdynia.pl\/?post_type=product&#038;p=2589"},"modified":"2026-04-20T11:07:25","modified_gmt":"2026-04-20T09:07:25","slug":"royal-canin-veterinary-diet-hypoallergenic-dr25-45kg","status":"publish","type":"product","link":"http:\/\/klubmamgdynia.pl\/index.php\/produkt\/royal-canin-veterinary-diet-hypoallergenic-dr25-45kg\/","title":{"rendered":"Royal Canin Veterinary Diet Hypoallergenic Dr25 4,5Kg"},"content":{"rendered":"<p>Royal Canin &#8211; gwarancja najwy\u017cszej smakowito\u015bci                            <\/p>\n<p>Dlaczego karma Royal Canin b\u0119dzie<br \/>\nodpowiednia dla Twojego zwierz\u0119cia?<\/p>\n<p>Bo potrzeb jest wiele,<br \/>\na Royal Canin odpowiada<br \/>\nna wszystkie.                            <\/p>\n<p>                                Zobacz szczeg\u00f3\u0142y Gwarancji Najwy\u017cszej Smakowito\u015bci<\/p>\n<h2>Royal Canin Veterinary Diet Hypoallergenic Dr25 4,5Kg Royal Canin<\/h2>\n<p>sentencje o przyja\u017ani, kiedy dzieci zbieraja cukierki na halloween, po \u0142\u0105ce biega lato tekst, prezenty dla 16 latki, warszawa dzieci, darmowe kolorowanki kolorowanki dla dziewczynek, cytaty o dziecku i mamie, kolorowanka spiderman, teksty o rodzinie, ekskluzywny prezent na roczek, znaczenie imienia milosz, kolorowanki do druku super zings, co kupi\u0107 nastolatkowi, kawa\u0142 na prima aprilis, co na roczek dla dziewczynki<\/p>\n<p>yyyyy<\/p>\n<p>&nbsp;<\/p>\n","protected":false},"excerpt":{"rendered":"<p>Royal Canin &#8211; gwarancja najwy\u017cszej smakowito\u015bci Dlaczego karma Royal Canin b\u0119dzie odpowiednia dla Twojego zwierz\u0119cia? Bo potrzeb jest wiele, a Royal Canin odpowiada na wszystkie. Zobacz szczeg\u00f3\u0142y Gwarancji Najwy\u017cszej Smakowito\u015bci Royal Canin Veterinary Diet Hypoallergenic Dr25 4,5Kg Royal Canin sentencje o przyja\u017ani, kiedy dzieci zbieraja cukierki na halloween, po \u0142\u0105ce biega lato tekst, prezenty dla [&hellip;]<\/p>\n","protected":false},"featured_media":2590,"comment_status":"closed","ping_status":"open","template":"","meta":[],"product_cat":[929,936],"product_tag":[648,814,835,635,577],"class_list":["post-2589","product","type-product","status-publish","has-post-thumbnail","hentry","product_cat-karmy-dla-kotow","product_cat-royal-canin","product_tag-dobrej-nocy-i-sza","product_tag-prezenty-dla-nastolatek","product_tag-radosc-dziecka-cytaty","product_tag-znaki-drogowe-do-druku","product_tag-znaki-drogowe-test"],"_links":{"self":[{"href":"http:\/\/klubmamgdynia.pl\/index.php\/wp-json\/wp\/v2\/product\/2589","targetHints":{"allow":["GET"]}}],"collection":[{"href":"http:\/\/klubmamgdynia.pl\/index.php\/wp-json\/wp\/v2\/product"}],"about":[{"href":"http:\/\/klubmamgdynia.pl\/index.php\/wp-json\/wp\/v2\/types\/product"}],"replies":[{"embeddable":true,"href":"http:\/\/klubmamgdynia.pl\/index.php\/wp-json\/wp\/v2\/comments?post=2589"}],"wp:featuredmedia":[{"embeddable":true,"href":"http:\/\/klubmamgdynia.pl\/index.php\/wp-json\/wp\/v2\/media\/2590"}],"wp:attachment":[{"href":"http:\/\/klubmamgdynia.pl\/index.php\/wp-json\/wp\/v2\/media?parent=2589"}],"wp:term":[{"taxonomy":"product_cat","embeddable":true,"href":"http:\/\/klubmamgdynia.pl\/index.php\/wp-json\/wp\/v2\/product_cat?post=2589"},{"taxonomy":"product_tag","embeddable":true,"href":"http:\/\/klubmamgdynia.pl\/index.php\/wp-json\/wp\/v2\/product_tag?post=2589"}],"curies":[{"name":"wp","href":"https:\/\/api.w.org\/{rel}","templated":true}]}}