{"id":259,"date":"2016-10-01T02:09:06","date_gmt":"2016-10-01T00:09:06","guid":{"rendered":"http:\/\/klubmamgdynia.pl\/index.php\/produkt\/oops-drewniane-marakasy-mis\/"},"modified":"2026-04-23T20:32:00","modified_gmt":"2026-04-23T18:32:00","slug":"oops-drewniane-marakasy-mis","status":"publish","type":"product","link":"http:\/\/klubmamgdynia.pl\/index.php\/produkt\/oops-drewniane-marakasy-mis\/","title":{"rendered":"Oops Drewniane Marakasy Mi\u015b"},"content":{"rendered":"<p>Oops Drewniane Marakasy Mi\u015b 6m+Numer kat. OP1300340PPierwszy instrument dziecka to mo\u017cliwo\u015b\u0107 odkrywania \u015bwiata muzyki oraz swoich talent\u00f3w. Kolorowe marakasy z motywem uroczych zwierz\u0105tek zach\u0119c\u0105 Twoje dziecko do rozwijania nowych umiej\u0119tno\u015bci.Marakasy wzmacniaj\u0105 g\u00f3rne partie cia\u0142a oraz zmys\u0142 s\u0142uchu. Dzi\u0119ki kr\u00f3tkim trzonkom s\u0105 \u0142atwe do chwytania. Instrumenty zosta\u0142y wykonane z wysokiej jako\u015bci drewna. Ca\u0142o\u015b\u0107 spakowana jest w tekturowe ekologiczne opakowanie, kt\u00f3re sprawdzi si\u0119 jako prezent. Marakasy dla dziecka dostarcz\u0105 wiele godzin kreatywnej zabawy ka\u017cdemu maluchowi!Wiek: od 12 miesi\u0119cyCechy:- pierwszy instrument dziecka,- kreatywna zabawka,- rozw\u00f3j motoryki oraz s\u0142uchu dziecka,- wzmocnienie g\u00f3rnych partii cia\u0142a,- zabawka ekologiczna,- idealna na prezent.Wymiary produktu:- \u015brednica 5cm- d\u0142ugo\u015b\u0107 15.5cmOops to szwajcarska marka produkuj\u0105ca niezwykle praktyczne i pi\u0119kne akcesoria podr\u00f3\u017cne oraz zabawki dla dzieci w ka\u017cdym wieku. Gromadka weso\u0142ych zwierz\u0105tek ze \u015bwiata lasu i miasta dodaje uroku produktom i zapewnia dzieciom poczucie bezpiecze\u0144stwa.<\/p>\n<h2>Oops Drewniane Marakasy Mi\u015b Oops<\/h2>\n<p>miastodzieci, maski zwierz\u0105t szablony do druku, gotowe zaproszenia na urodziny do wydrukowania, andrea, prank na prima aprilis, kr\u00f3tkie zagadki, podchwytliwe zagadki i odpowiedzi, na wyspach bergamutach tekst, wielkanocne zagadki, cyferki do druku, maska kota, pies kolorowanka, kolorowanka dla dzieci, filmy disneya, zagadki dla 5 latka, otto, fajne zagadki dla dzieci, \u015bwinka peppa kolorowanka do druku, gra planszowa dla nastolatk\u00f3w, zak\u0142adka do ksi\u0105\u017cki szablon do druku<\/p>\n<p>yyyyy<\/p>\n<p>&nbsp;<\/p>\n","protected":false},"excerpt":{"rendered":"<p>Oops Drewniane Marakasy Mi\u015b 6m+Numer kat. OP1300340PPierwszy instrument dziecka to mo\u017cliwo\u015b\u0107 odkrywania \u015bwiata muzyki oraz swoich talent\u00f3w. Kolorowe marakasy z motywem uroczych zwierz\u0105tek zach\u0119c\u0105 Twoje dziecko do rozwijania nowych umiej\u0119tno\u015bci.Marakasy wzmacniaj\u0105 g\u00f3rne partie cia\u0142a oraz zmys\u0142 s\u0142uchu. Dzi\u0119ki kr\u00f3tkim trzonkom s\u0105 \u0142atwe do chwytania. Instrumenty zosta\u0142y wykonane z wysokiej jako\u015bci drewna. Ca\u0142o\u015b\u0107 spakowana jest w [&hellip;]<\/p>\n","protected":false},"featured_media":260,"comment_status":"closed","ping_status":"open","template":"","meta":[],"product_cat":[98,99],"product_tag":[777,598,602],"class_list":["post-259","product","type-product","status-publish","has-post-thumbnail","hentry","product_cat-oops","product_cat-zabawki-ekologiczne","product_tag-co-na-roczek","product_tag-co-na-roczek-dla-dziewczynki","product_tag-quiz-o-zwierzetach-domowych"],"_links":{"self":[{"href":"http:\/\/klubmamgdynia.pl\/index.php\/wp-json\/wp\/v2\/product\/259","targetHints":{"allow":["GET"]}}],"collection":[{"href":"http:\/\/klubmamgdynia.pl\/index.php\/wp-json\/wp\/v2\/product"}],"about":[{"href":"http:\/\/klubmamgdynia.pl\/index.php\/wp-json\/wp\/v2\/types\/product"}],"replies":[{"embeddable":true,"href":"http:\/\/klubmamgdynia.pl\/index.php\/wp-json\/wp\/v2\/comments?post=259"}],"wp:featuredmedia":[{"embeddable":true,"href":"http:\/\/klubmamgdynia.pl\/index.php\/wp-json\/wp\/v2\/media\/260"}],"wp:attachment":[{"href":"http:\/\/klubmamgdynia.pl\/index.php\/wp-json\/wp\/v2\/media?parent=259"}],"wp:term":[{"taxonomy":"product_cat","embeddable":true,"href":"http:\/\/klubmamgdynia.pl\/index.php\/wp-json\/wp\/v2\/product_cat?post=259"},{"taxonomy":"product_tag","embeddable":true,"href":"http:\/\/klubmamgdynia.pl\/index.php\/wp-json\/wp\/v2\/product_tag?post=259"}],"curies":[{"name":"wp","href":"https:\/\/api.w.org\/{rel}","templated":true}]}}