{"id":2591,"date":"2013-10-13T22:58:15","date_gmt":"2013-10-13T20:58:15","guid":{"rendered":"http:\/\/klubmamgdynia.pl\/index.php\/produkt\/fotelik-samochodowy-avionaut-pixel-pro-base-iq-isofix-lekki-0-13-kg-z-baza-black\/"},"modified":"2026-04-04T01:06:10","modified_gmt":"2026-04-03T23:06:10","slug":"fotelik-samochodowy-avionaut-pixel-pro-base-iq-isofix-lekki-0-13-kg-z-baza-black","status":"publish","type":"product","link":"http:\/\/klubmamgdynia.pl\/index.php\/produkt\/fotelik-samochodowy-avionaut-pixel-pro-base-iq-isofix-lekki-0-13-kg-z-baza-black\/","title":{"rendered":"Fotelik samochodowy Avionaut Pixel Pro + Base Iq Isofix Lekki 0-13 Kg Z Baz\u0105 Black"},"content":{"rendered":"<h2>Fotelik samochodowy Avionaut Pixel Pro + Base Iq Isofix Lekki 0-13 Kg Z Baz\u0105 Black <\/h2>\n<p>cytat o rodzinie, kartka walentynkow\u0105 przedszkole, \u017c\u0105rty na prima aprilis, maska dinozaura, kornelia, zagadki dla dzieci 7 lat o zwierz\u0119tach, julian znaczenie imienia<\/p>\n<p>yyyyy<\/p>\n<p>&nbsp;<\/p>\n","protected":false},"excerpt":{"rendered":"<p>Fotelik samochodowy Avionaut Pixel Pro + Base Iq Isofix Lekki 0-13 Kg Z Baz\u0105 Black cytat o rodzinie, kartka walentynkow\u0105 przedszkole, \u017c\u0105rty na prima aprilis, maska dinozaura, kornelia, zagadki dla dzieci 7 lat o zwierz\u0119tach, julian znaczenie imienia yyyyy &nbsp;<\/p>\n","protected":false},"featured_media":2592,"comment_status":"closed","ping_status":"open","template":"","meta":[],"product_cat":[32],"product_tag":[837,593,862,742],"class_list":["post-2591","product","type-product","status-publish","has-post-thumbnail","hentry","product_cat-foteliki-samochodowe","product_tag-cicha-noc-po-angielsku","product_tag-jak-narysowac-konia","product_tag-nasza-zima-zla-tekst","product_tag-piosenki-dla-dzieci-tekst"],"_links":{"self":[{"href":"http:\/\/klubmamgdynia.pl\/index.php\/wp-json\/wp\/v2\/product\/2591","targetHints":{"allow":["GET"]}}],"collection":[{"href":"http:\/\/klubmamgdynia.pl\/index.php\/wp-json\/wp\/v2\/product"}],"about":[{"href":"http:\/\/klubmamgdynia.pl\/index.php\/wp-json\/wp\/v2\/types\/product"}],"replies":[{"embeddable":true,"href":"http:\/\/klubmamgdynia.pl\/index.php\/wp-json\/wp\/v2\/comments?post=2591"}],"wp:featuredmedia":[{"embeddable":true,"href":"http:\/\/klubmamgdynia.pl\/index.php\/wp-json\/wp\/v2\/media\/2592"}],"wp:attachment":[{"href":"http:\/\/klubmamgdynia.pl\/index.php\/wp-json\/wp\/v2\/media?parent=2591"}],"wp:term":[{"taxonomy":"product_cat","embeddable":true,"href":"http:\/\/klubmamgdynia.pl\/index.php\/wp-json\/wp\/v2\/product_cat?post=2591"},{"taxonomy":"product_tag","embeddable":true,"href":"http:\/\/klubmamgdynia.pl\/index.php\/wp-json\/wp\/v2\/product_tag?post=2591"}],"curies":[{"name":"wp","href":"https:\/\/api.w.org\/{rel}","templated":true}]}}