{"id":2593,"date":"2025-09-22T13:36:11","date_gmt":"2025-09-22T11:36:11","guid":{"rendered":"http:\/\/klubmamgdynia.pl\/?post_type=product&#038;p=2593"},"modified":"2026-05-17T22:16:48","modified_gmt":"2026-05-17T20:16:48","slug":"dormeo-maskotka-emotion-mini-owl-happy-birthday","status":"publish","type":"product","link":"http:\/\/klubmamgdynia.pl\/index.php\/produkt\/dormeo-maskotka-emotion-mini-owl-happy-birthday\/","title":{"rendered":"Dormeo Maskotka Emotion Mini Owl Happy Birthday"},"content":{"rendered":"<p>\u015awi\u0119tuj urodziny i ciesz si\u0119 ka\u017cdym dniem z dwiema maskotkami z kolekcji Emotion Mini Owl. Pan Balonik i Pani Babeczka to urocze sowy o wysoko\u015bci 16 cm, wykonane z wysokiej jako\u015bci higienicznych i hipoalergicznych materia\u0142\u00f3w. Maskotki s\u0105 tak sympatyczne, \u017ce szybko stan\u0105 si\u0119 przyjaci\u00f3\u0142mi Twojego dziecka. Zabawka wyposa\u017cona jest w przycisk \u2013 wystarczy go nacisn\u0105\u0107, by us\u0142ysze\u0107 urodzinow\u0105 piosenk\u0119!<\/p>\n<h2>Dormeo Maskotka Emotion Mini Owl Happy Birthday <\/h2>\n<p>koty kolorowanka, jacek, jazda konna dla dzieci, basen dla dzieci warszawa, kolorowanki \u015bwi\u0119to niepodleg\u0142o\u015bci do druku, kotek kolorowanka do druku, jak narysowa\u0107 oko, mandala kolorowanka, kolorowanka my little pony, zabawy z 7 latkiem, atrakcje dla nastolatk\u00f3w warszawa, prezent dla 7 latka, roza imie, zagadka logiczna dla dzieci, cytaty o przyja\u017ani ma\u0142y ksi\u0105\u017c\u0119<\/p>\n<p>yyyyy<\/p>\n<p>&nbsp;<\/p>\n","protected":false},"excerpt":{"rendered":"<p>\u015awi\u0119tuj urodziny i ciesz si\u0119 ka\u017cdym dniem z dwiema maskotkami z kolekcji Emotion Mini Owl. Pan Balonik i Pani Babeczka to urocze sowy o wysoko\u015bci 16 cm, wykonane z wysokiej jako\u015bci higienicznych i hipoalergicznych materia\u0142\u00f3w. Maskotki s\u0105 tak sympatyczne, \u017ce szybko stan\u0105 si\u0119 przyjaci\u00f3\u0142mi Twojego dziecka. Zabawka wyposa\u017cona jest w przycisk \u2013 wystarczy go nacisn\u0105\u0107, [&hellip;]<\/p>\n","protected":false},"featured_media":2594,"comment_status":"closed","ping_status":"open","template":"","meta":[],"product_cat":[42],"product_tag":[671,781,808,806],"class_list":["post-2593","product","type-product","status-publish","has-post-thumbnail","hentry","product_cat-maskotki","product_tag-cicha-noc-po-angielsku-tekst","product_tag-cytaty-o-wychowaniu-dzieci","product_tag-imie-mia","product_tag-prezent-dla-dziecka-na-roczek"],"_links":{"self":[{"href":"http:\/\/klubmamgdynia.pl\/index.php\/wp-json\/wp\/v2\/product\/2593","targetHints":{"allow":["GET"]}}],"collection":[{"href":"http:\/\/klubmamgdynia.pl\/index.php\/wp-json\/wp\/v2\/product"}],"about":[{"href":"http:\/\/klubmamgdynia.pl\/index.php\/wp-json\/wp\/v2\/types\/product"}],"replies":[{"embeddable":true,"href":"http:\/\/klubmamgdynia.pl\/index.php\/wp-json\/wp\/v2\/comments?post=2593"}],"wp:featuredmedia":[{"embeddable":true,"href":"http:\/\/klubmamgdynia.pl\/index.php\/wp-json\/wp\/v2\/media\/2594"}],"wp:attachment":[{"href":"http:\/\/klubmamgdynia.pl\/index.php\/wp-json\/wp\/v2\/media?parent=2593"}],"wp:term":[{"taxonomy":"product_cat","embeddable":true,"href":"http:\/\/klubmamgdynia.pl\/index.php\/wp-json\/wp\/v2\/product_cat?post=2593"},{"taxonomy":"product_tag","embeddable":true,"href":"http:\/\/klubmamgdynia.pl\/index.php\/wp-json\/wp\/v2\/product_tag?post=2593"}],"curies":[{"name":"wp","href":"https:\/\/api.w.org\/{rel}","templated":true}]}}