{"id":2595,"date":"2017-11-16T10:27:45","date_gmt":"2017-11-16T09:27:45","guid":{"rendered":"http:\/\/klubmamgdynia.pl\/index.php\/produkt\/blackdecker-adv1200\/"},"modified":"2026-04-23T22:14:13","modified_gmt":"2026-04-23T20:14:13","slug":"blackdecker-adv1200","status":"publish","type":"product","link":"http:\/\/klubmamgdynia.pl\/index.php\/produkt\/blackdecker-adv1200\/","title":{"rendered":"Black&amp;Decker ADV1200"},"content":{"rendered":"<p>ADV1200-XJOdkurzacz samochodowy 12V Dustbuster                            <\/p>\n<p>W\u0141A\u015aCIWO\u015aCI                            <\/p>\n<p>r\u0119czny odkurzacz, zasilany z samochodowego gniazda zapalniczki 12 V do czyszczenia wn\u0119trza samochodu;5-metrowy przew\u00f3d pozwala na \u0142atwy dost\u0119p do wszystkich przestrzeni samochodu w\u0142\u0105cznie z baga\u017cnikiem;d\u0142uga ko\u0144c\u00f3wka z szerokim wej\u015bciem dla \u0142atwego zbierania wi\u0119kszych drobin                            <\/p>\n<p>elastyczna rura i ko\u0144c\u00f3wka szczotkowa dla wygodnego czyszczenia szczeg\u00f3lnie w miejscach trudno dost\u0119pnych;d\u0142uga ko\u0144c\u00f3wka szczelinowa do czyszczenia ciasnych przestrzeni, np. pomi\u0119dzy siedzeniami;Funkcja Cyclonic odseparowuje kurz i drobiny od filtra i utrzymuje optymaln\u0105 si\u0142\u0119 ssania;                            <\/p>\n<p>podw\u00f3jna filtracja dla zachowania wysokich parametr\u00f3w odkurzania;przycisk zwolnienia mocowania zbiornika pozwala na jego szybkie od\u0142\u0105czenie dla \u0142atwego opr\u00f3\u017cnieniapraktyczny uchwyt w podstawce dla wygodnego zwini\u0119cia i przechowywania przewodu;                            <\/p>\n<p>ZASTOSOWANIE                            <\/p>\n<p>czyszczenie chodnik\u00f3w, siedze\u0144 i baga\u017cnika pojazd\u00f3w samochodowych                            <\/p>\n<p>ZAWIERA                            <\/p>\n<p>worek z siatki do przechowywaniaelastyczny w\u0105\u017cko\u0144c\u00f3wka szczotkowako\u0144c\u00f3wka szczelinowa                            <\/p>\n<p>instrukcja i karta gwarancyjnaopakowanie &#8211; oryginalny karton                            <\/p>\n<p>WSPARCIE                            <\/p>\n<p>2 LATA GWARANCJIJeste\u015bmy pewni jako\u015bci naszych produkt\u00f3w i naprawimy bez op\u0142at wszelkie usterki wynikaj\u0105ce z wadliwych materia\u0142\u00f3w lub wykonania w ramach okre\u015blonej gwarancji.                            <\/p>\n<p>SERWISPodejmujemy szeroko zakrojone dzia\u0142ania, aby zapewni\u0107, \u017ce wszystkie nasze produkty s\u0105 wykonane zgodnie z najwy\u017cszymi standardami i spe\u0142niaj\u0105 wszystkie odpowiednie przepisy.                            <\/p>\n<p>POZNAJ CA\u0141\u0104 GAM\u0118 ODKURZACZY R\u0118CZNYCH BLACK+DECKER:                            <\/p>\n<p>            Black&amp;Decker WDA320J-QW<\/p>\n<p>                        od<br \/>\n                            239,00<br \/>\n                            z\u0142<\/p>\n<p>                    Zobacz<\/p>\n<p>            Black&amp;Decker WDA315J-QW<\/p>\n<p>                        od<br \/>\n                            238,00<br \/>\n                            z\u0142<\/p>\n<p>                    Zobacz<\/p>\n<p>            Black&amp;Decker PV1825N<\/p>\n<p>                        ostatnia cena<br \/>\n                            404,00<br \/>\n                            z\u0142<\/p>\n<p>                    Zobacz<\/p>\n<p>            Black&amp;Decker PV1420L-QW<\/p>\n<p>                        od<br \/>\n                            317,48<br \/>\n                            z\u0142<\/p>\n<p>                    Zobacz<\/p>\n<p>            Black&amp;Decker Odkurzacz domowy akumulatorowy Wet &amp; Dry (WDC215WA-QW)<\/p>\n<p>                        od<br \/>\n                            141,38<br \/>\n                            z\u0142<\/p>\n<p>                    Zobacz<\/p>\n<p>            Black&amp;Decker Odkurzacz domowy akumulatorowy Wet &amp; Dry (WDC115WA-QW)<\/p>\n<p>                        od<br \/>\n                            320,10<br \/>\n                            z\u0142<\/p>\n<p>                    Zobacz<\/p>\n<p>            Black&amp;Decker Odkurzacz domowy akumulatorowy Flexi (PD1820L-QW)<\/p>\n<p>                        od<br \/>\n                            378,98<br \/>\n                            z\u0142<\/p>\n<p>                    Zobacz<\/p>\n<p>            Black&amp;Decker Odkurzacz domowy akumulatorowy Flexi (PD1820LF-QW)<\/p>\n<p>                        od<br \/>\n                            479,00<br \/>\n                            z\u0142<\/p>\n<p>                    Zobacz<\/p>\n<p>            Black&amp;Decker Odkurzacz domowy akumulatorowy Flexi (PD1420LP-QW)<\/p>\n<p>                        od<br \/>\n                            482,00<br \/>\n                            z\u0142<\/p>\n<p>                    Zobacz<\/p>\n<p>            Black&amp;Decker Odkurzacz domowy akumulatorowy Flexi (PD1020L-QW)<\/p>\n<p>                        od<br \/>\n                            337,89<br \/>\n                            z\u0142<\/p>\n<p>                    Zobacz<\/p>\n<p>            Black&amp;Decker Dustbuster Smart Tech (DVJ325BFS-QW)<\/p>\n<p>                        od<br \/>\n                            518,00<br \/>\n                            z\u0142<\/p>\n<p>                    Zobacz<\/p>\n<p>            Black&amp;Decker Odkurzacz domowy akumulatorowy Dustbuster Smart Tech (DVJ325BF-QW)<\/p>\n<p>                        od<br \/>\n                            354,24<br \/>\n                            z\u0142<\/p>\n<p>                    Zobacz<\/p>\n<p>            Black&amp;Decker Odkurzacz domowy akumulatorowy Dustbuster (DVJ325J-QW)<\/p>\n<p>                        od<br \/>\n                            324,00<br \/>\n                            z\u0142<\/p>\n<p>                    Zobacz<\/p>\n<p>            Black&amp;Decker Odkurzacz domowy akumulatorowy Dustbuster (DVJ215J-QW)<\/p>\n<p>                        od<br \/>\n                            254,13<br \/>\n                            z\u0142<\/p>\n<p>                    Zobacz<\/p>\n<p>            Black&amp;Decker Odkurzacz domowy akumulatorowy (NVC215WA-QW)<\/p>\n<p>                        od<br \/>\n                            144,26<br \/>\n                            z\u0142<\/p>\n<p>                    Zobacz<\/p>\n<p>            Black&amp;Decker Odkurzacz akumulatorowy samochodowy (NVB12AV-XJ)<\/p>\n<p>                        od<br \/>\n                            71,39<br \/>\n                            z\u0142<\/p>\n<p>                    Zobacz<\/p>\n<p>            Black&amp;Decker Odkurzacz akumulatorowy samochodowy (NVB12AVA-XJ)<\/p>\n<p>                        od<br \/>\n                            79,00<br \/>\n                            z\u0142<\/p>\n<p>                    Zobacz<\/p>\n<p>            Black&amp;Decker Odkurzacz akumulatorowy r\u0119czny Pet Range (DVB315JP-QW)<\/p>\n<p>                        od<br \/>\n                            265,00<br \/>\n                            z\u0142<\/p>\n<p>                    Zobacz<\/p>\n<p>            Black&amp;Decker Odkurzacz akumulatorowy r\u0119czny (NVC220WC-QW)<\/p>\n<p>                        od<br \/>\n                            179,90<br \/>\n                            z\u0142<\/p>\n<p>                    Zobacz<\/p>\n<p>            Black&amp;Decker Odkurzacz akumulatorowy r\u0119czny (NVC215W-QW)<\/p>\n<p>                        od<br \/>\n                            155,92<br \/>\n                            z\u0142<\/p>\n<p>                    Zobacz<\/p>\n<p>            Black&amp;Decker Odkurzacz akumulatorowy r\u0119czny (NVC115W-QW)<\/p>\n<p>                        od<br \/>\n                            117,00<br \/>\n                            z\u0142<\/p>\n<p>                    Zobacz<\/p>\n<p>            Black&amp;Decker Odkurzacz akumulatorowy r\u0119czny (NVC115WA-QW)<\/p>\n<p>                        od<br \/>\n                            129,90<br \/>\n                            z\u0142<\/p>\n<p>                    Zobacz<\/p>\n<p>            Black&amp;Decker Odkurzacz akumulatorowy r\u0119czny (NVC115JL-QW)<\/p>\n<p>                        od<br \/>\n                            123,70<br \/>\n                            z\u0142<\/p>\n<p>                    Zobacz<\/p>\n<p>            Black&amp;Decker Odkurzacz akumulatorowy r\u0119czny (BHHV520JF-QW)<\/p>\n<p>                        od<br \/>\n                            351,00<br \/>\n                            z\u0142<\/p>\n<p>                    Zobacz<\/p>\n<p>            Black&amp;Decker Odkurzacz akumulatorowy r\u0119czny (BHHV520BF-QW)<\/p>\n<p>                        od<br \/>\n                            342,24<br \/>\n                            z\u0142<\/p>\n<p>                    Zobacz<\/p>\n<p>            Black&amp;Decker Odkurzacz akumulatorowy r\u0119czny (BHHV520BFP-QW)<\/p>\n<p>                        od<br \/>\n                            440,99<br \/>\n                            z\u0142<\/p>\n<p>                    Zobacz<\/p>\n<p>            Black&amp;Decker Odkurzacz akumulatorowy r\u0119czny (BHHV320J-QW)<\/p>\n<p>                        od<br \/>\n                            299,00<br \/>\n                            z\u0142<\/p>\n<p>                    Zobacz<\/p>\n<p>            Black&amp;Decker Odkurzacz akumulatorowy r\u0119czny (BHHV320B-QW)<\/p>\n<p>                        od<br \/>\n                            296,36<br \/>\n                            z\u0142<\/p>\n<p>                    Zobacz<\/p>\n<p>            Black&amp;Decker Odkurzacz akumulatorowy r\u0119czny (BHHV315J-QW)<\/p>\n<p>                        od<br \/>\n                            280,00<br \/>\n                            z\u0142<\/p>\n<p>                    Zobacz<\/p>\n<p>            Black&amp;Decker Odkurzacz akumulatorowy r\u0119czny (BHHV315B-QW)<\/p>\n<p>                        od<br \/>\n                            294,00<br \/>\n                            z\u0142<\/p>\n<p>                    Zobacz<\/p>\n<p>            Black&amp;Decker NVC220WBC-QW<\/p>\n<p>                        ostatnia cena<br \/>\n                            173,97<br \/>\n                            z\u0142<\/p>\n<p>                    Zobacz<\/p>\n<p>            Black&amp;Decker NV7210N-QW<\/p>\n<p>                        od<br \/>\n                            174,58<br \/>\n                            z\u0142<\/p>\n<p>                    Zobacz<\/p>\n<p>            Black&amp;Decker Odkurzacz domowy akumulatorowy Dustbuster (DVJ315J-QW)<\/p>\n<p>                        ostatnia cena<br \/>\n                            345,69<br \/>\n                            z\u0142<\/p>\n<p>                    Zobacz<\/p>\n<p>            Black&amp;Decker DVC320B21-QW<\/p>\n<p>                        ostatnia cena<br \/>\n                            740,00<br \/>\n                            z\u0142<\/p>\n<p>                    Zobacz<\/p>\n<p>            Black&amp;Decker DVA320J-QW<\/p>\n<p>                        od<br \/>\n                            340,00<br \/>\n                            z\u0142<\/p>\n<p>                    Zobacz<\/p>\n<p>            Black&amp;Decker Pivot PV1200AV-XJ<\/p>\n<p>                        od<br \/>\n                            199,00<br \/>\n                            z\u0142<\/p>\n<p>                    Zobacz<\/p>\n<p>            Black&amp;Decker BHHV520BT-QW<\/p>\n<p>                        od<br \/>\n                            660,45<br \/>\n                            z\u0142<\/p>\n<p>                    Zobacz<\/p>\n<p>            Black&amp;Decker ADV1210<\/p>\n<p>                        od<br \/>\n                            163,00<br \/>\n                            z\u0142<\/p>\n<p>                    Zobacz<\/p>\n<p>            Black&amp;Decker DVJ325BFSP-QW<\/p>\n<p>                        ostatnia cena<br \/>\n                            470,83<br \/>\n                            z\u0142<\/p>\n<p>                    Zobacz<\/p>\n<h2>Black&amp;Decker ADV1200 Black&amp;Decker<\/h2>\n<p>jednoro\u017cec kolorowanka do druku, laurka dla babci, r\u0119cznie robione jak zrobi\u0107 kartk\u0119 walentynkow\u0105, sentencje o rodzinie, szablony zimowe do wydruku, \u017carty na prima aprilis dla rodzic\u00f3w, anastazja imi\u0119, trudne zagadki i odpowiedzi, co na roczek, ozdoby choinkowe dla dzieci, radiowe nuty niech zyja wakacje, prezenty na roczek dla dziewczynki, tajemniczy ogr\u00f3d test z odpowiedziami, ksi\u0105\u017cka dla dzieci online, prezent dla ch\u0142opca 7 lat, testy na znaki drogowe, nowe quizy do rozwi\u0105zania<\/p>\n<p>yyyyy<\/p>\n<p>&nbsp;<\/p>\n","protected":false},"excerpt":{"rendered":"<p>ADV1200-XJOdkurzacz samochodowy 12V Dustbuster W\u0141A\u015aCIWO\u015aCI r\u0119czny odkurzacz, zasilany z samochodowego gniazda zapalniczki 12 V do czyszczenia wn\u0119trza samochodu;5-metrowy przew\u00f3d pozwala na \u0142atwy dost\u0119p do wszystkich przestrzeni samochodu w\u0142\u0105cznie z baga\u017cnikiem;d\u0142uga ko\u0144c\u00f3wka z szerokim wej\u015bciem dla \u0142atwego zbierania wi\u0119kszych drobin elastyczna rura i ko\u0144c\u00f3wka szczotkowa dla wygodnego czyszczenia szczeg\u00f3lnie w miejscach trudno dost\u0119pnych;d\u0142uga ko\u0144c\u00f3wka szczelinowa do [&hellip;]<\/p>\n","protected":false},"featured_media":2596,"comment_status":"closed","ping_status":"open","template":"","meta":[],"product_cat":[937,938],"product_tag":[668,743,857,714],"class_list":["post-2595","product","type-product","status-publish","has-post-thumbnail","hentry","product_cat-blackdecker","product_cat-odkurzacze-samochodowe","product_tag-atrakcje-dla-dzieci-wroclaw","product_tag-quiz-dla-dzieci","product_tag-zagadki-dla-dzieci-7-8-lat","product_tag-zagadki-logiczne"],"_links":{"self":[{"href":"http:\/\/klubmamgdynia.pl\/index.php\/wp-json\/wp\/v2\/product\/2595","targetHints":{"allow":["GET"]}}],"collection":[{"href":"http:\/\/klubmamgdynia.pl\/index.php\/wp-json\/wp\/v2\/product"}],"about":[{"href":"http:\/\/klubmamgdynia.pl\/index.php\/wp-json\/wp\/v2\/types\/product"}],"replies":[{"embeddable":true,"href":"http:\/\/klubmamgdynia.pl\/index.php\/wp-json\/wp\/v2\/comments?post=2595"}],"wp:featuredmedia":[{"embeddable":true,"href":"http:\/\/klubmamgdynia.pl\/index.php\/wp-json\/wp\/v2\/media\/2596"}],"wp:attachment":[{"href":"http:\/\/klubmamgdynia.pl\/index.php\/wp-json\/wp\/v2\/media?parent=2595"}],"wp:term":[{"taxonomy":"product_cat","embeddable":true,"href":"http:\/\/klubmamgdynia.pl\/index.php\/wp-json\/wp\/v2\/product_cat?post=2595"},{"taxonomy":"product_tag","embeddable":true,"href":"http:\/\/klubmamgdynia.pl\/index.php\/wp-json\/wp\/v2\/product_tag?post=2595"}],"curies":[{"name":"wp","href":"https:\/\/api.w.org\/{rel}","templated":true}]}}