{"id":2597,"date":"2022-10-31T16:46:54","date_gmt":"2022-10-31T15:46:54","guid":{"rendered":"http:\/\/klubmamgdynia.pl\/?post_type=product&#038;p=2597"},"modified":"2026-04-07T12:38:07","modified_gmt":"2026-04-07T10:38:07","slug":"3w1-cybex-balios-s-cocoon-s-aton-5-ferrari-racing-red","status":"publish","type":"product","link":"http:\/\/klubmamgdynia.pl\/index.php\/produkt\/3w1-cybex-balios-s-cocoon-s-aton-5-ferrari-racing-red\/","title":{"rendered":"3W1 CYBEX BALIOS S COCOON S + ATON 5 FERRARI RACING RED"},"content":{"rendered":"<p>BALIOS S LUXRodzina Balios powi\u0119ksza si\u0119 o nowy elegancki model: Balios S Lux. B\u0119d\u0105c cz\u0119\u015bci\u0105 systemu podr\u00f3\u017cnego CYBEX 4-w-1, Balios S Lux umo\u017cliwia zamontowanie siedziska spacerowego, fotelika samochodowego, gondoli S oraz wygodnego Cocoon S. Jedn\u0105 r\u0119k\u0105 mo\u017cna go z\u0142o\u017cy\u0107 do pozycji stoj\u0105cej o wymiarach 77 x 60 x 43 cm. W\u00f3zek jest przeznaczony dla dzieci ju\u017c od urodzenia, z du\u017cym siedziskiem, kt\u00f3re mo\u017cna odchyli\u0107 do pe\u0142nej pozycji le\u017c\u0105cej.MI\u0118KKA GONDOLA S \/ COCOON SCocoon S marki Cybex \u2013 wygodna, mi\u0119kka gondola, \u015bpiworek termiczny do w\u00f3zk\u00f3w Balios S oraz Eezy S Twist. Pozwala na u\u017cycie w\u00f3zk\u00f3w spacerowych od pierwszych dni \u017cycia dziecka, zapewnia komfort i bezpiecze\u0144stwo.Funkcja utrzymania temperatury utrzymuje ciep\u0142o w ch\u0142odne dni i nie dopuszcza do przegrzania maluszka gdy na zewn\u0105trz jest gor\u0105co. Cocoon S zapewnia komfortowe podparcie g\u0142\u00f3wki i szyi dziecka. Dwa zamki po obu stronach gondoli zapewniaj\u0105 \u0142atwy, szybki i bezproblemowy dost\u0119p do dziecka.Cocoon S stanowi doskona\u0142e uzupe\u0142nienie oferty Cybex z serii S, wyst\u0119puje w kolorystyce dopasowanej do w\u00f3zk\u00f3w.<\/p>\n<h2>3W1 CYBEX BALIOS S COCOON S + ATON 5 FERRARI RACING RED Cybex<\/h2>\n<p>quiz o samochodach, \u015bwi\u0119ty przemys\u0142aw, kot rysunek dla dzieci, liwia znaczenie imienia, \u0142\u0105czenie kropek, kuba imi\u0119, zagadki z odpowiedziami dla dzieci, zagadki o zwierz\u0119tach wiejskich, zagadki matematyczne z odpowiedziami, niezapomniany prezent na roczek, motylek, zagadki logiczne \u015bmieszne, kolorowanki koty, starodawne \u017cyczenia bo\u017conarodzeniowe, dzie\u0144 matki w\u0142asnor\u0119czny prezent dla mamy od dziecka, zagadki i odpowiedzi, jagna, prank na prima aprilis, samoch\u00f3d kolorowanka do druku<\/p>\n<p>yyyyy<\/p>\n<p>&nbsp;<\/p>\n","protected":false},"excerpt":{"rendered":"<p>BALIOS S LUXRodzina Balios powi\u0119ksza si\u0119 o nowy elegancki model: Balios S Lux. B\u0119d\u0105c cz\u0119\u015bci\u0105 systemu podr\u00f3\u017cnego CYBEX 4-w-1, Balios S Lux umo\u017cliwia zamontowanie siedziska spacerowego, fotelika samochodowego, gondoli S oraz wygodnego Cocoon S. Jedn\u0105 r\u0119k\u0105 mo\u017cna go z\u0142o\u017cy\u0107 do pozycji stoj\u0105cej o wymiarach 77 x 60 x 43 cm. W\u00f3zek jest przeznaczony dla dzieci [&hellip;]<\/p>\n","protected":false},"featured_media":2598,"comment_status":"closed","ping_status":"open","template":"","meta":[],"product_cat":[34,110],"product_tag":[831,761,605,631,692,873],"class_list":["post-2597","product","type-product","status-publish","has-post-thumbnail","hentry","product_cat-cybex","product_cat-wozki-wielofunkcyjne","product_tag-bruno","product_tag-choinko-piekna-jak-las-tekst","product_tag-milena","product_tag-prezent-na-roczek","product_tag-prezenty-na-roczek","product_tag-zagadki-z-odpowiedziami-dla-dzieci"],"_links":{"self":[{"href":"http:\/\/klubmamgdynia.pl\/index.php\/wp-json\/wp\/v2\/product\/2597","targetHints":{"allow":["GET"]}}],"collection":[{"href":"http:\/\/klubmamgdynia.pl\/index.php\/wp-json\/wp\/v2\/product"}],"about":[{"href":"http:\/\/klubmamgdynia.pl\/index.php\/wp-json\/wp\/v2\/types\/product"}],"replies":[{"embeddable":true,"href":"http:\/\/klubmamgdynia.pl\/index.php\/wp-json\/wp\/v2\/comments?post=2597"}],"wp:featuredmedia":[{"embeddable":true,"href":"http:\/\/klubmamgdynia.pl\/index.php\/wp-json\/wp\/v2\/media\/2598"}],"wp:attachment":[{"href":"http:\/\/klubmamgdynia.pl\/index.php\/wp-json\/wp\/v2\/media?parent=2597"}],"wp:term":[{"taxonomy":"product_cat","embeddable":true,"href":"http:\/\/klubmamgdynia.pl\/index.php\/wp-json\/wp\/v2\/product_cat?post=2597"},{"taxonomy":"product_tag","embeddable":true,"href":"http:\/\/klubmamgdynia.pl\/index.php\/wp-json\/wp\/v2\/product_tag?post=2597"}],"curies":[{"name":"wp","href":"https:\/\/api.w.org\/{rel}","templated":true}]}}