{"id":2599,"date":"2012-11-10T06:21:21","date_gmt":"2012-11-10T05:21:21","guid":{"rendered":"http:\/\/klubmamgdynia.pl\/index.php\/produkt\/sinsay-koszulka-oversize-niebieski\/"},"modified":"2026-04-03T15:46:29","modified_gmt":"2026-04-03T13:46:29","slug":"sinsay-koszulka-oversize-niebieski","status":"publish","type":"product","link":"http:\/\/klubmamgdynia.pl\/index.php\/produkt\/sinsay-koszulka-oversize-niebieski\/","title":{"rendered":"Sinsay &#8211; Koszulka oversize &#8211; Niebieski"},"content":{"rendered":"<p>Koszulka oversize<\/p>\n<h2>Sinsay &#8211; Koszulka oversize &#8211; Niebieski Sinsay<\/h2>\n<p>kawa\u0142y na prima aprilis dla rodzic\u00f3w, kolorowanka wakacje, postacie z bajek kolorowanki, cytaty o przyja\u017ani \u015bmieszne, kolorowanki dla ch\u0142opc\u00f3w do druku, bajka terapeutyczna o dokuczaniu, z\u0142ote my\u015bli kr\u00f3tkie, emanuel, w zieleni \u0142\u0105ka majowa tekst, kolorowanki wed\u0142ug kodu do druku, test z lektury miko\u0142ajek do druku, posz\u0142a ola na spacerek, asiunia pytania do lektury, bajki dla ch\u0142opc\u00f3w do czytania, ry\u017c z owocami, cyferki do druku, pytania zagadki, minionki kolorowanka, prezent dla 1 latka, menu urodzinowe dla dzieci w wieku 8 10 lat<\/p>\n<p>yyyyy<\/p>\n<p>&nbsp;<\/p>\n","protected":false},"excerpt":{"rendered":"<p>Koszulka oversize Sinsay &#8211; Koszulka oversize &#8211; Niebieski Sinsay kawa\u0142y na prima aprilis dla rodzic\u00f3w, kolorowanka wakacje, postacie z bajek kolorowanki, cytaty o przyja\u017ani \u015bmieszne, kolorowanki dla ch\u0142opc\u00f3w do druku, bajka terapeutyczna o dokuczaniu, z\u0142ote my\u015bli kr\u00f3tkie, emanuel, w zieleni \u0142\u0105ka majowa tekst, kolorowanki wed\u0142ug kodu do druku, test z lektury miko\u0142ajek do druku, posz\u0142a [&hellip;]<\/p>\n","protected":false},"featured_media":2600,"comment_status":"closed","ping_status":"open","template":"","meta":[],"product_cat":[939,561],"product_tag":[777,639,636,873],"class_list":["post-2599","product","type-product","status-publish","has-post-thumbnail","hentry","product_cat-bluzki-damskie","product_cat-sinsay","product_tag-co-na-roczek","product_tag-nela-imie","product_tag-teksty-kolysanek","product_tag-zagadki-z-odpowiedziami-dla-dzieci"],"_links":{"self":[{"href":"http:\/\/klubmamgdynia.pl\/index.php\/wp-json\/wp\/v2\/product\/2599","targetHints":{"allow":["GET"]}}],"collection":[{"href":"http:\/\/klubmamgdynia.pl\/index.php\/wp-json\/wp\/v2\/product"}],"about":[{"href":"http:\/\/klubmamgdynia.pl\/index.php\/wp-json\/wp\/v2\/types\/product"}],"replies":[{"embeddable":true,"href":"http:\/\/klubmamgdynia.pl\/index.php\/wp-json\/wp\/v2\/comments?post=2599"}],"wp:featuredmedia":[{"embeddable":true,"href":"http:\/\/klubmamgdynia.pl\/index.php\/wp-json\/wp\/v2\/media\/2600"}],"wp:attachment":[{"href":"http:\/\/klubmamgdynia.pl\/index.php\/wp-json\/wp\/v2\/media?parent=2599"}],"wp:term":[{"taxonomy":"product_cat","embeddable":true,"href":"http:\/\/klubmamgdynia.pl\/index.php\/wp-json\/wp\/v2\/product_cat?post=2599"},{"taxonomy":"product_tag","embeddable":true,"href":"http:\/\/klubmamgdynia.pl\/index.php\/wp-json\/wp\/v2\/product_tag?post=2599"}],"curies":[{"name":"wp","href":"https:\/\/api.w.org\/{rel}","templated":true}]}}