{"id":26,"date":"2019-07-28T01:11:33","date_gmt":"2019-07-27T23:11:33","guid":{"rendered":"http:\/\/klubmamgdynia.pl\/index.php\/produkt\/babyono-podklady-do-przewijania-60x90cm-509-10-sztuk\/"},"modified":"2026-05-17T22:18:19","modified_gmt":"2026-05-17T20:18:19","slug":"babyono-podklady-do-przewijania-60x90cm-509-10-sztuk","status":"publish","type":"product","link":"http:\/\/klubmamgdynia.pl\/index.php\/produkt\/babyono-podklady-do-przewijania-60x90cm-509-10-sztuk\/","title":{"rendered":"BABYONO Podk\u0142ady do przewijania 60x90cm 509 10 sztuk"},"content":{"rendered":"<p>BABYONO PODK\u0141ADY DO PRZEWIJANIA 60X90CM<\/p>\n<p>Podk\u0142ady higieniczne idealnie nadaj\u0105<br \/>\nsi\u0119 podczas przewijania niemowl\u0105t jak r\u00f3wnie\u017c dla kobiet w okresie po\u0142ogu.<br \/>\nNiezwykle ch\u0142onne podk\u0142ady daj\u0105 poczucie higieny i komfortu. Folia zewn\u0119trzna<br \/>\nchroni przed zabrudzeniami, natomiast paski samoprzylepne zapobiegaj\u0105<br \/>\nprzesuwaniu si\u0119. Superabsorbent znajduj\u0105cy si\u0119 wewn\u0105trz podk\u0142adu szybko<br \/>\nwch\u0142ania wilgo\u0107 oraz neutralizuje nieprzyjemne zapachy.PODK\u0141ADY DO PRZEWIJANIA:superabsorbent<br \/>\n     wch\u0142aniaj\u0105cy wilgo\u0107 i neutralizuj\u0105cy zapachyoddychaj\u0105ca<br \/>\n     warstwa wierzchniadelikatna<br \/>\n     i super mi\u0119kka pow\u0142okabardzo<br \/>\n     cienka konstrukcja\u00a0<\/p>\n<h2>BABYONO Podk\u0142ady do przewijania 60x90cm 509 10 sztuk BabyOno<\/h2>\n<p>bajki o ksi\u0119\u017cniczkach do czytania, zagadka nie do rozwi\u0105zania, trudne zagadki logiczne, zagadka matematyczna dla dzieci, bajki na dobranoc, delfinarium polska, zagadki na dzie\u0144 przedszkolaka, narodziny dziecka cytat, \u017carty na prima aprilis dla mamy, ziemia wyspa zielona tekst, ci\u0119\u017ckie zagadki, wierszyki na smigus dyngus, quiz psi patrol, jednoro\u017cec kolorowanka do druku, co kupi\u0107 ch\u0142opcu na roczek, prezent dla dziecka 1 rok, proste dekoracje bo\u017conarodzeniowe dla dzieci, nauka pisania wyraz\u00f3w dla dzieci do druku pdf, prezent dla nastolatk\u00f3w<\/p>\n<p>yyyyy<\/p>\n<p>&nbsp;<\/p>\n","protected":false},"excerpt":{"rendered":"<p>BABYONO PODK\u0141ADY DO PRZEWIJANIA 60X90CM Podk\u0142ady higieniczne idealnie nadaj\u0105 si\u0119 podczas przewijania niemowl\u0105t jak r\u00f3wnie\u017c dla kobiet w okresie po\u0142ogu. Niezwykle ch\u0142onne podk\u0142ady daj\u0105 poczucie higieny i komfortu. Folia zewn\u0119trzna chroni przed zabrudzeniami, natomiast paski samoprzylepne zapobiegaj\u0105 przesuwaniu si\u0119. Superabsorbent znajduj\u0105cy si\u0119 wewn\u0105trz podk\u0142adu szybko wch\u0142ania wilgo\u0107 oraz neutralizuje nieprzyjemne zapachy.PODK\u0141ADY DO PRZEWIJANIA:superabsorbent wch\u0142aniaj\u0105cy wilgo\u0107 [&hellip;]<\/p>\n","protected":false},"featured_media":27,"comment_status":"closed","ping_status":"open","template":"","meta":[],"product_cat":[27,17],"product_tag":[700,781,648,608,788],"class_list":["post-26","product","type-product","status-publish","has-post-thumbnail","hentry","product_cat-babyono","product_cat-pieluchy","product_tag-bajki-do-czytania-dla-dzieci","product_tag-cytaty-o-wychowaniu-dzieci","product_tag-dobrej-nocy-i-sza","product_tag-zagadki-i-odpowiedzi","product_tag-zagadki-krotkie"],"_links":{"self":[{"href":"http:\/\/klubmamgdynia.pl\/index.php\/wp-json\/wp\/v2\/product\/26","targetHints":{"allow":["GET"]}}],"collection":[{"href":"http:\/\/klubmamgdynia.pl\/index.php\/wp-json\/wp\/v2\/product"}],"about":[{"href":"http:\/\/klubmamgdynia.pl\/index.php\/wp-json\/wp\/v2\/types\/product"}],"replies":[{"embeddable":true,"href":"http:\/\/klubmamgdynia.pl\/index.php\/wp-json\/wp\/v2\/comments?post=26"}],"wp:featuredmedia":[{"embeddable":true,"href":"http:\/\/klubmamgdynia.pl\/index.php\/wp-json\/wp\/v2\/media\/27"}],"wp:attachment":[{"href":"http:\/\/klubmamgdynia.pl\/index.php\/wp-json\/wp\/v2\/media?parent=26"}],"wp:term":[{"taxonomy":"product_cat","embeddable":true,"href":"http:\/\/klubmamgdynia.pl\/index.php\/wp-json\/wp\/v2\/product_cat?post=26"},{"taxonomy":"product_tag","embeddable":true,"href":"http:\/\/klubmamgdynia.pl\/index.php\/wp-json\/wp\/v2\/product_tag?post=26"}],"curies":[{"name":"wp","href":"https:\/\/api.w.org\/{rel}","templated":true}]}}