{"id":2603,"date":"2017-11-09T11:03:55","date_gmt":"2017-11-09T10:03:55","guid":{"rendered":"http:\/\/klubmamgdynia.pl\/index.php\/produkt\/baby-design-coco-graphite-spacerowy\/"},"modified":"2026-04-06T02:25:07","modified_gmt":"2026-04-06T00:25:07","slug":"baby-design-coco-graphite-spacerowy","status":"publish","type":"product","link":"http:\/\/klubmamgdynia.pl\/index.php\/produkt\/baby-design-coco-graphite-spacerowy\/","title":{"rendered":"Baby Design Coco Graphite Spacerowy"},"content":{"rendered":"<p>Miejski w\u00f3zek nie tylko na ulice du\u017cych i zat\u0142oczonych miast. Spacer\u00f3wka Baby Design Coco idealnie sprawdzi si\u0119 te\u017c na nier\u00f3wnej nawierzchni, dzi\u0119ki nowym ko\u0142om bezobs\u0142ugowym podr\u00f3\u017cowanie z dzieckiem nigdy nie by\u0142o tak proste\u00a0                            <\/p>\n<p>Najwa\u017cniejsze benefity:Bezobs\u0142ugowe ko\u0142a, kt\u00f3re nie ulegaj\u0105 przebiciu jak pompowane, wi\u0119c nie ma ryzyka, \u017ce podczas spaceru z\u0142apiecie tzw. gum\u0119. Ko\u0142a \u017celowe daj\u0105 taki sam komfort prowadzenia jak ko\u0142a pompowane, podobnie amortyzuj\u0105 wstrz\u0105sy. Nie wymagaj\u0105 wielu zabieg\u00f3w, tj. sprawdzania ci\u015bnienia, pompowania, wymiany przebitej d\u0119tki.Wygodny hamulec no\u017cny stop&amp;go u\u0142atwia korzystanie z w\u00f3zka i dba o obuwieIntuicyjny i \u0142atwy spos\u00f3b sk\u0142adaniaDodatkowa kieszonka w budce na drobiazgiOkienko w budce kt\u00f3re mo\u017ce by\u0107 wentylacj\u0105 i s\u0142u\u017cy\u0107 obserwacji dzieckaRewersowe zamki s\u0105 niezwykle estetyczneDodatkowa wentylacja z ty\u0142u budki zapewni odpowiedni przep\u0142yw powietrza nawet w najgor\u0119tsze dni\u0141atwy do z\u0142o\u017cenia stela\u017c z intuicyjnie wypinanymi ko\u0142ami, umo\u017cliwi\u0105 \u0142atw\u0105 konserwacj\u0119 i zmniejszenie wymiar\u00f3w w\u00f3zka po z\u0142o\u017ceniuOdblaskowe elementy poprawiaj\u0105 bezpiecze\u0144stwo po zmrokuEcosk\u00f3ra na r\u0105czce i barierce jest \u0142atwa do utrzymania w czysto\u015bci i dzi\u0119ki niej prowadzenie w\u00f3zka jest naprawd\u0119 komfortowe.Odblaskowe elementy na ramie i bardzo pojemny kosz na zakupyBezpieczny dzi\u0119ki safety net \u2013 zabezpieczaj\u0105cej przed wysuni\u0119ciem si\u0119 dzieckaW zestawie mi\u0119kka, mi\u0142a w dotyku\u00a0 wk\u0142adka z wyj\u0105tkowym wzoremw zestawie ciep\u0142y pokrowiec na n\u00f3\u017ckiDedykowana folia przeciwdeszczowa dost\u0119pna w osobnej sprzeda\u017cy<\/p>\n<h2>Baby Design Coco Graphite Spacerowy Baby Design<\/h2>\n<p>pomys\u0142 na laurk\u0119, najtrudniejsze zagadki, lucyna, zaj\u0105czek z jajka ugotowanego, gad\u017cety dla m\u0142odzie\u017cy 2020, dziwne zagadki, andrzejki kolorowanki do druku, kolorowe ciasto, jordan co oznacza, zagadki dla dzieci z odpowiedziami, nadia, basen \u015bl\u0105sk, magiczne drzewo czerwone krzes\u0142o test, sta\u0142a pod \u015bniegiem, karaluchy pod poduchy a szczypawki, kolorowe kredki tekst, zyczenia walentynkowe dla dzieci<\/p>\n<p>yyyyy<\/p>\n<p>&nbsp;<\/p>\n","protected":false},"excerpt":{"rendered":"<p>Miejski w\u00f3zek nie tylko na ulice du\u017cych i zat\u0142oczonych miast. Spacer\u00f3wka Baby Design Coco idealnie sprawdzi si\u0119 te\u017c na nier\u00f3wnej nawierzchni, dzi\u0119ki nowym ko\u0142om bezobs\u0142ugowym podr\u00f3\u017cowanie z dzieckiem nigdy nie by\u0142o tak proste\u00a0 Najwa\u017cniejsze benefity:Bezobs\u0142ugowe ko\u0142a, kt\u00f3re nie ulegaj\u0105 przebiciu jak pompowane, wi\u0119c nie ma ryzyka, \u017ce podczas spaceru z\u0142apiecie tzw. gum\u0119. Ko\u0142a \u017celowe daj\u0105 [&hellip;]<\/p>\n","protected":false},"featured_media":2604,"comment_status":"closed","ping_status":"open","template":"","meta":[],"product_cat":[575,71],"product_tag":[838,819,848,808,731],"class_list":["post-2603","product","type-product","status-publish","has-post-thumbnail","hentry","product_cat-baby-design","product_cat-wozki-spacerowe","product_tag-bajki-dla-dzieci-na-dobranoc","product_tag-co-kupic-nastolatce-na-swieta","product_tag-cytat-o-rodzinie","product_tag-imie-mia","product_tag-maly-ksiaze-cytaty"],"_links":{"self":[{"href":"http:\/\/klubmamgdynia.pl\/index.php\/wp-json\/wp\/v2\/product\/2603","targetHints":{"allow":["GET"]}}],"collection":[{"href":"http:\/\/klubmamgdynia.pl\/index.php\/wp-json\/wp\/v2\/product"}],"about":[{"href":"http:\/\/klubmamgdynia.pl\/index.php\/wp-json\/wp\/v2\/types\/product"}],"replies":[{"embeddable":true,"href":"http:\/\/klubmamgdynia.pl\/index.php\/wp-json\/wp\/v2\/comments?post=2603"}],"wp:featuredmedia":[{"embeddable":true,"href":"http:\/\/klubmamgdynia.pl\/index.php\/wp-json\/wp\/v2\/media\/2604"}],"wp:attachment":[{"href":"http:\/\/klubmamgdynia.pl\/index.php\/wp-json\/wp\/v2\/media?parent=2603"}],"wp:term":[{"taxonomy":"product_cat","embeddable":true,"href":"http:\/\/klubmamgdynia.pl\/index.php\/wp-json\/wp\/v2\/product_cat?post=2603"},{"taxonomy":"product_tag","embeddable":true,"href":"http:\/\/klubmamgdynia.pl\/index.php\/wp-json\/wp\/v2\/product_tag?post=2603"}],"curies":[{"name":"wp","href":"https:\/\/api.w.org\/{rel}","templated":true}]}}