{"id":2605,"date":"2011-07-15T21:54:06","date_gmt":"2011-07-15T19:54:06","guid":{"rendered":"http:\/\/klubmamgdynia.pl\/index.php\/produkt\/spin-master-bakugan-evolutions-mega-rozgrywka-zestaw-9\/"},"modified":"2026-04-29T05:49:31","modified_gmt":"2026-04-29T03:49:31","slug":"spin-master-bakugan-evolutions-mega-rozgrywka-zestaw-9","status":"publish","type":"product","link":"http:\/\/klubmamgdynia.pl\/index.php\/produkt\/spin-master-bakugan-evolutions-mega-rozgrywka-zestaw-9\/","title":{"rendered":"Spin Master Bakugan Evolutions: Mega Rozgrywka Zestaw 9"},"content":{"rendered":"<h2>Spin Master Bakugan Evolutions: Mega Rozgrywka Zestaw 9 Spin Master<\/h2>\n<p>zagadka matematyczna, maska batmana do druku, super zings kolorowanki, oryginalny prezent dla nastolatk\u00f3w, prezenty na 1 roczek, bajki dla niemowl\u0105t, bajka o smoku wawelskim, quiz o wio\u015bnie, opowiadanie o miko\u0142aju dla przedszkolak\u00f3w, film animowany o \u015bwi\u0119tach, imie lilianna, prima aprilis zarty, zagadki z odpowiedziami, historia pluszowego misia, park so\u0142acki, ozdoby wielkanocne z dzie\u0107mi, litera r do druku, desery dla dzieci, test detektyw pozytywka<\/p>\n<p>yyyyy<\/p>\n<p>&nbsp;<\/p>\n","protected":false},"excerpt":{"rendered":"<p>Spin Master Bakugan Evolutions: Mega Rozgrywka Zestaw 9 Spin Master zagadka matematyczna, maska batmana do druku, super zings kolorowanki, oryginalny prezent dla nastolatk\u00f3w, prezenty na 1 roczek, bajki dla niemowl\u0105t, bajka o smoku wawelskim, quiz o wio\u015bnie, opowiadanie o miko\u0142aju dla przedszkolak\u00f3w, film animowany o \u015bwi\u0119tach, imie lilianna, prima aprilis zarty, zagadki z odpowiedziami, historia [&hellip;]<\/p>\n","protected":false},"featured_media":2606,"comment_status":"closed","ping_status":"open","template":"","meta":[],"product_cat":[95,94],"product_tag":[747,769,737],"class_list":["post-2605","product","type-product","status-publish","has-post-thumbnail","hentry","product_cat-figurki-makiety-i-zestawy","product_cat-spin-master","product_tag-malowanki-do-druku","product_tag-psi-patrol-do-czytania","product_tag-test-z-lektury-felix-net-i-nika-oraz-gang-niewidzialnych-ludzi"],"_links":{"self":[{"href":"http:\/\/klubmamgdynia.pl\/index.php\/wp-json\/wp\/v2\/product\/2605","targetHints":{"allow":["GET"]}}],"collection":[{"href":"http:\/\/klubmamgdynia.pl\/index.php\/wp-json\/wp\/v2\/product"}],"about":[{"href":"http:\/\/klubmamgdynia.pl\/index.php\/wp-json\/wp\/v2\/types\/product"}],"replies":[{"embeddable":true,"href":"http:\/\/klubmamgdynia.pl\/index.php\/wp-json\/wp\/v2\/comments?post=2605"}],"wp:featuredmedia":[{"embeddable":true,"href":"http:\/\/klubmamgdynia.pl\/index.php\/wp-json\/wp\/v2\/media\/2606"}],"wp:attachment":[{"href":"http:\/\/klubmamgdynia.pl\/index.php\/wp-json\/wp\/v2\/media?parent=2605"}],"wp:term":[{"taxonomy":"product_cat","embeddable":true,"href":"http:\/\/klubmamgdynia.pl\/index.php\/wp-json\/wp\/v2\/product_cat?post=2605"},{"taxonomy":"product_tag","embeddable":true,"href":"http:\/\/klubmamgdynia.pl\/index.php\/wp-json\/wp\/v2\/product_tag?post=2605"}],"curies":[{"name":"wp","href":"https:\/\/api.w.org\/{rel}","templated":true}]}}