{"id":2607,"date":"2025-08-29T12:10:01","date_gmt":"2025-08-29T10:10:01","guid":{"rendered":"http:\/\/klubmamgdynia.pl\/?post_type=product&#038;p=2607"},"modified":"2026-04-30T20:59:25","modified_gmt":"2026-04-30T18:59:25","slug":"fenix-mini-vaporizer","status":"publish","type":"product","link":"http:\/\/klubmamgdynia.pl\/index.php\/produkt\/fenix-mini-vaporizer\/","title":{"rendered":"FENIX Mini Vaporizer"},"content":{"rendered":"<p>FENIX Mini Vaporizer                            <\/p>\n<p>Fenix Mini to najnowszy, kompaktowy vaporizer, z konwekcyjnym systemem podgrzewania. Wykonany jest z wysokiej jako\u015bci materia\u0142\u00f3w: posiada komor\u0119 grzewcz\u0105 ze stali nierdzewnej oraz ustnika ze szk\u0142a kwarcowego. Zapewnia to niesamowicie czysty smak, oraz dynamiczn\u0105 i szybk\u0105 waporyzacj\u0119, kt\u00f3ra zadowoli najbardziej wymagaj\u0105cego u\u017cytkownika.Urz\u0105dzenie jest gotowe do rozpocz\u0119cia waporyzacji w 30 sekund. Posiada pe\u0142ny zasi\u0119g kontroli tempartury od 160\u00b0 C &#8211; 221\u00b0C.Ma\u0142e rozmiary urz\u0105dzenia (dos\u0142ownie mie\u015bci si\u0119 w d\u0142oni), oraz wygodnie umieszczony du\u017cy, czytelny wy\u015bwietlacz OLED, zapewniaj\u0105 dyskrecj\u0119 i wygod\u0119 w trakcie waporyzacji.Waporyzator zasilany jest kablem USB do\u0142\u0105czonym w zestawie. Wyposa\u017cony jest w system bezpiecze\u0144stwa, kt\u00f3ry wy\u0142\u0105cza urz\u0105dzenie po 4 minutach. Pojemno\u015b\u0107 zintegrowanego akumulatora to 1600mAh.                            <\/p>\n<p>Spos\u00f3b dzia\u0142ania:Aby rozpocz\u0105\u0107 sesj\u0119, nale\u017cy lekko odchyli\u0107 cz\u0119\u015b\u0107 z ustnikiem &#8211; dzia\u0142a ona na zatrzask. Znajdziemy tam komor\u0119 grzewcz\u0105 ze stali nierdzewnej, o pojemno\u015bci ok. 0,15 g.Wa\u017cne by susz by\u0142 \u015brednio zmielony i aby nie upycha\u0107 go do granic w komorze. Pozwoli to unikn\u0105\u0107 przypalania wk\u0142adu na brzegach, a tak\u017ce u\u0142atwi przep\u0142yw powietrza i sam\u0105 inhalacj\u0119.Po w\u0142\u0105czeniu urz\u0105dzenia (trzykrotne klikni\u0119cie przycisku zasilania) na ekranie pojawi si\u0119 powitanie, a nast\u0119pnie nast\u0105pi odliczanie do momentu osi\u0105gni\u0119cia \u017c\u0105danej temperatury. Trwa to ok. 20 sekund.Wewn\u0105trz, tu\u017c nad komor\u0105, mo\u017cna r\u00f3wnie\u017c znale\u017a\u0107 dwie diody, kt\u00f3re informuj\u0105 o stanie urz\u0105dzenia \u2013 kolor czerwony: nagrzewa si\u0119, kolor zielony: w gotowo\u015bci.Sam poziom temperatury wybierany jest manualnie, poprzez u\u017cycie dw\u00f3ch klawiszy umieszczonych z boku urz\u0105dzenia, tu\u017c pod przyciskiem zasilania.Po zako\u0144czeniu sesji warto opr\u00f3\u017cni\u0107 zu\u017cyty wsad i wyczy\u015bci\u0107 komor\u0119.                            <\/p>\n<p>Cechy:Komora grzewcza ze stali nierdzewnejWymiary: 5 x 8 x 2,5 cm\u00a0Nagrzewa si\u0119 w 30 sPe\u0142en zakres temperatury w obr\u0119bie 160-221 \u00b0CAkumulator 1600 mAh\u0141adowany przez port microUSBW zestawie:Fenix Mini &#8211; 1 sztukaprzew\u00f3d USB oraz adapter do kontaktu &#8211; 1 sztukaszczoteczka czyszcz\u0105ca \u2013 1 sztukamieszade\u0142ko \u2013 1 sztukap\u0119seta \u2013 1 sztukaadapter do fajki wodnej \u2013 1 sztukainstrukcja obs\u0142ugi<\/p>\n<h2>FENIX Mini Vaporizer Fenix<\/h2>\n<p>\u0142\u00f3d\u017a atrakcje dla dzieci, malowanki do druku, mandala kolorowanka, kolorowanka pikachu, prezent dla 7 latka, zagadki, wydarzenia dla dzieci warszawa, prezenty dla nastolatk\u00f3w 2021, zagadki logiczne i odpowiedzi, kr\u00f3tkie zagadki, co na roczek dla ch\u0142opca, rozrywka dla dzieci, prezent dla 17 latka, prezenty dla m\u0142odzie\u017cy, ko\u0142ysanki teksty, imi\u0119 kuba, koty kolorowanki do druku<\/p>\n<p>yyyyy<\/p>\n<p>&nbsp;<\/p>\n","protected":false},"excerpt":{"rendered":"<p>FENIX Mini Vaporizer Fenix Mini to najnowszy, kompaktowy vaporizer, z konwekcyjnym systemem podgrzewania. Wykonany jest z wysokiej jako\u015bci materia\u0142\u00f3w: posiada komor\u0119 grzewcz\u0105 ze stali nierdzewnej oraz ustnika ze szk\u0142a kwarcowego. Zapewnia to niesamowicie czysty smak, oraz dynamiczn\u0105 i szybk\u0105 waporyzacj\u0119, kt\u00f3ra zadowoli najbardziej wymagaj\u0105cego u\u017cytkownika.Urz\u0105dzenie jest gotowe do rozpocz\u0119cia waporyzacji w 30 sekund. Posiada pe\u0142ny [&hellip;]<\/p>\n","protected":false},"featured_media":2608,"comment_status":"closed","ping_status":"open","template":"","meta":[],"product_cat":[942,941],"product_tag":[853,734,843],"class_list":["post-2607","product","type-product","status-publish","has-post-thumbnail","hentry","product_cat-akcesoria-do-fajek-wodnych","product_cat-fenix","product_tag-kolorowanki-do-druku-dla-doroslych","product_tag-milan-imie","product_tag-smieszne-zagadki-dla-dzieci"],"_links":{"self":[{"href":"http:\/\/klubmamgdynia.pl\/index.php\/wp-json\/wp\/v2\/product\/2607","targetHints":{"allow":["GET"]}}],"collection":[{"href":"http:\/\/klubmamgdynia.pl\/index.php\/wp-json\/wp\/v2\/product"}],"about":[{"href":"http:\/\/klubmamgdynia.pl\/index.php\/wp-json\/wp\/v2\/types\/product"}],"replies":[{"embeddable":true,"href":"http:\/\/klubmamgdynia.pl\/index.php\/wp-json\/wp\/v2\/comments?post=2607"}],"wp:featuredmedia":[{"embeddable":true,"href":"http:\/\/klubmamgdynia.pl\/index.php\/wp-json\/wp\/v2\/media\/2608"}],"wp:attachment":[{"href":"http:\/\/klubmamgdynia.pl\/index.php\/wp-json\/wp\/v2\/media?parent=2607"}],"wp:term":[{"taxonomy":"product_cat","embeddable":true,"href":"http:\/\/klubmamgdynia.pl\/index.php\/wp-json\/wp\/v2\/product_cat?post=2607"},{"taxonomy":"product_tag","embeddable":true,"href":"http:\/\/klubmamgdynia.pl\/index.php\/wp-json\/wp\/v2\/product_tag?post=2607"}],"curies":[{"name":"wp","href":"https:\/\/api.w.org\/{rel}","templated":true}]}}