{"id":2609,"date":"2022-07-05T11:25:11","date_gmt":"2022-07-05T09:25:11","guid":{"rendered":"http:\/\/klubmamgdynia.pl\/index.php\/produkt\/berjuan-lalka-the-bigger-luxury-dolls-marilyn\/"},"modified":"2026-04-29T03:04:24","modified_gmt":"2026-04-29T01:04:24","slug":"berjuan-lalka-the-bigger-luxury-dolls-marilyn","status":"publish","type":"product","link":"http:\/\/klubmamgdynia.pl\/index.php\/produkt\/berjuan-lalka-the-bigger-luxury-dolls-marilyn\/","title":{"rendered":"Berjuan Lalka The Bigger Luxury Dolls Marilyn"},"content":{"rendered":"<p>Dzieci zas\u0142uguj\u0105 na to co najlepsze, dlatego przedstawiamy Ci Lalka Berjuan The Bigger Luxury Dolls Marilyn, idealny dla tych, kt\u00f3rzy szukaj\u0105 produkt\u00f3w wysokiej jako\u015bci dla dzieci! Zdob\u0105d\u017a Berjuan w najlepszych cenach!Zalecany Wiek: + 3 latZasilana bateriami: Nie\u015awiat\u0142a: NieWymagany monta\u017c: NieD\u017awi\u0119k: Nie<\/p>\n<h2>Berjuan Lalka The Bigger Luxury Dolls Marilyn Berjuan<\/h2>\n<p>pozytywne cytaty mama cytaty, sabina, kolorowanki star wars, znaczenie imienia julian, zagadki dla przedszkolak\u00f3w, kolorowanki miasto, \u015bw przemys\u0142aw<\/p>\n<p>yyyyy<\/p>\n<p>&nbsp;<\/p>\n","protected":false},"excerpt":{"rendered":"<p>Dzieci zas\u0142uguj\u0105 na to co najlepsze, dlatego przedstawiamy Ci Lalka Berjuan The Bigger Luxury Dolls Marilyn, idealny dla tych, kt\u00f3rzy szukaj\u0105 produkt\u00f3w wysokiej jako\u015bci dla dzieci! Zdob\u0105d\u017a Berjuan w najlepszych cenach!Zalecany Wiek: + 3 latZasilana bateriami: Nie\u015awiat\u0142a: NieWymagany monta\u017c: NieD\u017awi\u0119k: Nie Berjuan Lalka The Bigger Luxury Dolls Marilyn Berjuan pozytywne cytaty mama cytaty, sabina, kolorowanki [&hellip;]<\/p>\n","protected":false},"featured_media":2610,"comment_status":"closed","ping_status":"open","template":"","meta":[],"product_cat":[943,65],"product_tag":[833,836,821],"class_list":["post-2609","product","type-product","status-publish","has-post-thumbnail","hentry","product_cat-berjuan","product_cat-lalki","product_tag-bajki-dla-dzieci-do-czytania","product_tag-co-kupic-dziecku-na-roczek","product_tag-marianna"],"_links":{"self":[{"href":"http:\/\/klubmamgdynia.pl\/index.php\/wp-json\/wp\/v2\/product\/2609","targetHints":{"allow":["GET"]}}],"collection":[{"href":"http:\/\/klubmamgdynia.pl\/index.php\/wp-json\/wp\/v2\/product"}],"about":[{"href":"http:\/\/klubmamgdynia.pl\/index.php\/wp-json\/wp\/v2\/types\/product"}],"replies":[{"embeddable":true,"href":"http:\/\/klubmamgdynia.pl\/index.php\/wp-json\/wp\/v2\/comments?post=2609"}],"wp:featuredmedia":[{"embeddable":true,"href":"http:\/\/klubmamgdynia.pl\/index.php\/wp-json\/wp\/v2\/media\/2610"}],"wp:attachment":[{"href":"http:\/\/klubmamgdynia.pl\/index.php\/wp-json\/wp\/v2\/media?parent=2609"}],"wp:term":[{"taxonomy":"product_cat","embeddable":true,"href":"http:\/\/klubmamgdynia.pl\/index.php\/wp-json\/wp\/v2\/product_cat?post=2609"},{"taxonomy":"product_tag","embeddable":true,"href":"http:\/\/klubmamgdynia.pl\/index.php\/wp-json\/wp\/v2\/product_tag?post=2609"}],"curies":[{"name":"wp","href":"https:\/\/api.w.org\/{rel}","templated":true}]}}