{"id":2615,"date":"2012-08-19T21:56:09","date_gmt":"2012-08-19T19:56:09","guid":{"rendered":"http:\/\/klubmamgdynia.pl\/index.php\/produkt\/whiskas-adult-smaki-rybne-i-tradycyjne-saszetki-40x100g\/"},"modified":"2026-04-07T12:42:47","modified_gmt":"2026-04-07T10:42:47","slug":"whiskas-adult-smaki-rybne-i-tradycyjne-saszetki-40x100g","status":"publish","type":"product","link":"http:\/\/klubmamgdynia.pl\/index.php\/produkt\/whiskas-adult-smaki-rybne-i-tradycyjne-saszetki-40x100g\/","title":{"rendered":"Whiskas Adult Smaki Rybne I Tradycyjne Saszetki 40X100G"},"content":{"rendered":"<p>WHISKAS\u00ae wie, co kocha Tw\u00f3j kot i czego naturalnie potrzebuje. WHISKAS\u00ae Smaki Rybne i Tradycyjne w Galaretce to zestaw starannie przygotowanych, kompletnych i zbilansowanych mokrych karm dla doros\u0142ych kot\u00f3w (powy\u017cej 1. roku \u017cycia).\u00a0 Zestaw zawiera saszetki w 4 r\u00f3\u017cnych smakach: z kurczakiem, z \u0142ososiem, z wo\u0142owin\u0105 i z tu\u0144czykiem. Ka\u017cde danie WHISKAS\u00ae w galaretce to pokarm pe\u0142noporcjowy, wi\u0119c zaspokoi wszystkie potrzeby \u017cywieniowe Twojego kota, dostarczaj\u0105c mu potrzebn\u0105 energi\u0119 i niezb\u0119dne sk\u0142adniki od\u017cywcze. Mokra karma WHISKAS\u00ae zawiera odpowiedni poziom minera\u0142\u00f3w, by wspiera\u0107 zdrowie dr\u00f3g moczowych, oraz cynk, kt\u00f3ry pomaga zachowa\u0107 zdrow\u0105 sk\u00f3r\u0119 i sier\u015b\u0107. Danie w saszetce WHISKAS\u00ae to po\u017cywne, pozbawione sztucznych dodatk\u00f3w smakowych, barwnik\u00f3w i konserwant\u00f3w k\u0105ski, kt\u00f3re Tw\u00f3j kot instynktownie pokocha. Dzi\u0119ki ulepszonej recepturze mokra karma WHISKAS\u00ae jest jeszcze smaczniejsza.                            <\/p>\n<p>Korzy\u015bci z podawania kotu WHISKAS\u00ae Adult Smaki Rybne i Tradycyjne :<br \/>\nZdrowy uk\u0142ad moczowyOdpowiednio zbilansowany zestaw minera\u0142\u00f3w wspomaga prawid\u0142ow\u0105 prac\u0119 uk\u0142adu moczowego.\u00a0\u00a0Zdrowa sk\u00f3ra i sier\u015b\u0107Witaminy, substancje mineralne, w tym cynk pomagaj\u0105 utrzyma\u0107 w dobrej kondycji sk\u00f3r\u0119 i sier\u015b\u0107 kota.\u00a0Bez sztucznych dodatk\u00f3wNie zawiera sztucznych barwnik\u00f3w, aromat\u00f3w i konserwant\u00f3w.\u00a0                            <\/p>\n<p>Sk\u0142ad:\u00a0WHISKAS z kurczakiem. Sk\u0142ad: mi\u0119so i produkty pochodzenia zwierz\u0119cego (36%, z czego 94% naturalnego pochodzenia*, w tym 4% kurczaka w kawa\u0142kach), substancje mineralne (0,6%), ro\u015blinne ekstrakty bia\u0142kowe, oleje i t\u0142uszcze (w tym 0,1% oleju s\u0142onecznikowego). *sk\u0142adniki naturalnego pochodzenia, **kawa\u0142ki zwykle stanowi\u0105 43% produktu\u00a0WHISKAS z \u0142ososiem. Sk\u0142ad: mi\u0119so i produkty pochodzenia zwierz\u0119cego (34%, z czego 94% naturalnego pochodzenia*), ryby i produkty rybne (100% naturalne*, w tym 4% \u0142ososia w kawa\u0142kach), substancje mineralne (0,6%), ro\u015blinne ekstrakty bia\u0142kowe, oleje i t\u0142uszcze (w tym 0,1% oleju s\u0142onecznikowego). *sk\u0142adniki naturalnego pochodzenia, **kawa\u0142ki zwykle stanowi\u0105 43% produktu\u00a0WHISKAS z wo\u0142owin\u0105. Sk\u0142ad: mi\u0119so i produkty pochodzenia zwierz\u0119cego (36%, z czego 94% naturalnego pochodzenia*, w tym 4% wo\u0142owiny w kawa\u0142kach), substancje mineralne (0,6%), ro\u015blinne ekstrakty bia\u0142kowe, oleje i t\u0142uszcze (w tym 0,1% oleju s\u0142onecznikowego). *sk\u0142adniki naturalnego pochodzenia, **kawa\u0142ki zwykle stanowi\u0105 43% produktu\u00a0WHISKAS z tu\u0144czykiem. Sk\u0142ad: mi\u0119so i produkty pochodzenia zwierz\u0119cego (34%, z czego 94% naturalnego pochodzenia*), ryby i produkty rybne (100% naturalne*, w tym 4% tu\u0144czyka w kawa\u0142kach), substancje mineralne (0,6%), ro\u015blinne ekstrakty bia\u0142kowe, oleje i t\u0142uszcze (w tym 0,1% oleju s\u0142onecznikowego). *sk\u0142adniki naturalnego pochodzenia, **kawa\u0142ki zwykle stanowi\u0105 43% produktu\u00a0                            <\/p>\n<p>Spos\u00f3b karmienia:Zalecana dzienna ilo\u015b\u0107 karmy.\u00a0Zalecamy podawa\u0107 zar\u00f3wno karm\u0119 mokr\u0105 WHISKAS\u00ae, jak i karm\u0119 such\u0105. Kot o masie cia\u0142a 3 kg potrzebuje 1 i 1\/2 saszetki karmy mokrej i 15 g karmy suchej dziennie, kot o masie cia\u0142a 4 kg potrzebuje 2\u00a0 saszetek karmy mokrej i 20 g karmy suchej dziennie, a kot o masie cia\u0142a 5 kg potrzebuje 2 i 1\/2 saszetki karmy mokrej i 15 g karmy suchej dziennie.\u00a0                            <\/p>\n<p>Spos\u00f3b karmienia.\u00a0Uwzgl\u0119dnij okres przej\u015bciowy i dostosuj ilo\u015b\u0107 karmy do potrzeb kota. W przypadku kot\u00f3w z nadwag\u0105, zmniejsz dzienn\u0105 ilo\u015b\u0107. Jak? Odwied\u017a nasz\u0105 stron\u0119 internetow\u0105 lub zadzwo\u0144 pod numer naszej infolinii. Zapewnij kotu wod\u0119 do picia. Karm\u0119 nale\u017cy podawa\u0107 w temperaturze pokojowej.\u00a0Niewykorzystan\u0105 cz\u0119\u015b\u0107 przechowywa\u0107 w lod\u00f3wce do 2 dni.<\/p>\n<h2>Whiskas Adult Smaki Rybne I Tradycyjne Saszetki 40X100G Whiskas<\/h2>\n<p>j\u0119zyk polski dla dzieci z ukrainy, quiz dzieci z bullerbyn, \u0142amig\u0142\u00f3wki dla dzieci do wydruku, prima aprilis pomys\u0142y, jedzie poci\u0105g z daleka tekst, film rodzinny o \u015bwi\u0119tach, pomys\u0142 na laurk\u0119, ozdoby wielkanocne kt\u00f3re mog\u0105 zrobi\u0107 dzieci, zagadki wielkanocne dla dzieci, okolice wroc\u0142awia atrakcje, ekskluzywny prezent na roczek, bajki dla dzieci na dobranoc, starodawne \u017cyczenia bo\u017conarodzeniowe, ostatni dzwonek tekst, co dla dziecka na roczek, bajka do czytania na dobranoc, m.i.a., zabawki na roczek dla ch\u0142opca<\/p>\n<p>yyyyy<\/p>\n<p>&nbsp;<\/p>\n","protected":false},"excerpt":{"rendered":"<p>WHISKAS\u00ae wie, co kocha Tw\u00f3j kot i czego naturalnie potrzebuje. WHISKAS\u00ae Smaki Rybne i Tradycyjne w Galaretce to zestaw starannie przygotowanych, kompletnych i zbilansowanych mokrych karm dla doros\u0142ych kot\u00f3w (powy\u017cej 1. roku \u017cycia).\u00a0 Zestaw zawiera saszetki w 4 r\u00f3\u017cnych smakach: z kurczakiem, z \u0142ososiem, z wo\u0142owin\u0105 i z tu\u0144czykiem. Ka\u017cde danie WHISKAS\u00ae w galaretce to [&hellip;]<\/p>\n","protected":false},"featured_media":2616,"comment_status":"closed","ping_status":"open","template":"","meta":[],"product_cat":[929,928],"product_tag":[784,786,602,782,812],"class_list":["post-2615","product","type-product","status-publish","has-post-thumbnail","hentry","product_cat-karmy-dla-kotow","product_cat-whiskas","product_tag-hymn-gorniczy","product_tag-prezent-na-1-urodziny","product_tag-quiz-o-zwierzetach-domowych","product_tag-zagadki-dla-dzieci-z-odpowiedziami","product_tag-zagadki-logiczne-na-inteligencje"],"_links":{"self":[{"href":"http:\/\/klubmamgdynia.pl\/index.php\/wp-json\/wp\/v2\/product\/2615","targetHints":{"allow":["GET"]}}],"collection":[{"href":"http:\/\/klubmamgdynia.pl\/index.php\/wp-json\/wp\/v2\/product"}],"about":[{"href":"http:\/\/klubmamgdynia.pl\/index.php\/wp-json\/wp\/v2\/types\/product"}],"replies":[{"embeddable":true,"href":"http:\/\/klubmamgdynia.pl\/index.php\/wp-json\/wp\/v2\/comments?post=2615"}],"wp:featuredmedia":[{"embeddable":true,"href":"http:\/\/klubmamgdynia.pl\/index.php\/wp-json\/wp\/v2\/media\/2616"}],"wp:attachment":[{"href":"http:\/\/klubmamgdynia.pl\/index.php\/wp-json\/wp\/v2\/media?parent=2615"}],"wp:term":[{"taxonomy":"product_cat","embeddable":true,"href":"http:\/\/klubmamgdynia.pl\/index.php\/wp-json\/wp\/v2\/product_cat?post=2615"},{"taxonomy":"product_tag","embeddable":true,"href":"http:\/\/klubmamgdynia.pl\/index.php\/wp-json\/wp\/v2\/product_tag?post=2615"}],"curies":[{"name":"wp","href":"https:\/\/api.w.org\/{rel}","templated":true}]}}