{"id":2617,"date":"2017-03-25T17:29:29","date_gmt":"2017-03-25T16:29:29","guid":{"rendered":"http:\/\/klubmamgdynia.pl\/index.php\/produkt\/cewki-zaplon-iskrownik-stator-skuter-gy6-4t-139qmb\/"},"modified":"2026-04-04T00:09:42","modified_gmt":"2026-04-03T22:09:42","slug":"cewki-zaplon-iskrownik-stator-skuter-gy6-4t-139qmb","status":"publish","type":"product","link":"http:\/\/klubmamgdynia.pl\/index.php\/produkt\/cewki-zaplon-iskrownik-stator-skuter-gy6-4t-139qmb\/","title":{"rendered":"Cewki Zap\u0142on Iskrownik Stator Skuter GY6 4T 139QMB"},"content":{"rendered":"<p>FABRYCZNIE NOWYISKROWNIK &#8211; 8 CEWEKSKUTER 4 TKOSTKA &#8211; 2 PRZEWODY+2 PRZEWODY LUZEMZAP\u0141ON, STATOR Z CEWKAMI DO SKUTER\u00d3W QUEST ,WILGA, VAPOR, VISON, SOLLATIO, KINROAD, KINGWEY, WILGA, ALLEGRO, BASIC, CITY BIKE, DELFIN, COLIBER, BOATIAN, GATEWAY, MOTOBI, COBRA, ROMET<\/p>\n<h2>Cewki Zap\u0142on Iskrownik Stator Skuter GY6 4T 139QMB Inny<\/h2>\n<p>cytaty dla mamy od c\u00f3rki, zabawy tematyczne przyk\u0142ady, dobranoc pch\u0142y na noc, prezent na pierwsze urodziny, kanapki na urodziny dziecka, zings kolorowanka, piesek do kolorowania, bajki na dobranoc, test z lektury ania z zielonego wzg\u00f3rza klasa 6 z odpowiedziami, bajki do czytania psi patrol, maski karnawa\u0142owe do druku, film rodzinny o \u015bwi\u0119tach, macierzy\u0144stwo cytaty, quiz zemsta, zagadki wielkanocne dla dzieci, zabawki dla rocznej dziewczynki, prezent dla roczniaka, warszawa atrakcje dla m\u0142odzie\u017cy<\/p>\n<p>yyyyy<\/p>\n<p>&nbsp;<\/p>\n","protected":false},"excerpt":{"rendered":"<p>FABRYCZNIE NOWYISKROWNIK &#8211; 8 CEWEKSKUTER 4 TKOSTKA &#8211; 2 PRZEWODY+2 PRZEWODY LUZEMZAP\u0141ON, STATOR Z CEWKAMI DO SKUTER\u00d3W QUEST ,WILGA, VAPOR, VISON, SOLLATIO, KINROAD, KINGWEY, WILGA, ALLEGRO, BASIC, CITY BIKE, DELFIN, COLIBER, BOATIAN, GATEWAY, MOTOBI, COBRA, ROMET Cewki Zap\u0142on Iskrownik Stator Skuter GY6 4T 139QMB Inny cytaty dla mamy od c\u00f3rki, zabawy tematyczne przyk\u0142ady, dobranoc pch\u0142y [&hellip;]<\/p>\n","protected":false},"featured_media":2618,"comment_status":"closed","ping_status":"open","template":"","meta":[],"product_cat":[911,169],"product_tag":[832,703,770,724],"class_list":["post-2617","product","type-product","status-publish","has-post-thumbnail","hentry","product_cat-czesci-motocyklowe","product_cat-inny","product_tag-desery-dla-dzieci","product_tag-prezent-dla-nastolatki","product_tag-samolot-z-papieru","product_tag-zagadki-podchwytliwe"],"_links":{"self":[{"href":"http:\/\/klubmamgdynia.pl\/index.php\/wp-json\/wp\/v2\/product\/2617","targetHints":{"allow":["GET"]}}],"collection":[{"href":"http:\/\/klubmamgdynia.pl\/index.php\/wp-json\/wp\/v2\/product"}],"about":[{"href":"http:\/\/klubmamgdynia.pl\/index.php\/wp-json\/wp\/v2\/types\/product"}],"replies":[{"embeddable":true,"href":"http:\/\/klubmamgdynia.pl\/index.php\/wp-json\/wp\/v2\/comments?post=2617"}],"wp:featuredmedia":[{"embeddable":true,"href":"http:\/\/klubmamgdynia.pl\/index.php\/wp-json\/wp\/v2\/media\/2618"}],"wp:attachment":[{"href":"http:\/\/klubmamgdynia.pl\/index.php\/wp-json\/wp\/v2\/media?parent=2617"}],"wp:term":[{"taxonomy":"product_cat","embeddable":true,"href":"http:\/\/klubmamgdynia.pl\/index.php\/wp-json\/wp\/v2\/product_cat?post=2617"},{"taxonomy":"product_tag","embeddable":true,"href":"http:\/\/klubmamgdynia.pl\/index.php\/wp-json\/wp\/v2\/product_tag?post=2617"}],"curies":[{"name":"wp","href":"https:\/\/api.w.org\/{rel}","templated":true}]}}