{"id":2621,"date":"2019-09-26T15:30:09","date_gmt":"2019-09-26T13:30:09","guid":{"rendered":"http:\/\/klubmamgdynia.pl\/index.php\/produkt\/super-toys-nowy-motor-motorek-b-st-c051\/"},"modified":"2026-04-06T01:19:39","modified_gmt":"2026-04-05T23:19:39","slug":"super-toys-nowy-motor-motorek-b-st-c051","status":"publish","type":"product","link":"http:\/\/klubmamgdynia.pl\/index.php\/produkt\/super-toys-nowy-motor-motorek-b-st-c051\/","title":{"rendered":"Super-Toys Nowy Motor Motorek B St-C051"},"content":{"rendered":"<p>Motorek posiada:2 biegi &#8211; 1 w prz\u00f3d, 1 w ty\u0142, zmiana kierunku jazdy za pomoc\u0105 prze\u0142\u0105cznika prz\u00f3d\/ty\u0142, gaz w pedale &#8211; jak w prawdziwym motocyklu, \u015bwiat\u0142o z przodu \u015bwiec\u0105ce w wielu kolorach oraz migaj\u0105ce. klakson, melodyjka, Inteligentna opcja oszcz\u0119dzania energii: Gdy dziecko nie bawi si\u0119 motorem on automatycznie si\u0119 wy\u0142\u0105cza aby nie roz\u0142adowywa\u0107 akumulatora. wszystkie d\u017awi\u0119ki mo\u017cna wy\u0142\u0105czy\u0107, kuferek na zabawki zamontowany z ty\u0142u pojazdu, siedzenie &#8211; atypo\u015blizgowe, opaski antypo\u015blizgowe na ko\u0142ach,CA\u0141Y MOTOREK WYKONANY JEST Z WZMOCNIONEGO PLASTIKU &#8211; BARDZO DOBREJ JAKO\u015aCI.Parametry techniczne:Waga: 7,5 kg,Obci\u0105\u017cenie do 25 kg,Pr\u0119dko\u015b\u0107: oko\u0142o 3-5 km\/h\u0141adowarka oraz akumulator\u0141adowarka AC220V 50 HZ-60 HZAkumulator 6V 4,5 Ah, \u017celowy zamkni\u0119ty Czas \u0142adowania 8-10 h, wystarcza na 1,5 do 2 h jazdy.Silnik 18 W &#8211; bardzo mocnyWymiary:D\u0142ugo\u015b\u0107 ca\u0142kowita: 83 cmWysoko\u015b\u0107: 53 cm Szeroko\u015b\u0107: 36 cmWysoko\u015b\u0107 siedzenia: 31 cm\u015arednica ko\u0142a tylnego: 19 cm. \u015arednica ko\u0142a przedniego:19 cm Bardzo proste \u0142adowania jak w telefonie kom\u00f3rkowym.Motorek zapakowany jest oryginalnie. Monta\u017c motorka to oko\u0142o 10 minut. W komplecie instrukcja.Do ka\u017cdego pojazdu pisemna gwarancja na 12 miesi\u0119cy.Paragon fiskalny ( lub FV),Instrukcja obs\u0142ugi w j\u0119zyku polskim.Zapewniamy serwis gwarancyjny i pogwarancyjny pojazd\u00f3w.Wszystkie nasze zabawki posiadaj\u0105 certyfikat CE &#8211; czyli s\u0105 w pe\u0142ni bezpieczne.Kolor czarny:Dbamy o bezpiecze\u0144stwo dzieci.Wszystkie nasze pojazdy posiadaj\u0105 wszystkie wymagane atesty i certyfikaty.Ostrze\u017cenia:1. Monta\u017c musi by\u0107 wykonany przez osob\u0119 doros\u0142\u0105.2. Jazda zawsze musi odbywa\u0107 si\u0119 pod nadzorem osoby doros\u0142ej nie nale\u017cy je\u017adzi\u0107 po drogach publicznych ( w ruchu publicznym) w pobli\u017cu miejsc niebezpiecznych mo\u017ce to skutkowa\u0107 wypadkiem.3. Nale\u017cy stosowa\u0107 wyposa\u017cenie ochronne typu kask, ochraniacze na kolana, ochraniacze na \u0142okcie.4. Przeznaczenie od: 3 do 6 lat.<\/p>\n<h2>Super-Toys Nowy Motor Motorek B St-C051 Jokomisiada<\/h2>\n<p>lato, quizy znaki drogowe, maska kota do druku, litera r do druku, kr\u00f3tkie cytaty o mamie, gwiazda do wydruku<\/p>\n<p>yyyyy<\/p>\n<p>&nbsp;<\/p>\n","protected":false},"excerpt":{"rendered":"<p>Motorek posiada:2 biegi &#8211; 1 w prz\u00f3d, 1 w ty\u0142, zmiana kierunku jazdy za pomoc\u0105 prze\u0142\u0105cznika prz\u00f3d\/ty\u0142, gaz w pedale &#8211; jak w prawdziwym motocyklu, \u015bwiat\u0142o z przodu \u015bwiec\u0105ce w wielu kolorach oraz migaj\u0105ce. klakson, melodyjka, Inteligentna opcja oszcz\u0119dzania energii: Gdy dziecko nie bawi si\u0119 motorem on automatycznie si\u0119 wy\u0142\u0105cza aby nie roz\u0142adowywa\u0107 akumulatora. wszystkie [&hellip;]<\/p>\n","protected":false},"featured_media":2622,"comment_status":"closed","ping_status":"open","template":"","meta":[],"product_cat":[131,946],"product_tag":[753,818,742,592],"class_list":["post-2621","product","type-product","status-publish","has-post-thumbnail","hentry","product_cat-jokomisiada","product_cat-motorki-i-skutery","product_tag-kamila","product_tag-oliwier","product_tag-piosenki-dla-dzieci-tekst","product_tag-zagadki-dla-dzieci"],"_links":{"self":[{"href":"http:\/\/klubmamgdynia.pl\/index.php\/wp-json\/wp\/v2\/product\/2621","targetHints":{"allow":["GET"]}}],"collection":[{"href":"http:\/\/klubmamgdynia.pl\/index.php\/wp-json\/wp\/v2\/product"}],"about":[{"href":"http:\/\/klubmamgdynia.pl\/index.php\/wp-json\/wp\/v2\/types\/product"}],"replies":[{"embeddable":true,"href":"http:\/\/klubmamgdynia.pl\/index.php\/wp-json\/wp\/v2\/comments?post=2621"}],"wp:featuredmedia":[{"embeddable":true,"href":"http:\/\/klubmamgdynia.pl\/index.php\/wp-json\/wp\/v2\/media\/2622"}],"wp:attachment":[{"href":"http:\/\/klubmamgdynia.pl\/index.php\/wp-json\/wp\/v2\/media?parent=2621"}],"wp:term":[{"taxonomy":"product_cat","embeddable":true,"href":"http:\/\/klubmamgdynia.pl\/index.php\/wp-json\/wp\/v2\/product_cat?post=2621"},{"taxonomy":"product_tag","embeddable":true,"href":"http:\/\/klubmamgdynia.pl\/index.php\/wp-json\/wp\/v2\/product_tag?post=2621"}],"curies":[{"name":"wp","href":"https:\/\/api.w.org\/{rel}","templated":true}]}}