{"id":2625,"date":"2018-12-24T16:53:06","date_gmt":"2018-12-24T15:53:06","guid":{"rendered":"http:\/\/klubmamgdynia.pl\/index.php\/produkt\/epee-ciastofaza-zestaw-deluxe-z-4-motorkami-03231\/"},"modified":"2026-04-22T23:44:24","modified_gmt":"2026-04-22T21:44:24","slug":"epee-ciastofaza-zestaw-deluxe-z-4-motorkami-03231","status":"publish","type":"product","link":"http:\/\/klubmamgdynia.pl\/index.php\/produkt\/epee-ciastofaza-zestaw-deluxe-z-4-motorkami-03231\/","title":{"rendered":"Epee Ciastofaza Zestaw deluxe z 4 motorkami (03231)"},"content":{"rendered":"<p>Ciastofaza &#8211; przebudzenie masy!Zobacz jak fantastyczne stworki o\u017cyj\u0105 na Twoich oczach.Ciastofaza to niezwyk\u0142a masa plastyczna, z kt\u00f3rej mo\u017cesz stworzy\u0107 co tylko zapragniesz.Po\u0142\u0105cz bateryjk\u0119 z akcesorium, umie\u015b\u0107 je w masie i zobacz co potrafi Twoje zwierz\u0105tko!Akcesorium po\u0142\u0105czone z mas\u0105 mo\u017ce si\u0119 porusza\u0107 lub \u015bwieci\u0107!EAN:  8595582232427Gwarancja:  24 miesi\u0105ceKod dostawcy:  EP03231ANr katalogowy:  EP03231AMarka:  BrakObszar:  Do sklejania\/sk\u0142adaniaRodzaj:  FigurkiWymagania wiekowe:  od 3 latP\u0142e\u0107:  DziewczynkiProdukt na baterie:  TakBaterie w zestawie:  TakZasilanie:  BaterieReklama TV:  2018Kolor:  R\u00f3\u017cowyAkcesoria w zestawie:  4 x Kubeczek z r\u00f3\u017cnokolorow\u0105 ciastolin\u0105 3 x Foremka do tworzenia postaci 4 x Motorek zasilany bateriami LR41 20 x Akcesorium do animowania postaciPozosta\u0142e parametry:  Wymiary opakowania: 35.5 x 28 x 8 cm<\/p>\n<h2>Epee Ciastofaza Zestaw deluxe z 4 motorkami (03231) Epee<\/h2>\n<p>darmowe kolorowanki do druku, obrazki do druku, nauka polskiego dla dzieci z ukrainy, zabawki na roczek dla dziewczynki, najlepsze zarty na prima aprilis, test z lektury spos\u00f3b na alcybiadesa, walentynka dla c\u00f3rki, wobies, co mo\u017cna zrobi\u0107 z rolki papieru, zagadki przyrodnicze, szlaczki, laura, przys\u0142owia o rodzinie, bajki o ksi\u0119\u017cniczkach do czytania, pi\u0119kne cytaty o synku, julian znaczenie, tupu tup po \u015bniegu tekst, kr\u00f3tkie bajki do czytania na dobranoc, plac zabaw pozna\u0144, zabawy tematyczne przyk\u0142ady, bajki do czytania psi patrol<\/p>\n<p>yyyyy<\/p>\n<p>&nbsp;<\/p>\n","protected":false},"excerpt":{"rendered":"<p>Ciastofaza &#8211; przebudzenie masy!Zobacz jak fantastyczne stworki o\u017cyj\u0105 na Twoich oczach.Ciastofaza to niezwyk\u0142a masa plastyczna, z kt\u00f3rej mo\u017cesz stworzy\u0107 co tylko zapragniesz.Po\u0142\u0105cz bateryjk\u0119 z akcesorium, umie\u015b\u0107 je w masie i zobacz co potrafi Twoje zwierz\u0105tko!Akcesorium po\u0142\u0105czone z mas\u0105 mo\u017ce si\u0119 porusza\u0107 lub \u015bwieci\u0107!EAN: 8595582232427Gwarancja: 24 miesi\u0105ceKod dostawcy: EP03231ANr katalogowy: EP03231AMarka: BrakObszar: Do sklejania\/sk\u0142adaniaRodzaj: FigurkiWymagania wiekowe: [&hellip;]<\/p>\n","protected":false},"featured_media":2626,"comment_status":"closed","ping_status":"open","template":"","meta":[],"product_cat":[49,21],"product_tag":[854,730,717,633,820],"class_list":["post-2625","product","type-product","status-publish","has-post-thumbnail","hentry","product_cat-epee","product_cat-zabawki-plastyczne","product_tag-cytaty-rodzina","product_tag-karyna","product_tag-prezent-roczek","product_tag-zagadki-z-odpowiedziami","product_tag-ziemia-wyspa-zielona-tekst"],"_links":{"self":[{"href":"http:\/\/klubmamgdynia.pl\/index.php\/wp-json\/wp\/v2\/product\/2625","targetHints":{"allow":["GET"]}}],"collection":[{"href":"http:\/\/klubmamgdynia.pl\/index.php\/wp-json\/wp\/v2\/product"}],"about":[{"href":"http:\/\/klubmamgdynia.pl\/index.php\/wp-json\/wp\/v2\/types\/product"}],"replies":[{"embeddable":true,"href":"http:\/\/klubmamgdynia.pl\/index.php\/wp-json\/wp\/v2\/comments?post=2625"}],"wp:featuredmedia":[{"embeddable":true,"href":"http:\/\/klubmamgdynia.pl\/index.php\/wp-json\/wp\/v2\/media\/2626"}],"wp:attachment":[{"href":"http:\/\/klubmamgdynia.pl\/index.php\/wp-json\/wp\/v2\/media?parent=2625"}],"wp:term":[{"taxonomy":"product_cat","embeddable":true,"href":"http:\/\/klubmamgdynia.pl\/index.php\/wp-json\/wp\/v2\/product_cat?post=2625"},{"taxonomy":"product_tag","embeddable":true,"href":"http:\/\/klubmamgdynia.pl\/index.php\/wp-json\/wp\/v2\/product_tag?post=2625"}],"curies":[{"name":"wp","href":"https:\/\/api.w.org\/{rel}","templated":true}]}}