{"id":2627,"date":"2019-07-19T04:32:48","date_gmt":"2019-07-19T02:32:48","guid":{"rendered":"http:\/\/klubmamgdynia.pl\/index.php\/produkt\/swede-lizak-policyjny-zabawka\/"},"modified":"2026-04-08T23:36:52","modified_gmt":"2026-04-08T21:36:52","slug":"swede-lizak-policyjny-zabawka","status":"publish","type":"product","link":"http:\/\/klubmamgdynia.pl\/index.php\/produkt\/swede-lizak-policyjny-zabawka\/","title":{"rendered":"Swede Lizak Policyjny &#8211; Zabawka"},"content":{"rendered":"<p>Lizak policyjny dla dzieci pomo\u017ce im pozna\u0107 tajniki pracy policjanta oraz jak kierowa\u0107 ruchem. Zabawka \u015bwieci na zielono i na czerwono.Zabawka dzia\u0142a na baterie typu AA. Baterie znajduj\u0105 si\u0119 w zabawce.Zabawka przeznaczoona dla dzieci od 3 lat. Podane wymiary s\u0105 wymiarami opakowania.<\/p>\n<h2>Swede Lizak Policyjny &#8211; Zabawka Swede<\/h2>\n<p>test lew czarownica i stara szafa, linda, narysowa\u0107 rysunki \u0142atwe, quiz o miko\u0142ajku, kr\u00f3tkie zagadki, zagadki dla dzieci 7 lat, wielkanocne zagadki dla dzieci, maska do druku, zagadki dla 8 latka, kolorowanka dla dzieci, opisy do zdj\u0119\u0107 dziecka<\/p>\n<p>yyyyy<\/p>\n<p>&nbsp;<\/p>\n","protected":false},"excerpt":{"rendered":"<p>Lizak policyjny dla dzieci pomo\u017ce im pozna\u0107 tajniki pracy policjanta oraz jak kierowa\u0107 ruchem. Zabawka \u015bwieci na zielono i na czerwono.Zabawka dzia\u0142a na baterie typu AA. Baterie znajduj\u0105 si\u0119 w zabawce.Zabawka przeznaczoona dla dzieci od 3 lat. Podane wymiary s\u0105 wymiarami opakowania. Swede Lizak Policyjny &#8211; Zabawka Swede test lew czarownica i stara szafa, linda, [&hellip;]<\/p>\n","protected":false},"featured_media":2628,"comment_status":"closed","ping_status":"open","template":"","meta":[],"product_cat":[53,171],"product_tag":[660,780,866,599,678,811],"class_list":["post-2627","product","type-product","status-publish","has-post-thumbnail","hentry","product_cat-kaciki-zabaw","product_cat-swede","product_tag-bianka","product_tag-krecik-bajka","product_tag-opis-do-zdjecia-dziecka-na-fb","product_tag-prezent-dla-nastolatkow-2021","product_tag-prezent-na-roczek-dla-dziewczynki","product_tag-zagadki-logiczne-dla-dzieci"],"_links":{"self":[{"href":"http:\/\/klubmamgdynia.pl\/index.php\/wp-json\/wp\/v2\/product\/2627","targetHints":{"allow":["GET"]}}],"collection":[{"href":"http:\/\/klubmamgdynia.pl\/index.php\/wp-json\/wp\/v2\/product"}],"about":[{"href":"http:\/\/klubmamgdynia.pl\/index.php\/wp-json\/wp\/v2\/types\/product"}],"replies":[{"embeddable":true,"href":"http:\/\/klubmamgdynia.pl\/index.php\/wp-json\/wp\/v2\/comments?post=2627"}],"wp:featuredmedia":[{"embeddable":true,"href":"http:\/\/klubmamgdynia.pl\/index.php\/wp-json\/wp\/v2\/media\/2628"}],"wp:attachment":[{"href":"http:\/\/klubmamgdynia.pl\/index.php\/wp-json\/wp\/v2\/media?parent=2627"}],"wp:term":[{"taxonomy":"product_cat","embeddable":true,"href":"http:\/\/klubmamgdynia.pl\/index.php\/wp-json\/wp\/v2\/product_cat?post=2627"},{"taxonomy":"product_tag","embeddable":true,"href":"http:\/\/klubmamgdynia.pl\/index.php\/wp-json\/wp\/v2\/product_tag?post=2627"}],"curies":[{"name":"wp","href":"https:\/\/api.w.org\/{rel}","templated":true}]}}