{"id":263,"date":"2022-10-23T04:25:48","date_gmt":"2022-10-23T02:25:48","guid":{"rendered":"http:\/\/klubmamgdynia.pl\/index.php\/produkt\/bandai-figurka-my-hero-academia-bakugo-katsuki-17c\/"},"modified":"2026-04-24T05:01:23","modified_gmt":"2026-04-24T03:01:23","slug":"bandai-figurka-my-hero-academia-bakugo-katsuki-17c","status":"publish","type":"product","link":"http:\/\/klubmamgdynia.pl\/index.php\/produkt\/bandai-figurka-my-hero-academia-bakugo-katsuki-17c\/","title":{"rendered":"Bandai Figurka My Hero Academia Bakugo Katsuki 17C"},"content":{"rendered":"<p>Ruchoma figurka marki Bandai. Wymienne d\u0142onie.ORYGINALNA!Wi\u0119cej na temat produktuNazwa: Bakugo KatsukiSeria: MHAProducent: BandaiKategoria wiekowa: 3+Stan produktu: NowaStan opakowania: Idealny<\/p>\n<h2>Bandai Figurka My Hero Academia Bakugo Katsuki 17C Bandai<\/h2>\n<p>krzy\u017c\u00f3wki dla dzieci, atrakcje dla nastolatk\u00f3w, renata to nie imi\u0119, ale kino program, maski zwierz\u0105t szablony do druku, kolorowanki dla ch\u0142opc\u00f3w, zagadki dla ma\u0142ych dzieci, wiersz o marzannie, nadia imi\u0119, jak zrobi\u0107 wulkan, bajka krecik, miastodzieci, cytaty o dziecku i mamie, park so\u0142acki, ma\u0142y ksi\u0105\u017c\u0119 cytaty, kolorowanka lato, quiz o miko\u0142ajku, prezent dla 17 latki, kolorowanka ksi\u0119\u017cniczka<\/p>\n<p>yyyyy<\/p>\n<p>&nbsp;<\/p>\n","protected":false},"excerpt":{"rendered":"<p>Ruchoma figurka marki Bandai. Wymienne d\u0142onie.ORYGINALNA!Wi\u0119cej na temat produktuNazwa: Bakugo KatsukiSeria: MHAProducent: BandaiKategoria wiekowa: 3+Stan produktu: NowaStan opakowania: Idealny Bandai Figurka My Hero Academia Bakugo Katsuki 17C Bandai krzy\u017c\u00f3wki dla dzieci, atrakcje dla nastolatk\u00f3w, renata to nie imi\u0119, ale kino program, maski zwierz\u0105t szablony do druku, kolorowanki dla ch\u0142opc\u00f3w, zagadki dla ma\u0142ych dzieci, wiersz o [&hellip;]<\/p>\n","protected":false},"featured_media":264,"comment_status":"closed","ping_status":"open","template":"","meta":[],"product_cat":[96,97],"product_tag":[772,596,665,595],"class_list":["post-263","product","type-product","status-publish","has-post-thumbnail","hentry","product_cat-bandai","product_cat-figurki-kolekcjonerskie","product_tag-45-panstw-europy-i-ich-stolice-quiz","product_tag-pomysly-na-prima-aprilis","product_tag-proste-zagadki","product_tag-zagadki-dla-6-latka"],"_links":{"self":[{"href":"http:\/\/klubmamgdynia.pl\/index.php\/wp-json\/wp\/v2\/product\/263","targetHints":{"allow":["GET"]}}],"collection":[{"href":"http:\/\/klubmamgdynia.pl\/index.php\/wp-json\/wp\/v2\/product"}],"about":[{"href":"http:\/\/klubmamgdynia.pl\/index.php\/wp-json\/wp\/v2\/types\/product"}],"replies":[{"embeddable":true,"href":"http:\/\/klubmamgdynia.pl\/index.php\/wp-json\/wp\/v2\/comments?post=263"}],"wp:featuredmedia":[{"embeddable":true,"href":"http:\/\/klubmamgdynia.pl\/index.php\/wp-json\/wp\/v2\/media\/264"}],"wp:attachment":[{"href":"http:\/\/klubmamgdynia.pl\/index.php\/wp-json\/wp\/v2\/media?parent=263"}],"wp:term":[{"taxonomy":"product_cat","embeddable":true,"href":"http:\/\/klubmamgdynia.pl\/index.php\/wp-json\/wp\/v2\/product_cat?post=263"},{"taxonomy":"product_tag","embeddable":true,"href":"http:\/\/klubmamgdynia.pl\/index.php\/wp-json\/wp\/v2\/product_tag?post=263"}],"curies":[{"name":"wp","href":"https:\/\/api.w.org\/{rel}","templated":true}]}}