{"id":2631,"date":"2024-02-08T19:37:40","date_gmt":"2024-02-08T18:37:40","guid":{"rendered":"http:\/\/klubmamgdynia.pl\/?post_type=product&#038;p=2631"},"modified":"2026-05-17T23:16:08","modified_gmt":"2026-05-17T21:16:08","slug":"smily-piramidka-mis","status":"publish","type":"product","link":"http:\/\/klubmamgdynia.pl\/index.php\/produkt\/smily-piramidka-mis\/","title":{"rendered":"Smily Piramidka Mi\u015b"},"content":{"rendered":"<p>PIRAMIDKA MI\u015a Z EKO DREWNA TOKY TOYNajnowsza marka zabawek drewnianych.Kolorowa, bardzo jako\u015bciowo wykonana piramidka z drewna,z elementami malowanymi bezpiecznymi farbami.Jako\u015b\u0107 na najwy\u017cszym poziomie!Brak nier\u00f3wno\u015bci czy s\u0119k\u00f3w, gwarantuje dziecku bezpieczn\u0105 zabaw\u0119.Wszystkie elementy s\u0105 g\u0142adkie i r\u00f3wno wyg\u0142adzone.Zabawki Toky Toy s\u0105 bezpieczne, posiadaj\u0105 certyfikaty produkt\u00f3w ekologicznych!Piramidk\u0119 uk\u0142adamy na podstawce z zaokr\u0105glonym kszta\u0142tem,kt\u00f3ra ma w\u0142a\u015bciwo\u015bci podobne do &#8222;wa\u0144ki wsta\u0144ki&#8221;.Urocza buzia misia, zach\u0119ca do uk\u0142adania 5 kr\u0105\u017ck\u00f3w pomalowanych w r\u00f3\u017cne kolory.Zabawka uczy logicznego my\u015blenia, zale\u017cno\u015bci mniejszy0 wi\u0119kszy,kolor\u00f3w, \u0107wiczy koordynacj\u0119 wzrokowo- ruchow\u0105.Zabawki Toky Toy, pakowane s\u0105 w bardzo \u0142adne, estetyczne opakowania.Wymiar opakowania piramidki:12 x 18 x 12 cmWiek dziecka 12 miesi\u0119cy +<\/p>\n<h2>Smily Piramidka Mi\u015b Smily Play<\/h2>\n<p>cytaty na dzie\u0144 edukacji narodowej, przys\u0142owia o rodzinie, kolorowanki do druku lol, wierszyki na smigus dyngus, mitologia grecka quiz, esmeralda, malowanki dla dzieci do druku, atrakcje we wroc\u0142awiu dla dzieci, afryka kazika test, tajemniczy ogr\u00f3d test z odpowiedziami, cytaty o przyja\u017ani ma\u0142y ksi\u0105\u017c\u0119, zagadki dla dzieci 4-5 lat, marianna, kartka walentynkowa r\u0119cznie robiona \u0142atwa, warszawa atrakcje dla dzieci, listy do \u015bwi\u0119tego miko\u0142aja<\/p>\n<p>yyyyy<\/p>\n<p>&nbsp;<\/p>\n","protected":false},"excerpt":{"rendered":"<p>PIRAMIDKA MI\u015a Z EKO DREWNA TOKY TOYNajnowsza marka zabawek drewnianych.Kolorowa, bardzo jako\u015bciowo wykonana piramidka z drewna,z elementami malowanymi bezpiecznymi farbami.Jako\u015b\u0107 na najwy\u017cszym poziomie!Brak nier\u00f3wno\u015bci czy s\u0119k\u00f3w, gwarantuje dziecku bezpieczn\u0105 zabaw\u0119.Wszystkie elementy s\u0105 g\u0142adkie i r\u00f3wno wyg\u0142adzone.Zabawki Toky Toy s\u0105 bezpieczne, posiadaj\u0105 certyfikaty produkt\u00f3w ekologicznych!Piramidk\u0119 uk\u0142adamy na podstawce z zaokr\u0105glonym kszta\u0142tem,kt\u00f3ra ma w\u0142a\u015bciwo\u015bci podobne do &#8222;wa\u0144ki [&hellip;]<\/p>\n","protected":false},"featured_media":2632,"comment_status":"closed","ping_status":"open","template":"","meta":[],"product_cat":[537,62],"product_tag":[825,639,620,679,694],"class_list":["post-2631","product","type-product","status-publish","has-post-thumbnail","hentry","product_cat-pozostale-zabawki-edukacyjne","product_cat-smily-play","product_tag-bajka-na-dobranoc-do-czytania","product_tag-nela-imie","product_tag-quiz-opowiesci-z-narnii","product_tag-zabawki-na-roczek-dla-dziewczynki","product_tag-zagadki-swiateczne-dla-dzieci"],"_links":{"self":[{"href":"http:\/\/klubmamgdynia.pl\/index.php\/wp-json\/wp\/v2\/product\/2631","targetHints":{"allow":["GET"]}}],"collection":[{"href":"http:\/\/klubmamgdynia.pl\/index.php\/wp-json\/wp\/v2\/product"}],"about":[{"href":"http:\/\/klubmamgdynia.pl\/index.php\/wp-json\/wp\/v2\/types\/product"}],"replies":[{"embeddable":true,"href":"http:\/\/klubmamgdynia.pl\/index.php\/wp-json\/wp\/v2\/comments?post=2631"}],"wp:featuredmedia":[{"embeddable":true,"href":"http:\/\/klubmamgdynia.pl\/index.php\/wp-json\/wp\/v2\/media\/2632"}],"wp:attachment":[{"href":"http:\/\/klubmamgdynia.pl\/index.php\/wp-json\/wp\/v2\/media?parent=2631"}],"wp:term":[{"taxonomy":"product_cat","embeddable":true,"href":"http:\/\/klubmamgdynia.pl\/index.php\/wp-json\/wp\/v2\/product_cat?post=2631"},{"taxonomy":"product_tag","embeddable":true,"href":"http:\/\/klubmamgdynia.pl\/index.php\/wp-json\/wp\/v2\/product_tag?post=2631"}],"curies":[{"name":"wp","href":"https:\/\/api.w.org\/{rel}","templated":true}]}}