{"id":2633,"date":"2018-06-21T22:32:23","date_gmt":"2018-06-21T20:32:23","guid":{"rendered":"http:\/\/klubmamgdynia.pl\/index.php\/produkt\/xblitz-mirror-hq\/"},"modified":"2026-04-20T07:56:37","modified_gmt":"2026-04-20T05:56:37","slug":"xblitz-mirror-hq","status":"publish","type":"product","link":"http:\/\/klubmamgdynia.pl\/index.php\/produkt\/xblitz-mirror-hq\/","title":{"rendered":"Xblitz Mirror Hq"},"content":{"rendered":"<p>Wideorejestrator samochodowy lusterko FULL HD z kamer\u0105 cofaniaXblitz MIRROR HQZALETY:\u2705 WYSUWANY OBIEKTYW\u2705 SZEROKI K\u0104T WIDZENIA\u2705 1080p PRZEDNIA KAMERA\u2705 720p KAMERA WSTECZNA\u2705 G-SENSOR\u2705 TRYB PARKINGOWY\u2705 NAGRYWANIE W P\u0118TLI\u2705 PANEL DOTYKOWYWYSUWANY OBIEKTYWWideorejestrator Xblitz Mirror HQ zosta\u0142 wyposa\u017cony w wysuwany obiektyw \u2014 dzi\u0119ki temu urz\u0105dzenie w ca\u0142o\u015bci pokrywa fabryczne lusterko samochodowe i idealnie do niego przylega.PANEL DOTYKOWYProducenci wideorejestratora postawili na komfort u\u017cytkowania. Kamera sterowana jest dotykowo, a zatem w wygodny spos\u00f3b dostosujesz funkcjonalno\u015b\u0107 urz\u0105dzenia do w\u0142asnych potrzeb.SZEROKI K\u0104T WIDZENIAWideorejestrator nagrywa obraz w zakresie 150 stopni z przodu i 120 stopni z ty\u0142u, co pozwala na wygodn\u0105 obserwacj\u0119 szerokiej przestrzeni przed, jak i za pojazdem.\u015aWIETNA JAKO\u015a\u0106 OBRAZUPrzednia kamera wideorejestratora Xblitz Mirror HQ nagrywa obraz w jako\u015bci full HD, dzi\u0119ki czemu \u017caden szczeg\u00f3\u0142 nie umknie Twojej uwadze.NAGRYWANIE W P\u0118TLI\u201eLoop-Recording&#8221; to funkcja, dzi\u0119ki kt\u00f3rej stare pliki automatycznie nadpisywane s\u0105 nowymi. Nie musisz zatem obawia\u0107 si\u0119 o brak miejsca na dysku. Urz\u0105dzenie zrobi wszystko za Ciebie!CZUJNIK G-SENSORWbudowany G-sensor zabezpieczy kluczowe dane na wypadek nieprzewidzianych zdarze\u0144 drogowych. Po wykryciu wstrz\u0105su dane nie b\u0119d\u0105 automatycznie nadpisywane, dzi\u0119ki czemu nie utracisz cennych nagra\u0144.KAMERA WSTECZNAW zestawie z wideorejestratorem Xblitz Mirror HQ znajduje si\u0119 r\u00f3wnie\u017c kamera cofania, kt\u00f3ra u\u0142atwi Ci manewrowanie pojazdem w czasie parkowania.NOWOCZESNY DESIGNWideorejestrator marki Xblitz to nie tylko jako\u015b\u0107, ale r\u00f3wnie\u017c imponuj\u0105cy wygl\u0105d. Urz\u0105dzenie jest stylowe i eleganckie, dzi\u0119ki czemu sprosta oczekiwaniom najbardziej wymagaj\u0105cych kierowc\u00f3w.DANE TECHNICZNE:\u2705Rozdzielczo\u015b\u0107 nagrywania: przednia: Full HD 1080, 30 FPS; dodatkowa: HD 720p\u2705Szeroki k\u0105t widzenia: Tak\u2705Obs\u0142uga kart micro SD: Tak\u2705G-Sensor: Tak\u2705Automatyczny podgl\u0105d w momencie cofania: Tak\u2705Tryb parkingowy: Tak\u2705Nagrywanie w p\u0119tli: Tak\u2705Detekcja ruchu: Tak\u2705Wbudowana bateria: Tak\u2705Wbudowany mikrofon: Tak\u2705Wy\u015bwietlacz 5\u201d: Tak\u2705Wysuwany obiektyw: Tak<\/p>\n<h2>Xblitz Mirror Hq XBLITZ<\/h2>\n<p>prezenty na roczek dla dziewczynki, szybkie zagadki matematyczne, milosz imie, pokemony kolorowanka, lucjan, maska kota, karty pracy dla uczni\u00f3w z ukrainy, prezent dla rocznego ch\u0142opca, test narnia lew czarownica i stara szafa, bajka o poci\u0105gu do czytania, list do miko\u0142aja wz\u00f3r pdf, zagadki s\u0142owne, prezenty na urodziny dla nastolatk\u00f3w, zrobi\u0107 laurk\u0119 laurka dla babci, sporty po francusku, znaki drogowe do druku, bajki dla dzieci do czytania, quiz bajki<\/p>\n<p>yyyyy<\/p>\n<p>&nbsp;<\/p>\n","protected":false},"excerpt":{"rendered":"<p>Wideorejestrator samochodowy lusterko FULL HD z kamer\u0105 cofaniaXblitz MIRROR HQZALETY:\u2705 WYSUWANY OBIEKTYW\u2705 SZEROKI K\u0104T WIDZENIA\u2705 1080p PRZEDNIA KAMERA\u2705 720p KAMERA WSTECZNA\u2705 G-SENSOR\u2705 TRYB PARKINGOWY\u2705 NAGRYWANIE W P\u0118TLI\u2705 PANEL DOTYKOWYWYSUWANY OBIEKTYWWideorejestrator Xblitz Mirror HQ zosta\u0142 wyposa\u017cony w wysuwany obiektyw \u2014 dzi\u0119ki temu urz\u0105dzenie w ca\u0142o\u015bci pokrywa fabryczne lusterko samochodowe i idealnie do niego przylega.PANEL DOTYKOWYProducenci wideorejestratora [&hellip;]<\/p>\n","protected":false},"featured_media":2634,"comment_status":"closed","ping_status":"open","template":"","meta":[],"product_cat":[893,896],"product_tag":[766,651,850,857,779,577],"class_list":["post-2633","product","type-product","status-publish","has-post-thumbnail","hentry","product_cat-kamery-samochodowe","product_cat-xblitz","product_tag-kira","product_tag-quizy-online","product_tag-wroclaw-atrakcje-dla-dzieci","product_tag-zagadki-dla-dzieci-7-8-lat","product_tag-zarty-na-prima-aprilis-w-domu","product_tag-znaki-drogowe-test"],"_links":{"self":[{"href":"http:\/\/klubmamgdynia.pl\/index.php\/wp-json\/wp\/v2\/product\/2633","targetHints":{"allow":["GET"]}}],"collection":[{"href":"http:\/\/klubmamgdynia.pl\/index.php\/wp-json\/wp\/v2\/product"}],"about":[{"href":"http:\/\/klubmamgdynia.pl\/index.php\/wp-json\/wp\/v2\/types\/product"}],"replies":[{"embeddable":true,"href":"http:\/\/klubmamgdynia.pl\/index.php\/wp-json\/wp\/v2\/comments?post=2633"}],"wp:featuredmedia":[{"embeddable":true,"href":"http:\/\/klubmamgdynia.pl\/index.php\/wp-json\/wp\/v2\/media\/2634"}],"wp:attachment":[{"href":"http:\/\/klubmamgdynia.pl\/index.php\/wp-json\/wp\/v2\/media?parent=2633"}],"wp:term":[{"taxonomy":"product_cat","embeddable":true,"href":"http:\/\/klubmamgdynia.pl\/index.php\/wp-json\/wp\/v2\/product_cat?post=2633"},{"taxonomy":"product_tag","embeddable":true,"href":"http:\/\/klubmamgdynia.pl\/index.php\/wp-json\/wp\/v2\/product_tag?post=2633"}],"curies":[{"name":"wp","href":"https:\/\/api.w.org\/{rel}","templated":true}]}}