{"id":2635,"date":"2021-08-26T11:11:08","date_gmt":"2021-08-26T09:11:08","guid":{"rendered":"http:\/\/klubmamgdynia.pl\/index.php\/produkt\/sluban-klocki-fontanna-79el-m38-b0519\/"},"modified":"2026-04-19T02:26:35","modified_gmt":"2026-04-19T00:26:35","slug":"sluban-klocki-fontanna-79el-m38-b0519","status":"publish","type":"product","link":"http:\/\/klubmamgdynia.pl\/index.php\/produkt\/sluban-klocki-fontanna-79el-m38-b0519\/","title":{"rendered":"Sluban Klocki Fontanna 79El. M38 B0519"},"content":{"rendered":"<p>Klocki SLUBAN Fontanna 79 el. M38-B0519Producent:Sluban EAN:6938242952891Klocki Sluban Fontanna 79 el.Zestaw klock\u00f3w dla dzieci firmy Sluban to idealna alternatywa do sp\u0119dzania wolnego czasu.Zestaw b\u0119dzie idealnym prezentem dla dziecka, kt\u00f3re uwielbia sk\u0142ada\u0107 klocki oraz budowa\u0107 r\u00f3\u017cnego rodzaju konstrukcje. Komplet zapewni ka\u017cdemu dziecku \u015bwietn\u0105 zabaw\u0119 i fantastyczn\u0105 przygod\u0119. Klocki pobudzaj\u0105 kreatywno\u015b\u0107, doskonale rozwijaj\u0105 zdolno\u015bci manualne, koncentracje oraz udoskonalaj\u0105 logiczne my\u015blenie.Wiek: 6+Waga 0.5Wszystkie Towary posiadamy na stanie magazynowym.Wysy\u0142ka tego samego dnia z naszego magazynu (99% wysy\u0142ek).<\/p>\n<h2>Sluban Klocki Fontanna 79El. M38 B0519 Sluban<\/h2>\n<p>rymowane zagadki dla dzieci, wzory dyplom\u00f3w dyplomy do druku, kolorowanki do druku konie, zagadki o lesie, \u017carty na prima aprilis dla rodzic\u00f3w, quizy miko\u0142ajek, szlaczki literopodobne, jak narysowa\u0107 anio\u0142ka, zagadki wiosenne dla dzieci, opowiadanie o jesieni dla dzieci, irma, pomys\u0142y na dzie\u0144 dziecka dla nastolatk\u00f3w, filmy rodzinne na halloween<\/p>\n<p>yyyyy<\/p>\n<p>&nbsp;<\/p>\n","protected":false},"excerpt":{"rendered":"<p>Klocki SLUBAN Fontanna 79 el. M38-B0519Producent:Sluban EAN:6938242952891Klocki Sluban Fontanna 79 el.Zestaw klock\u00f3w dla dzieci firmy Sluban to idealna alternatywa do sp\u0119dzania wolnego czasu.Zestaw b\u0119dzie idealnym prezentem dla dziecka, kt\u00f3re uwielbia sk\u0142ada\u0107 klocki oraz budowa\u0107 r\u00f3\u017cnego rodzaju konstrukcje. Komplet zapewni ka\u017cdemu dziecku \u015bwietn\u0105 zabaw\u0119 i fantastyczn\u0105 przygod\u0119. Klocki pobudzaj\u0105 kreatywno\u015b\u0107, doskonale rozwijaj\u0105 zdolno\u015bci manualne, koncentracje oraz [&hellip;]<\/p>\n","protected":false},"featured_media":2636,"comment_status":"closed","ping_status":"open","template":"","meta":[],"product_cat":[113,513],"product_tag":[689,807,690,835,714,635],"class_list":["post-2635","product","type-product","status-publish","has-post-thumbnail","hentry","product_cat-klocki","product_cat-sluban","product_tag-linda","product_tag-logiczne-zagadki","product_tag-pieski-male-dwa-tekst","product_tag-radosc-dziecka-cytaty","product_tag-zagadki-logiczne","product_tag-znaki-drogowe-do-druku"],"_links":{"self":[{"href":"http:\/\/klubmamgdynia.pl\/index.php\/wp-json\/wp\/v2\/product\/2635","targetHints":{"allow":["GET"]}}],"collection":[{"href":"http:\/\/klubmamgdynia.pl\/index.php\/wp-json\/wp\/v2\/product"}],"about":[{"href":"http:\/\/klubmamgdynia.pl\/index.php\/wp-json\/wp\/v2\/types\/product"}],"replies":[{"embeddable":true,"href":"http:\/\/klubmamgdynia.pl\/index.php\/wp-json\/wp\/v2\/comments?post=2635"}],"wp:featuredmedia":[{"embeddable":true,"href":"http:\/\/klubmamgdynia.pl\/index.php\/wp-json\/wp\/v2\/media\/2636"}],"wp:attachment":[{"href":"http:\/\/klubmamgdynia.pl\/index.php\/wp-json\/wp\/v2\/media?parent=2635"}],"wp:term":[{"taxonomy":"product_cat","embeddable":true,"href":"http:\/\/klubmamgdynia.pl\/index.php\/wp-json\/wp\/v2\/product_cat?post=2635"},{"taxonomy":"product_tag","embeddable":true,"href":"http:\/\/klubmamgdynia.pl\/index.php\/wp-json\/wp\/v2\/product_tag?post=2635"}],"curies":[{"name":"wp","href":"https:\/\/api.w.org\/{rel}","templated":true}]}}