{"id":2637,"date":"2020-12-16T17:36:13","date_gmt":"2020-12-16T16:36:13","guid":{"rendered":"http:\/\/klubmamgdynia.pl\/index.php\/produkt\/seni-wkladki-urologiczne-seni-lady-normal-20-szt\/"},"modified":"2026-05-17T22:28:58","modified_gmt":"2026-05-17T20:28:58","slug":"seni-wkladki-urologiczne-seni-lady-normal-20-szt","status":"publish","type":"product","link":"http:\/\/klubmamgdynia.pl\/index.php\/produkt\/seni-wkladki-urologiczne-seni-lady-normal-20-szt\/","title":{"rendered":"Seni wk\u0142adki urologiczne Seni Lady Normal 20 szt."},"content":{"rendered":"<p>Seni\u00a0Lady Normal\u00a0to dyskretne, oddychaj\u0105ce wk\u0142adki urologiczne. Przeznaczone s\u0105 dla kobiet z kropelkowym i lekkim nietrzymaniem moczu. Zapewniaj\u0105 wysokie poczucie sucho\u015bci, komfort i wygod\u0119. Du\u017co bardziej ch\u0142onne od zwyk\u0142ych podpasek. Redukuj\u0105 nieprzyjemny intymny zapach.                            <\/p>\n<p>\u00a0 \u00a0 \u00a0 \u00a0 \u00a0 \u00a0 \u00a0 \u00a0 \u00a0 \u00a0 \u00a0 \u00a0 \u00a0 \u00a0 \u00a0 \u00a0 \u00a0 \u00a0 \u00a0 \u00a0\u00a0Poziom ch\u0142onno\u015bci :                            <\/p>\n<p>Seni\u00a0Lady Normal\u00a0to oddychaj\u0105ce wk\u0142adki urologiczne stworzone z my\u015bl\u0105 o kobietach prowadz\u0105cych aktywny tryb \u017cycia, ceni\u0105cych sobie komfort i bezpiecze\u0144stwo po\u0142\u0105czone z dyskrecj\u0105.Dla kogo przeznaczony jest produkt?P\u0142e\u0107:kobietaStan fizyczny:kobieta aktywna, samodzielnaRodzaj inkontynencji:inkontynencja moczowaStopie\u0144 inkontynencji i poziom ch\u0142onno\u015bci:inkontynencja: kropelkowa \/ lekkach\u0142onno\u015b\u0107: 3\/6                            <\/p>\n<p>Najwa\u017cniejsze w\u0142a\u015bciwo\u015bci wk\u0142adek urologicznych\u00a0Seni\u00a0Lady Normal                            <\/p>\n<p>Zwi\u0119kszone poczucie sucho\u015bci\u00a0&#8211; specjalna w\u0142\u00f3knina rozprowadzaj\u0105ca EDS (Extra Dry System) znajduj\u0105ca si\u0119 we wk\u0142adzie ch\u0142onnym umo\u017cliwia szybsze i dok\u0142adniejsze rozprowadzanie wilgoci wewn\u0105trz wk\u0142adu, zapewniaj\u0105c tym samym komfortowe poczucie sucho\u015bci.Zapobieganie przeciekaniu \u2013\u00a0os\u0142onki boczne zapobiegaj\u0105 przeciekaniu wilgoci na zewn\u0105trz wk\u0142adki.Zapobieganie powstawaniu podra\u017cnie\u0144\u00a0\u2013 specjalna struktura warstwy zewn\u0119trznej wk\u0142adek umo\u017cliwia przep\u0142yw powietrza, przy jednoczesnym nieprzepuszczaniu cieczy, dzi\u0119ki czemu sk\u00f3ra mo\u017ce swobodnie oddycha\u0107. Oddychalno\u015b\u0107 wyrobu sprawia, \u017ce powstaje mniej podra\u017cnie\u0144.Redukcja nieprzyjemnego zapachu\u00a0&#8211; superabsorbent u\u017cyty we wk\u0142adkach, obok silnych w\u0142a\u015bciwo\u015bci ch\u0142onnych, ma r\u00f3wnie\u017c w\u0142a\u015bciwo\u015bci antybakteryjne, dzi\u0119ki czemu redukuje rozw\u00f3j bakterii odpowiadaj\u0105cych za powstawanie intymnego zapachu.                            <\/p>\n<p>Pozosta\u0142e w\u0142a\u015bciwo\u015bci wk\u0142adek urologicznych\u00a0Seni\u00a0Lady Normal                            <\/p>\n<p>Lepsze dopasowanie do cia\u0142a\u00a0&#8211; dzi\u0119ki anatomicznemu kszta\u0142towi wk\u0142adki dopasowuj\u0105 si\u0119 do cia\u0142a zmniejszaj\u0105c tym samym ryzyko otar\u0107 mechanicznych.Zachowanie dyskrecji i wygody\u00a0\u2013 wk\u0142adki idealnie dopasowuj\u0105 si\u0119 do cia\u0142a i s\u0105 niezauwa\u017calne przy jednoczesnym utrzymaniu wysokiego poziomu ch\u0142onno\u015bci.Podwy\u017cszony komfort u\u017cytkowania\u00a0\u2013 wyj\u0105tkowo mi\u0119kka i delikatna w\u0142\u00f3knina pozwala na zachowanie du\u017cej wygody w trakcie korzystania z wk\u0142adek.Zmniejszone ryzyko powstawania reakcji alergicznych\u00a0\u2013 zamiast lateksu wk\u0142adki\u00a0SeniLady maj\u0105 elementy z elastycznej prz\u0119dzy, dzi\u0119ki czemu zminimalizowane jest ryzyko wyst\u0105pienia uczulenia sk\u00f3rnego. Wk\u0142adki urologiczne\u00a0Seni\u00a0Lady poddane zosta\u0142y r\u00f3wnie\u017c niezale\u017cnym testom dermatologicznym.                            <\/p>\n<p>Zak\u0142adanie wk\u0142adek urologicznych\u00a0Seni\u00a0Lady Normal                            <\/p>\n<p>Wyjmij wk\u0142adk\u0119 urologiczn\u0105 z opakowania i oderwij papier z paska klejowego, umieszczony na spodniej cz\u0119\u015bci wk\u0142adki.Przyklej wk\u0142adk\u0119 do bielizny.Sprawd\u017a, czy wk\u0142adka jest przyklejona prosto, aby zapewni\u0107 sobie wygod\u0119 i komfort podczas jej noszenia.Zu\u017cyt\u0105 wk\u0142adk\u0119 zwi\u0144 i wyrzu\u0107 do kosza na \u015bmieci. Nie wyrzucaj zu\u017cytej wk\u0142adki do toalety.                            <\/p>\n<p>Dlaczego wybra\u0107 wk\u0142adki urologiczne zamiast zwyk\u0142ych podpasek?                            <\/p>\n<p>Wk\u0142adki urologiczne\u00a0Seni\u00a0LadyPoczucie sucho\u015bci\u00a0&#8211; we wk\u0142adkach\u00a0Seni\u00a0Lady wilgo\u0107 rozprowadzana jest na ca\u0142ym wk\u0142adzie ch\u0142onnym dzi\u0119ki w\u0142\u00f3kninie rozprowadzaj\u0105cej EDS. Wch\u0142anianie jest szybkie, a wilgo\u0107 nie wraca pod naciskiem, wi\u0119c powierzchnia wk\u0142adki pozostaje sucha\u015awie\u017co\u015b\u0107 przez wiele godzin\u00a0&#8211; wysoka ch\u0142onno\u015b\u0107\u00a0Seni\u00a0Lady, nawet do 4x wi\u0119ksza ni\u017c zwyk\u0142ych podpasek, pozwala na zachowanie \u015bwie\u017co\u015bci przez wiele godzin.Kontrola nieprzyjemnego zapachu\u00a0&#8211; wk\u0142adki\u00a0Seni\u00a0Lady posiadaj\u0105 specjalny superabsorbent Odour Stop, zapobiegaj\u0105cy powstawaniu nieprzyjemnego zapachu.Idealne dopasowanie\u00a0&#8211; anatomiczny kszta\u0142t\u00a0Seni\u00a0Lady pozwala na \u015bwietnie dopasowanie wk\u0142adki, nawet po zawilgoceniu jej wk\u0142adu ch\u0142onnego.Dodatkowe zabezpieczenia\u00a0&#8211; wk\u0142adki\u00a0Seni\u00a0Lady posiadaj\u0105 hydrofobowe os\u0142onki zapobiegaj\u0105ce wyciekom bocznym, potr\u00f3jny pasek klejowy umo\u017cliwiaj\u0105cy pewne mocowanie do bielizny oraz t\u0142oczenie na \u015brodku wk\u0142adu ch\u0142onnego wspomagaj\u0105ce szybk\u0105 dystrybucj\u0119 wilgoci.                            <\/p>\n<p>Tradycyjne podpaskiPoczucie wilgoci\u00a0&#8211; pierwsze wch\u0142oni\u0119cie moczu przez podpask\u0119 jest szybkie, ale wilgo\u0107 wraca pod naciskiem. Powierzchnia podpaski mo\u017ce pozostawa\u0107 wi\u0119c wilgotna i nieprzyjemna w dotyku. Sk\u00f3ra dodatkowo nara\u017cona jest na sta\u0142y kontakt z czynnikami dra\u017cni\u0105cymi.Kr\u00f3tkotrwa\u0142a \u015bwie\u017co\u015b\u0107\u00a0&#8211; niska ch\u0142onno\u015b\u0107 podpasek zmusza do cz\u0119stych zmian wyrobu i wizyt w toalecie, przez co zostaje obni\u017cone poczucie dyskrecji i komfortNieprzyjemny zapach moczu\u00a0&#8211; tradycyjne podpaski nie maj\u0105 w\u0142a\u015bciwo\u015bci niwelowania zapachu moczu.Z\u0142e dopasowanie\u00a0&#8211; po zawilgoceniu moczem podpaski mog\u0105 odkszta\u0142ca\u0107 si\u0119, a we wk\u0142adzie ch\u0142onnym mog\u0105 si\u0119 tworzy\u0107 grudkiBrak dodatkowych zabezpiecze\u0144\u00a0&#8211; zwyk\u0142e podpaski nie posiadaj\u0105 dodatkowej ochrony przed wyciekami poniewa\u017c nie s\u0105 skonstruowane do wch\u0142aniania moczu. Nie pozwalaj\u0105 kobietom czu\u0107 si\u0119 w pe\u0142ni sucho, pewnie i komfortowo.                            <\/p>\n<p>Dost\u0119pne rozmiary wk\u0142adek urologicznych\u00a0Seni\u00a0Lady                            <\/p>\n<p>Ch\u0142onno\u015bci wk\u0142adek urologicznych\u00a0Seni\u00a0Lady                            <\/p>\n<p>Seni &#8211; polska marka obecna na ponad 80 rynkach                            <\/p>\n<p>Seni\u00a0od lat towarzyszy osobom z nietrzymaniem moczu oraz opiekunom os\u00f3b chorych i niepe\u0142nosprawnych, dostarczaj\u0105c im produkty ch\u0142onne i piel\u0119gnacyjne doskona\u0142ej jako\u015bci.Produkty\u00a0Seni i Seni Care\u00a0rekomendowane s\u0105, tak\u017ce przez personel Kliniki Budzik i Fundacj\u0119 Ewy B\u0142aszczyk &#8222;Akogo?&#8221;                            <\/p>\n<p>Rekomendacja Polskiego Towarzystwa Gerontologicznego                            <\/p>\n<p>Produkty\u00a0Seni i Seni Care\u00a0otrzyma\u0142y rekomendacj\u0119 Polskiego Towarzystwa Gerontologicznego &#8211; og\u00f3lnonarodowej organizacji non-profit skupiaj\u0105cej naukowc\u00f3w, praktyk\u00f3w, gerontolog\u00f3w, geriatr\u00f3w i innych profesjonalist\u00f3w, kt\u00f3rzy po\u015bwi\u0119caj\u0105 si\u0119 sprawie poprawy zdrowia i jako\u015bci \u017cycia oraz niezale\u017cno\u015bci ludzi starszych.<\/p>\n<h2>Seni wk\u0142adki urologiczne Seni Lady Normal 20 szt. TZMO<\/h2>\n<p>lol kolorowanki, planety do druku dla dzieci, alfons, piosenki dla dzieci tekst, wystawy dla dzieci warszawa, plac zabaw warszawa, atrakcje dla dzieci tr\u00f3jmiasto, jak narysowa\u0107 konia, mapa polski do druku<\/p>\n<p>yyyyy<\/p>\n<p>&nbsp;<\/p>\n","protected":false},"excerpt":{"rendered":"<p>Seni\u00a0Lady Normal\u00a0to dyskretne, oddychaj\u0105ce wk\u0142adki urologiczne. Przeznaczone s\u0105 dla kobiet z kropelkowym i lekkim nietrzymaniem moczu. Zapewniaj\u0105 wysokie poczucie sucho\u015bci, komfort i wygod\u0119. Du\u017co bardziej ch\u0142onne od zwyk\u0142ych podpasek. Redukuj\u0105 nieprzyjemny intymny zapach. \u00a0 \u00a0 \u00a0 \u00a0 \u00a0 \u00a0 \u00a0 \u00a0 \u00a0 \u00a0 \u00a0 \u00a0 \u00a0 \u00a0 \u00a0 \u00a0 \u00a0 \u00a0 \u00a0 \u00a0\u00a0Poziom ch\u0142onno\u015bci : [&hellip;]<\/p>\n","protected":false},"featured_media":2638,"comment_status":"closed","ping_status":"open","template":"","meta":[],"product_cat":[388,948],"product_tag":[758,744,811],"class_list":["post-2637","product","type-product","status-publish","has-post-thumbnail","hentry","product_cat-tzmo","product_cat-wkladki-higieniczne","product_tag-julian","product_tag-kolorowanki-swiateczne-do-wydruku","product_tag-zagadki-logiczne-dla-dzieci"],"_links":{"self":[{"href":"http:\/\/klubmamgdynia.pl\/index.php\/wp-json\/wp\/v2\/product\/2637","targetHints":{"allow":["GET"]}}],"collection":[{"href":"http:\/\/klubmamgdynia.pl\/index.php\/wp-json\/wp\/v2\/product"}],"about":[{"href":"http:\/\/klubmamgdynia.pl\/index.php\/wp-json\/wp\/v2\/types\/product"}],"replies":[{"embeddable":true,"href":"http:\/\/klubmamgdynia.pl\/index.php\/wp-json\/wp\/v2\/comments?post=2637"}],"wp:featuredmedia":[{"embeddable":true,"href":"http:\/\/klubmamgdynia.pl\/index.php\/wp-json\/wp\/v2\/media\/2638"}],"wp:attachment":[{"href":"http:\/\/klubmamgdynia.pl\/index.php\/wp-json\/wp\/v2\/media?parent=2637"}],"wp:term":[{"taxonomy":"product_cat","embeddable":true,"href":"http:\/\/klubmamgdynia.pl\/index.php\/wp-json\/wp\/v2\/product_cat?post=2637"},{"taxonomy":"product_tag","embeddable":true,"href":"http:\/\/klubmamgdynia.pl\/index.php\/wp-json\/wp\/v2\/product_tag?post=2637"}],"curies":[{"name":"wp","href":"https:\/\/api.w.org\/{rel}","templated":true}]}}