{"id":2639,"date":"2015-08-27T16:18:49","date_gmt":"2015-08-27T14:18:49","guid":{"rendered":"http:\/\/klubmamgdynia.pl\/index.php\/produkt\/yellowtipi-baldachim-zgaszony-koral-fi-50cmx230cm-posh-velvet\/"},"modified":"2026-04-26T09:53:33","modified_gmt":"2026-04-26T07:53:33","slug":"yellowtipi-baldachim-zgaszony-koral-fi-50cmx230cm-posh-velvet","status":"publish","type":"product","link":"http:\/\/klubmamgdynia.pl\/index.php\/produkt\/yellowtipi-baldachim-zgaszony-koral-fi-50cmx230cm-posh-velvet\/","title":{"rendered":"Yellowtipi Baldachim Zgaszony Koral Fi 50Cmx230Cm Posh Velvet"},"content":{"rendered":"<p>Baldachim to wyj\u0105tkowo pi\u0119kny element dekoracyjny dzieci\u0119cego wn\u0119trza. Wisz\u0105cy namiot sufitowy ma niesamowit\u0105 moc przeobra\u017cania ka\u017cdego pokoju w zupe\u0142nie niezwyk\u0142y! Mo\u017cesz go zamontowa\u0107 nad \u0142\u00f3\u017ceczkiem, gdzie opr\u00f3cz dekoracji, b\u0119dzie r\u00f3wnie\u017c pe\u0142ni\u0142 funkcj\u0119 ochrony przed s\u0142o\u0144cem, lub w rogu pokoju, by sta\u0142 si\u0119 tajemniczym miejscem zabaw. Wybrali\u015bmy trzy zupe\u0142nie r\u00f3\u017cne kolekcje tkanin, z kt\u00f3rych tworzymy nasze baldachimy. Znajdziesz w\u015br\u00f3d nich: &#8211; delikatne niczym mgie\u0142ka i zwiewne tkaniny z kolekcji Sweet Secret, &#8211; mi\u0119siste, aksamitne i efektowne tkaniny z kolekcji Posh Velvet, &#8211; mi\u0119kkie, bawe\u0142niane tkaniny z kolekcji Happiness. Baldachim osadzony jest na metalowej obr\u0119czy i montuje si\u0119 go za pomoc\u0105 materia\u0142owego uchwytu do sufitu lub \u015bciany. Do zawieszenia potrzebny jest haczyk lub wkr\u0119t. Wymiary: \u015br. obr\u0119czy 50 cm, \u015br. u do\u0142u 120 cm, wys. 275 cm ( 230cm do obr\u0119czy).<\/p>\n<h2>Yellowtipi Baldachim Zgaszony Koral Fi 50Cmx230Cm Posh Velvet <\/h2>\n<p>karaluchy pod poduchy a szczypawki, test z lektury opowie\u015bci z narnii lew czarownica i stara szafa z odpowiedziami, na roczek dla dziewczynki, kolorowanka dla dziewczynki, prezent dla nastolatk\u00f3w ch\u0142opc\u00f3w, zagadka dla dzieci, super zings kolorowanki, lego ninjago kolorowanka, smerfy kolorowanka, miriam imie, warszawa dla dzieci, pierwsze urodziny prezent na roczek dla dziewczynki<\/p>\n<p>yyyyy<\/p>\n<p>&nbsp;<\/p>\n","protected":false},"excerpt":{"rendered":"<p>Baldachim to wyj\u0105tkowo pi\u0119kny element dekoracyjny dzieci\u0119cego wn\u0119trza. Wisz\u0105cy namiot sufitowy ma niesamowit\u0105 moc przeobra\u017cania ka\u017cdego pokoju w zupe\u0142nie niezwyk\u0142y! Mo\u017cesz go zamontowa\u0107 nad \u0142\u00f3\u017ceczkiem, gdzie opr\u00f3cz dekoracji, b\u0119dzie r\u00f3wnie\u017c pe\u0142ni\u0142 funkcj\u0119 ochrony przed s\u0142o\u0144cem, lub w rogu pokoju, by sta\u0142 si\u0119 tajemniczym miejscem zabaw. Wybrali\u015bmy trzy zupe\u0142nie r\u00f3\u017cne kolekcje tkanin, z kt\u00f3rych tworzymy nasze [&hellip;]<\/p>\n","protected":false},"featured_media":2640,"comment_status":"closed","ping_status":"open","template":"","meta":[],"product_cat":[949],"product_tag":[831,836,645,638,684,589],"class_list":["post-2639","product","type-product","status-publish","has-post-thumbnail","hentry","product_cat-akcesoria-do-mebli-dzieciecych","product_tag-bruno","product_tag-co-kupic-dziecku-na-roczek","product_tag-latwe-zagadki","product_tag-miastodzieci","product_tag-prezent-dla-dziewczynki-na-roczek","product_tag-prezent-dla-rocznego-dziecka"],"_links":{"self":[{"href":"http:\/\/klubmamgdynia.pl\/index.php\/wp-json\/wp\/v2\/product\/2639","targetHints":{"allow":["GET"]}}],"collection":[{"href":"http:\/\/klubmamgdynia.pl\/index.php\/wp-json\/wp\/v2\/product"}],"about":[{"href":"http:\/\/klubmamgdynia.pl\/index.php\/wp-json\/wp\/v2\/types\/product"}],"replies":[{"embeddable":true,"href":"http:\/\/klubmamgdynia.pl\/index.php\/wp-json\/wp\/v2\/comments?post=2639"}],"wp:featuredmedia":[{"embeddable":true,"href":"http:\/\/klubmamgdynia.pl\/index.php\/wp-json\/wp\/v2\/media\/2640"}],"wp:attachment":[{"href":"http:\/\/klubmamgdynia.pl\/index.php\/wp-json\/wp\/v2\/media?parent=2639"}],"wp:term":[{"taxonomy":"product_cat","embeddable":true,"href":"http:\/\/klubmamgdynia.pl\/index.php\/wp-json\/wp\/v2\/product_cat?post=2639"},{"taxonomy":"product_tag","embeddable":true,"href":"http:\/\/klubmamgdynia.pl\/index.php\/wp-json\/wp\/v2\/product_tag?post=2639"}],"curies":[{"name":"wp","href":"https:\/\/api.w.org\/{rel}","templated":true}]}}