{"id":2641,"date":"2019-01-16T19:21:15","date_gmt":"2019-01-16T18:21:15","guid":{"rendered":"http:\/\/klubmamgdynia.pl\/index.php\/produkt\/hasbro-transformers-generations-war-for-cybertron-galvatron-f1809\/"},"modified":"2026-04-28T19:26:39","modified_gmt":"2026-04-28T17:26:39","slug":"hasbro-transformers-generations-war-for-cybertron-galvatron-f1809","status":"publish","type":"product","link":"http:\/\/klubmamgdynia.pl\/index.php\/produkt\/hasbro-transformers-generations-war-for-cybertron-galvatron-f1809\/","title":{"rendered":"Hasbro Transformers Generations War For Cybertron Galvatron F1809"},"content":{"rendered":"<p>Hasbro Transformers Generations War For Cybertron Galvatron F1809Transformers Generations Selects to linia figurek z ulubionymi przez fan\u00f3w postaciami z edycji specjalnej. Ta figurka Galvatrona inspirowana jest zabawk\u0105 z 1986 roku i ma kolory oraz dekoracje takie jak w komiksie. W zestawie s\u0105 tak\u017ce 2 akcesoria: bro\u0144 oraz Matryca Przyw\u00f3dztwa na \u0142a\u0144cuszku, kt\u00f3r\u0105 mo\u017cna zawiesi\u0107 na szyi postaci. Figurka w trybie robota ma ok. 17 cm wysoko\u015bci.                            <\/p>\n<p>Transformuje z robota w tryb dzia\u0142a<br \/>\nFigurka Galvatrona transformuje z trybu robota w tryb dzia\u0142a galaktycznego w 33 krokach. Dodatkowo w zestawie jest arkusz naklejek foliowych, w tym naklejka wra\u017cliw\u0105 na ciep\u0142o, kt\u00f3ra ods\u0142ania os\u0142on\u0119 Decepticona, gdy pociera si\u0119 j\u0105 palcem.                            <\/p>\n<p>Zawarto\u015b\u0107 i cechy zestawu:figurka Galvatron z linii Generations Selects Leader Classtransformacja w 33 krokach<br \/>\n3 akcesoria<br \/>\narkusz naklejekinstrukcja<\/p>\n<h2>Hasbro Transformers Generations War For Cybertron Galvatron F1809 Hasbro<\/h2>\n<p>ilona, filmy wigilijne dla dzieci, gad\u017cety dla m\u0142odzie\u017cy 2020, quiz psi patrol, super zings kolorowanki, miko\u0142ajek quiz, z\u0142ote my\u015bli pedagogiczne, misie z bajek, historia pluszowego misia, wierszyk o marzannie<\/p>\n<p>yyyyy<\/p>\n<p>&nbsp;<\/p>\n","protected":false},"excerpt":{"rendered":"<p>Hasbro Transformers Generations War For Cybertron Galvatron F1809Transformers Generations Selects to linia figurek z ulubionymi przez fan\u00f3w postaciami z edycji specjalnej. Ta figurka Galvatrona inspirowana jest zabawk\u0105 z 1986 roku i ma kolory oraz dekoracje takie jak w komiksie. W zestawie s\u0105 tak\u017ce 2 akcesoria: bro\u0144 oraz Matryca Przyw\u00f3dztwa na \u0142a\u0144cuszku, kt\u00f3r\u0105 mo\u017cna zawiesi\u0107 na [&hellip;]<\/p>\n","protected":false},"featured_media":2642,"comment_status":"closed","ping_status":"open","template":"","meta":[],"product_cat":[95,129],"product_tag":[683,674,631,733],"class_list":["post-2641","product","type-product","status-publish","has-post-thumbnail","hentry","product_cat-figurki-makiety-i-zestawy","product_cat-hasbro","product_tag-karaluchy-pod-poduchy","product_tag-miasto-dzieci","product_tag-prezent-na-roczek","product_tag-zarty-na-prima-aprilis"],"_links":{"self":[{"href":"http:\/\/klubmamgdynia.pl\/index.php\/wp-json\/wp\/v2\/product\/2641","targetHints":{"allow":["GET"]}}],"collection":[{"href":"http:\/\/klubmamgdynia.pl\/index.php\/wp-json\/wp\/v2\/product"}],"about":[{"href":"http:\/\/klubmamgdynia.pl\/index.php\/wp-json\/wp\/v2\/types\/product"}],"replies":[{"embeddable":true,"href":"http:\/\/klubmamgdynia.pl\/index.php\/wp-json\/wp\/v2\/comments?post=2641"}],"wp:featuredmedia":[{"embeddable":true,"href":"http:\/\/klubmamgdynia.pl\/index.php\/wp-json\/wp\/v2\/media\/2642"}],"wp:attachment":[{"href":"http:\/\/klubmamgdynia.pl\/index.php\/wp-json\/wp\/v2\/media?parent=2641"}],"wp:term":[{"taxonomy":"product_cat","embeddable":true,"href":"http:\/\/klubmamgdynia.pl\/index.php\/wp-json\/wp\/v2\/product_cat?post=2641"},{"taxonomy":"product_tag","embeddable":true,"href":"http:\/\/klubmamgdynia.pl\/index.php\/wp-json\/wp\/v2\/product_tag?post=2641"}],"curies":[{"name":"wp","href":"https:\/\/api.w.org\/{rel}","templated":true}]}}