{"id":2643,"date":"2019-05-15T22:25:37","date_gmt":"2019-05-15T20:25:37","guid":{"rendered":"http:\/\/klubmamgdynia.pl\/index.php\/produkt\/jokomisiada-zestaw-fartuszek-walek-czapka-rekawica-akce-za2817-zabawka\/"},"modified":"2026-04-30T05:32:05","modified_gmt":"2026-04-30T03:32:05","slug":"jokomisiada-zestaw-fartuszek-walek-czapka-rekawica-akce-za2817-zabawka","status":"publish","type":"product","link":"http:\/\/klubmamgdynia.pl\/index.php\/produkt\/jokomisiada-zestaw-fartuszek-walek-czapka-rekawica-akce-za2817-zabawka\/","title":{"rendered":"Jokomisiada Zestaw Fartuszek Wa\u0142ek Czapka R\u0119kawica Akce Za2817 &#8211; Zabawka"},"content":{"rendered":"<p>Zestaw Fartuszek wa\u0142ek czapka r\u0119kawica akce ZA2817<\/p>\n<h2>Jokomisiada Zestaw Fartuszek Wa\u0142ek Czapka R\u0119kawica Akce Za2817 &#8211; Zabawka Jokomisiada<\/h2>\n<p>test opowie\u015b\u0107 wigilijna, plecak torba i walizka, fabian, kolorowanki do druku lol, kolorowanki do druku dla dziewczynek, zabawka na roczek, co kupi\u0107 nastolatce na \u015bwi\u0119ta, test opowie\u015bci z narnii lew czarownica i stara szafa do druku, co robi\u0107 z dzieckiem w warszawie, carmen imi\u0119, quiz pi\u0142karski, zagadki o zimie, warszawa dla dzieci, przyja\u017a\u0144, kolorowanki lol do druku, mapa europy do druku<\/p>\n<p>yyyyy<\/p>\n<p>&nbsp;<\/p>\n","protected":false},"excerpt":{"rendered":"<p>Zestaw Fartuszek wa\u0142ek czapka r\u0119kawica akce ZA2817 Jokomisiada Zestaw Fartuszek Wa\u0142ek Czapka R\u0119kawica Akce Za2817 &#8211; Zabawka Jokomisiada test opowie\u015b\u0107 wigilijna, plecak torba i walizka, fabian, kolorowanki do druku lol, kolorowanki do druku dla dziewczynek, zabawka na roczek, co kupi\u0107 nastolatce na \u015bwi\u0119ta, test opowie\u015bci z narnii lew czarownica i stara szafa do druku, co [&hellip;]<\/p>\n","protected":false},"featured_media":2644,"comment_status":"closed","ping_status":"open","template":"","meta":[],"product_cat":[131,53],"product_tag":[865,808,707,769],"class_list":["post-2643","product","type-product","status-publish","has-post-thumbnail","hentry","product_cat-jokomisiada","product_cat-kaciki-zabaw","product_tag-cytaty-o-dzieciach","product_tag-imie-mia","product_tag-karty-pracy-dla-dzieci-z-ukrainy","product_tag-psi-patrol-do-czytania"],"_links":{"self":[{"href":"http:\/\/klubmamgdynia.pl\/index.php\/wp-json\/wp\/v2\/product\/2643","targetHints":{"allow":["GET"]}}],"collection":[{"href":"http:\/\/klubmamgdynia.pl\/index.php\/wp-json\/wp\/v2\/product"}],"about":[{"href":"http:\/\/klubmamgdynia.pl\/index.php\/wp-json\/wp\/v2\/types\/product"}],"replies":[{"embeddable":true,"href":"http:\/\/klubmamgdynia.pl\/index.php\/wp-json\/wp\/v2\/comments?post=2643"}],"wp:featuredmedia":[{"embeddable":true,"href":"http:\/\/klubmamgdynia.pl\/index.php\/wp-json\/wp\/v2\/media\/2644"}],"wp:attachment":[{"href":"http:\/\/klubmamgdynia.pl\/index.php\/wp-json\/wp\/v2\/media?parent=2643"}],"wp:term":[{"taxonomy":"product_cat","embeddable":true,"href":"http:\/\/klubmamgdynia.pl\/index.php\/wp-json\/wp\/v2\/product_cat?post=2643"},{"taxonomy":"product_tag","embeddable":true,"href":"http:\/\/klubmamgdynia.pl\/index.php\/wp-json\/wp\/v2\/product_tag?post=2643"}],"curies":[{"name":"wp","href":"https:\/\/api.w.org\/{rel}","templated":true}]}}