{"id":2645,"date":"2019-02-20T02:46:05","date_gmt":"2019-02-20T01:46:05","guid":{"rendered":"http:\/\/klubmamgdynia.pl\/index.php\/produkt\/jokomisiada-kreatywny-zestaw-zrob-sam-pomaluj-magnesy-za3269\/"},"modified":"2026-04-27T09:10:37","modified_gmt":"2026-04-27T07:10:37","slug":"jokomisiada-kreatywny-zestaw-zrob-sam-pomaluj-magnesy-za3269","status":"publish","type":"product","link":"http:\/\/klubmamgdynia.pl\/index.php\/produkt\/jokomisiada-kreatywny-zestaw-zrob-sam-pomaluj-magnesy-za3269\/","title":{"rendered":"Jokomisiada Kreatywny Zestaw Zr\u00f3b Sam Pomaluj Magnesy Za3269"},"content":{"rendered":"<p>Kreatywny zestaw dla dzieci lubi\u0105cych prace r\u0119czne. Zestaw przeznaczony do samodzielnego stworzenia przez dziecko pi\u0119knych magnes\u00f3w, kt\u00f3re doskonale mog\u0105 ozdobi\u0107 nasz\u0105 lod\u00f3wk\u0119 lub tablic\u0119. Dziecko za zadanie ma pomalowa\u0107 ceramiczne p\u0142ytki wedle uznania i wyobra\u017ani oraz naklei\u0107 ta\u015bm\u0119 magnetyczna. Zestaw pozwala na stworzenie 10 r\u00f3\u017cnych magnes\u00f3w. Magnesy to ulubiona pami\u0105tka z ka\u017cdych wakacji, teraz mo\u017ce zosta\u0107 wykonana samodzielnie przez dziecko przy u\u017cyciu wyobra\u017ani.Zestaw zawiera:- 10 p\u0142ytek ceramicznych (4,5 x 4,5cm)- 10 naklejek magnes\u00f3w- 6 kolor\u00f3w farby- p\u0119dzel- obrazkowa instrukcjaW bezpieczny i \u0142atwy spos\u00f3b bez u\u017cycia specjalnych sprz\u0119t\u00f3w mo\u017cna stworzy\u0107 co\u015b pi\u0119knego. Zestaw rozwinie umiej\u0119tno\u015bci manualne, artystyczne, pozwoli na uzyskanie satysfakcji z w\u0142asnor\u0119cznie wykonanego dzie\u0142a. A tak\u017ce zapewni sp\u0119dzenie wolnego czasu dziecka w spos\u00f3b efektowny i ciekawy.Zestaw zapakowany jest w \u015bliczne pude\u0142ko-idealnie nadaj\u0105ce si\u0119 na prezent.<\/p>\n<h2>Jokomisiada Kreatywny Zestaw Zr\u00f3b Sam Pomaluj Magnesy Za3269 Jokomisiada<\/h2>\n<p>nowe quizy do rozwi\u0105zania, prezenty dla rocznego dziecka, prezent dla rocznego dziecka, zagadki dla 6 latka, zagadki logiczne z odpowiedziami, film animowany o \u015bwi\u0119tach, atrakcje dla dzieci tr\u00f3jmiasto, skye kolorowanka, marcel imi\u0119, \u017cyczenia na lany poniedzia\u0142ek wielkanocny, zabawki na roczek dla dziewczynki, lucyna, krzy\u017c\u00f3wki dla dzieci do druku, zagadki zimowe, fajne \u017carty na prima aprilis, quizy ma\u0142y ksi\u0105\u017c\u0119, kolorowanki spongebob, cytat z kubusia puchatka o mi\u0142o\u015bci, lidia imie, znaczenie imienia alan, prank na prima aprilis<\/p>\n<p>yyyyy<\/p>\n<p>&nbsp;<\/p>\n","protected":false},"excerpt":{"rendered":"<p>Kreatywny zestaw dla dzieci lubi\u0105cych prace r\u0119czne. Zestaw przeznaczony do samodzielnego stworzenia przez dziecko pi\u0119knych magnes\u00f3w, kt\u00f3re doskonale mog\u0105 ozdobi\u0107 nasz\u0105 lod\u00f3wk\u0119 lub tablic\u0119. Dziecko za zadanie ma pomalowa\u0107 ceramiczne p\u0142ytki wedle uznania i wyobra\u017ani oraz naklei\u0107 ta\u015bm\u0119 magnetyczna. Zestaw pozwala na stworzenie 10 r\u00f3\u017cnych magnes\u00f3w. Magnesy to ulubiona pami\u0105tka z ka\u017cdych wakacji, teraz mo\u017ce [&hellip;]<\/p>\n","protected":false},"featured_media":2646,"comment_status":"closed","ping_status":"open","template":"","meta":[],"product_cat":[131,21],"product_tag":[630,823,791],"class_list":["post-2645","product","type-product","status-publish","has-post-thumbnail","hentry","product_cat-jokomisiada","product_cat-zabawki-plastyczne","product_tag-podchwytliwe-zagadki-z-odpowiedziami","product_tag-zagadki-dla-dzieci-7-lat","product_tag-zagadki-na-myslenie"],"_links":{"self":[{"href":"http:\/\/klubmamgdynia.pl\/index.php\/wp-json\/wp\/v2\/product\/2645","targetHints":{"allow":["GET"]}}],"collection":[{"href":"http:\/\/klubmamgdynia.pl\/index.php\/wp-json\/wp\/v2\/product"}],"about":[{"href":"http:\/\/klubmamgdynia.pl\/index.php\/wp-json\/wp\/v2\/types\/product"}],"replies":[{"embeddable":true,"href":"http:\/\/klubmamgdynia.pl\/index.php\/wp-json\/wp\/v2\/comments?post=2645"}],"wp:featuredmedia":[{"embeddable":true,"href":"http:\/\/klubmamgdynia.pl\/index.php\/wp-json\/wp\/v2\/media\/2646"}],"wp:attachment":[{"href":"http:\/\/klubmamgdynia.pl\/index.php\/wp-json\/wp\/v2\/media?parent=2645"}],"wp:term":[{"taxonomy":"product_cat","embeddable":true,"href":"http:\/\/klubmamgdynia.pl\/index.php\/wp-json\/wp\/v2\/product_cat?post=2645"},{"taxonomy":"product_tag","embeddable":true,"href":"http:\/\/klubmamgdynia.pl\/index.php\/wp-json\/wp\/v2\/product_tag?post=2645"}],"curies":[{"name":"wp","href":"https:\/\/api.w.org\/{rel}","templated":true}]}}