{"id":2647,"date":"2019-12-10T21:55:54","date_gmt":"2019-12-10T20:55:54","guid":{"rendered":"http:\/\/klubmamgdynia.pl\/index.php\/produkt\/taste-of-the-wild-sierra-mountain-122kg\/"},"modified":"2026-04-04T17:48:36","modified_gmt":"2026-04-04T15:48:36","slug":"taste-of-the-wild-sierra-mountain-122kg","status":"publish","type":"product","link":"http:\/\/klubmamgdynia.pl\/index.php\/produkt\/taste-of-the-wild-sierra-mountain-122kg\/","title":{"rendered":"Taste Of The Wild Sierra Mountain 12,2Kg"},"content":{"rendered":"<p>Taste Of The Wild Sierra Mountain 12,2KgTaste of the Wild Sierra Mountain to naturalna i lekkostrawna sucha karma dla ps\u00f3w w ka\u017cdym wieku, ka\u017cdej rasy i wielko\u015bci. Mi\u0119so jagni\u0119ce to jedyne \u017ar\u00f3d\u0142o bia\u0142ka zwierz\u0119cego, kt\u00f3re jest obecne w karmie. Jagni\u0119cina jest uwielbiana przez psy ze wzgl\u0119du na sw\u00f3j zdecydowany smak. Co wi\u0119cej, jagni\u0119cina to sk\u0142adnik, kt\u00f3ry jest doskonale przyswajalny przez organizm i nie powoduje wysokiego ryzyka wyst\u0105pienia alergii. Karma nie zawiera zb\u00f3\u017c, a smakowite bataty zawieraj\u0105ce du\u017c\u0105 ilo\u015b\u0107 b\u0142onnika i witamin ( \u017celaza, wapnia beta-karoten) wykorzystano jako \u017ar\u00f3d\u0142o w\u0119glowodan\u00f3w. Taste of the Wild Sierra Mountain zawiera du\u017c\u0105 ilo\u015b\u0107 przeciwutleniaczy, kt\u00f3re chroni\u0105 kom\u00f3rki, zabezpieczaj\u0105 przed wolnymi rodnikami i wzmacniaj\u0105 system odporno\u015bciowy. Dodana do karmy cykoria i jukka schindigera s\u0105 \u017ar\u00f3d\u0142em inuliny, dzi\u0119ki czemu wspomagaj\u0105 prac\u0119 uk\u0142adu trawiennego i utrzymanie odpowiedniej flory jelitowej. Wysoka jako\u015b\u0107 sk\u0142adnik\u00f3w to podstawa naturalnego po\u017cywienia o wysokiej przyswajalno\u015bci, kt\u00f3re jest idealne r\u00f3wnie\u017c dla wra\u017cliwych ps\u00f3w.                            <\/p>\n<p>            W\u0142a\u015bciwo\u015bci karmy  Taste of the Wild Sierra Mountain:<\/p>\n<p>Dla ps\u00f3w w ka\u017cdym wieku, ka\u017cdej rasy i wielko\u015bciDoskona\u0142a karma dla ps\u00f3w cierpi\u0105cych na alergie pokarmowe, nietolerancje zb\u00f3\u017c lub konkretnego rodzaju bia\u0142kaSingle Protein: jedno \u017ar\u00f3d\u0142o bia\u0142ka zwierz\u0119cego, gwarancja doskona\u0142ej przyswajalno\u015bciPieczona jagni\u0119cina: ma zdecydowany smak, dostarcza warto\u015bciowe bia\u0142ka i nie powoduje wysokiego ryzyka wyst\u0105pienia alergiiBez zb\u00f3\u017c: formu\u0142a ta zapewnia Twojemu psu wywa\u017cone po\u017cywienie, optymalne zdrowie i witalno\u015b\u0107. Wielu weterynarzy jest przekonanych, \u017ce zbo\u017ca wchodz\u0105ce w sk\u0142ad karmy s\u0105 przyczyn\u0105 problem\u00f3w zdrowotnych. Wysoka zawarto\u015b\u0107 w\u0119glowodan\u00f3w w zbo\u017cu mo\u017ce powodowa\u0107 nast\u0119puj\u0105ce choroby: nadwag\u0119, cukrzyc\u0119, problemy zwi\u0105zane z trawieniem i wiele innych schorze\u0144Jajka \u017ar\u00f3d\u0142o warto\u015bciowych, doskonale przyswajalnych bia\u0142ek, luteiny i zeaksantyny, dla podw\u00f3jnej ochrony oczuWysoka zawarto\u015b\u0107 przeciwutleniaczy: chroni\u0105 kom\u00f3rki, zabezpieczaj\u0105 przed wolnymi rodnikami i wzmacniaj\u0105 system odporno\u015bciowyZdrowe trawienie: Suszony korze\u0144 cykorii i ekstrakt z jukki schindigera s\u0105 \u017ar\u00f3d\u0142em inuliny, kt\u00f3ra ma dzia\u0142anie prebiotyczne, pomaga utrzyma\u0107 r\u00f3wnowag\u0119 flory jelitowej, wzmacnia system odporno\u015bciowy i mechanizmy obronne organizmuKwasy t\u0142uszczowe Omega : Omega-6 i Omega-3 uzupe\u0142niaj\u0105 si\u0119 nawzajem i pomagaj\u0105 utrzyma\u0107 zdrow\u0105 i b\u0142yszcz\u0105c\u0105 sier\u015b\u0107\u0179r\u00f3d\u0142o w\u0119glowodan\u00f3w w postaci batat\u00f3w Bataty to rodzaj egzotycznych ziemniak\u00f3w, kt\u00f3re s\u0105 bardzo od\u017cywcze i uznawane za doskonale przyswajalne \u017ar\u00f3d\u0142o sk\u0142adnik\u00f3w energetycznych. Bataty zawieraj\u0105 warto\u015bciowy b\u0142onnik, witaminy, \u017celazo, wap\u0144 i beta-karotenJagody i maliny: maj\u0105 w\u0142a\u015bciwo\u015bci przeciwutleniaj\u0105ce i chroni\u0105 kom\u00f3rkiKarma nie zawiera: Odpad\u00f3w poubojowych, ro\u015blinnych i zwierz\u0119cych produkt\u00f3w ubocznych, substancji wabi\u0105cych ani wzmacniaczy smakuPomidory: Pomidory to \u017ar\u00f3d\u0142o w\u0142\u00f3kien ro\u015blinnych niezb\u0119dnych dla prawid\u0142owego trawienia, zdrowych witamin, przeciwutleniaczy w postaci beta karotenu i likopenuOczyszczona woda do produkcji karmy wykorzystywana jest jedynie krystalicznie czysta wodaAll Life-Stages Nutrition &#8211; karma Taste of the Wild dla psa spe\u0142nia normy \u017cywieniowe AAFCO (Association of American Feed Control Officials)                            <\/p>\n<p>            Sk\u0142ad:<\/p>\n<p>Jagni\u0119cina, m\u0105czka z jagni\u0119ciny, s\u0142odkie ziemniaki, ziemniaki, zielony groszek, olej rzepakowy, bia\u0142ko z groszku, pieczona jagni\u0119cina, przecier pomidorowy, naturalny aromat, s\u00f3l, chlorek choliny, mieszanina tokoferoli (naturalny konserwant i \u017ar\u00f3d\u0142o witaminy E), suszony korze\u0144 cykorii, tauryna, pomidory, jagody, maliny, wyci\u0105g z juki Schidigera, suszone produkty fermantacji Enterococcus faecium, Lactobacillus acidophilus, Lactobacillus casei, Lactobacillus plantarum, ekstrakt fermentacji longibrachiatum Trichoderma, biotyna, niacyna, kwas foliowy, wszystkie minera\u0142y i witaminy zalecane przez AAFCO w \u017cywieniu ps\u00f3w.<\/p>\n<h2>Taste Of The Wild Sierra Mountain 12,2Kg Taste of the Wild<\/h2>\n<p>zagadka logiczna dla dzieci, zagadki wielkanocne do druku, delfinarium polska, ma\u0142y ksi\u0105\u017c\u0119 cytaty, malowanki \u015bwi\u0105teczne, karty pracy dla uczni\u00f3w z ukrainy, rzadkie imiona \u017ce\u0144skie, kolorowanka peppa, prezent dla 7 latka na urodziny, darmowe kolorowanki kolorowanki dla dziewczynek, trudne zagadki na inteligencj\u0119, plac zabaw warszawa, prezenty na dzie\u0144 dziecka dla nastolatk\u00f3w, bursztynek, znaczenie imienia paula, anio\u0142ki do druku, o b\u0142\u0119dne dyktando, kolorowanka peppa<\/p>\n<p>yyyyy<\/p>\n<p>&nbsp;<\/p>\n","protected":false},"excerpt":{"rendered":"<p>Taste Of The Wild Sierra Mountain 12,2KgTaste of the Wild Sierra Mountain to naturalna i lekkostrawna sucha karma dla ps\u00f3w w ka\u017cdym wieku, ka\u017cdej rasy i wielko\u015bci. Mi\u0119so jagni\u0119ce to jedyne \u017ar\u00f3d\u0142o bia\u0142ka zwierz\u0119cego, kt\u00f3re jest obecne w karmie. Jagni\u0119cina jest uwielbiana przez psy ze wzgl\u0119du na sw\u00f3j zdecydowany smak. Co wi\u0119cej, jagni\u0119cina to sk\u0142adnik, [&hellip;]<\/p>\n","protected":false},"featured_media":2648,"comment_status":"closed","ping_status":"open","template":"","meta":[],"product_cat":[951,950],"product_tag":[654,697,584,738,714,779],"class_list":["post-2647","product","type-product","status-publish","has-post-thumbnail","hentry","product_cat-karmy-dla-psow","product_cat-taste-of-the-wild","product_tag-krotkie-bajki-dla-dzieci-do-czytania","product_tag-krotkie-bajki-do-czytania","product_tag-liwia","product_tag-wroclaw-dla-dzieci","product_tag-zagadki-logiczne","product_tag-zarty-na-prima-aprilis-w-domu"],"_links":{"self":[{"href":"http:\/\/klubmamgdynia.pl\/index.php\/wp-json\/wp\/v2\/product\/2647","targetHints":{"allow":["GET"]}}],"collection":[{"href":"http:\/\/klubmamgdynia.pl\/index.php\/wp-json\/wp\/v2\/product"}],"about":[{"href":"http:\/\/klubmamgdynia.pl\/index.php\/wp-json\/wp\/v2\/types\/product"}],"replies":[{"embeddable":true,"href":"http:\/\/klubmamgdynia.pl\/index.php\/wp-json\/wp\/v2\/comments?post=2647"}],"wp:featuredmedia":[{"embeddable":true,"href":"http:\/\/klubmamgdynia.pl\/index.php\/wp-json\/wp\/v2\/media\/2648"}],"wp:attachment":[{"href":"http:\/\/klubmamgdynia.pl\/index.php\/wp-json\/wp\/v2\/media?parent=2647"}],"wp:term":[{"taxonomy":"product_cat","embeddable":true,"href":"http:\/\/klubmamgdynia.pl\/index.php\/wp-json\/wp\/v2\/product_cat?post=2647"},{"taxonomy":"product_tag","embeddable":true,"href":"http:\/\/klubmamgdynia.pl\/index.php\/wp-json\/wp\/v2\/product_tag?post=2647"}],"curies":[{"name":"wp","href":"https:\/\/api.w.org\/{rel}","templated":true}]}}