{"id":2649,"date":"2024-10-17T23:58:15","date_gmt":"2024-10-17T21:58:15","guid":{"rendered":"http:\/\/klubmamgdynia.pl\/?post_type=product&#038;p=2649"},"modified":"2026-05-17T22:00:03","modified_gmt":"2026-05-17T20:00:03","slug":"swede-zestaw-do-baniek-mydlanych","status":"publish","type":"product","link":"http:\/\/klubmamgdynia.pl\/index.php\/produkt\/swede-zestaw-do-baniek-mydlanych\/","title":{"rendered":"Swede Zestaw Do Baniek Mydlanych"},"content":{"rendered":"<p>Kolorowa maszynka wraz z p\u0142ynem do wytwarzania baniek mydlanych.Zabawka dzia\u0142a na baterie typu AA. Baterie nie s\u0105 za\u0142\u0105czone do zabawki.Zabawka dla dzieci od 3 lat.Podane wymiary stanowi\u0105 wymiar opakowania.Zabawka zapakowana w kartonowe opakowanie z okienkiem.Wiek:<\/p>\n<h2>Swede Zestaw Do Baniek Mydlanych Swede<\/h2>\n<p>basen \u015bl\u0105sk, darmowy szablon list do miko\u0142aja, prezent dla 1 latka, jesienne piosenki dla dzieci, quiz konie, prezent dla 7 letniej dziewczynki, trudne zagadki logiczne, prezent dla dziecka na roczek, zabawki na roczek dla ch\u0142opca, zabawy urodzinowe dla dzieci, zagadki dla dzieci 7 lat o zwierz\u0119tach, kolorowanka prezent, pozytywne cytaty mama cytaty, zagadki logiczne i odpowiedzi, kolorowanki lol, pokemony kolorowanka, zagadki przyrodnicze<\/p>\n<p>yyyyy<\/p>\n<p>&nbsp;<\/p>\n","protected":false},"excerpt":{"rendered":"<p>Kolorowa maszynka wraz z p\u0142ynem do wytwarzania baniek mydlanych.Zabawka dzia\u0142a na baterie typu AA. Baterie nie s\u0105 za\u0142\u0105czone do zabawki.Zabawka dla dzieci od 3 lat.Podane wymiary stanowi\u0105 wymiar opakowania.Zabawka zapakowana w kartonowe opakowanie z okienkiem.Wiek: Swede Zestaw Do Baniek Mydlanych Swede basen \u015bl\u0105sk, darmowy szablon list do miko\u0142aja, prezent dla 1 latka, jesienne piosenki dla [&hellip;]<\/p>\n","protected":false},"featured_media":2650,"comment_status":"closed","ping_status":"open","template":"","meta":[],"product_cat":[472,171],"product_tag":[851,669,640,588,708],"class_list":["post-2649","product","type-product","status-publish","has-post-thumbnail","hentry","product_cat-banki-mydlane","product_cat-swede","product_tag-jak-narysowac-kota","product_tag-kolorowanki","product_tag-prezent-dla-rocznej-dziewczynki","product_tag-wzruszajace-slowa-dla-przyjaciela","product_tag-zabawy-ruchowe-dla-dzieci"],"_links":{"self":[{"href":"http:\/\/klubmamgdynia.pl\/index.php\/wp-json\/wp\/v2\/product\/2649","targetHints":{"allow":["GET"]}}],"collection":[{"href":"http:\/\/klubmamgdynia.pl\/index.php\/wp-json\/wp\/v2\/product"}],"about":[{"href":"http:\/\/klubmamgdynia.pl\/index.php\/wp-json\/wp\/v2\/types\/product"}],"replies":[{"embeddable":true,"href":"http:\/\/klubmamgdynia.pl\/index.php\/wp-json\/wp\/v2\/comments?post=2649"}],"wp:featuredmedia":[{"embeddable":true,"href":"http:\/\/klubmamgdynia.pl\/index.php\/wp-json\/wp\/v2\/media\/2650"}],"wp:attachment":[{"href":"http:\/\/klubmamgdynia.pl\/index.php\/wp-json\/wp\/v2\/media?parent=2649"}],"wp:term":[{"taxonomy":"product_cat","embeddable":true,"href":"http:\/\/klubmamgdynia.pl\/index.php\/wp-json\/wp\/v2\/product_cat?post=2649"},{"taxonomy":"product_tag","embeddable":true,"href":"http:\/\/klubmamgdynia.pl\/index.php\/wp-json\/wp\/v2\/product_tag?post=2649"}],"curies":[{"name":"wp","href":"https:\/\/api.w.org\/{rel}","templated":true}]}}