{"id":265,"date":"2020-07-05T08:08:31","date_gmt":"2020-07-05T06:08:31","guid":{"rendered":"http:\/\/klubmamgdynia.pl\/index.php\/produkt\/mutsy-icon-jade-green-gleboki\/"},"modified":"2026-04-27T13:05:42","modified_gmt":"2026-04-27T11:05:42","slug":"mutsy-icon-jade-green-gleboki","status":"publish","type":"product","link":"http:\/\/klubmamgdynia.pl\/index.php\/produkt\/mutsy-icon-jade-green-gleboki\/","title":{"rendered":"Mutsy Icon Jade Green G\u0142\u0119boki"},"content":{"rendered":"<p>Najnowszy projekt Mutsy! Icon to w\u00f3zek kt\u00f3ry mo\u017cna u\u017cywa\u0107 z gondol\u0105, dwustronnym, przek\u0142adanym siedziskiem spacer\u00f3wki, r\u00f3\u017cnymi fotelikami samochodowymi i licznymi przydatnymi akcesoriami. Najwy\u017cszej klasy wygl\u0105d i funkcjonalno\u015b\u0107 \u0142\u0105cz\u0105 si\u0119 w tym wyrafinowanym i unikalnym projekcie.<\/p>\n<h2>Mutsy Icon Jade Green G\u0142\u0119boki Mutsy<\/h2>\n<p>opowie\u015b\u0107 wigilijna test z odpowiedziami, malowanie past\u0105 do z\u0119b\u00f3w, bajka psi patrol do czytania, psi patrol rysunek, jasmin imi\u0119, ferie warszawa 2022, karty pracy dla dzieci z ukrainy do druku, prezent dla 7 latki, prezenty na dzie\u0144 dziecka dla nastolatk\u00f3w, wpad\u0142a bomba do piwnicy, gwiazda do wydruku, zagadki dla 8 latk\u00f3w, kornelia, ach \u015bpij kochanie tekst, kolorowanka lol, zabawy logiczne dla dzieci, kolorowanka prezent, quiz flagi europy, zaproszenie na urodziny dziecka do druku, co kupi\u0107 nastolatce na \u015bwi\u0119ta<\/p>\n<p>yyyyy<\/p>\n<p>&nbsp;<\/p>\n","protected":false},"excerpt":{"rendered":"<p>Najnowszy projekt Mutsy! Icon to w\u00f3zek kt\u00f3ry mo\u017cna u\u017cywa\u0107 z gondol\u0105, dwustronnym, przek\u0142adanym siedziskiem spacer\u00f3wki, r\u00f3\u017cnymi fotelikami samochodowymi i licznymi przydatnymi akcesoriami. Najwy\u017cszej klasy wygl\u0105d i funkcjonalno\u015b\u0107 \u0142\u0105cz\u0105 si\u0119 w tym wyrafinowanym i unikalnym projekcie. Mutsy Icon Jade Green G\u0142\u0119boki Mutsy opowie\u015b\u0107 wigilijna test z odpowiedziami, malowanie past\u0105 do z\u0119b\u00f3w, bajka psi patrol do czytania, [&hellip;]<\/p>\n","protected":false},"featured_media":266,"comment_status":"closed","ping_status":"open","template":"","meta":[],"product_cat":[118,109],"product_tag":[658,858,798],"class_list":["post-265","product","type-product","status-publish","has-post-thumbnail","hentry","product_cat-mutsy","product_cat-wozki-glebokie","product_tag-alan-znaczenie-imienia","product_tag-podchwytliwe-zagadki","product_tag-prezenty-dla-nastolatki"],"_links":{"self":[{"href":"http:\/\/klubmamgdynia.pl\/index.php\/wp-json\/wp\/v2\/product\/265","targetHints":{"allow":["GET"]}}],"collection":[{"href":"http:\/\/klubmamgdynia.pl\/index.php\/wp-json\/wp\/v2\/product"}],"about":[{"href":"http:\/\/klubmamgdynia.pl\/index.php\/wp-json\/wp\/v2\/types\/product"}],"replies":[{"embeddable":true,"href":"http:\/\/klubmamgdynia.pl\/index.php\/wp-json\/wp\/v2\/comments?post=265"}],"wp:featuredmedia":[{"embeddable":true,"href":"http:\/\/klubmamgdynia.pl\/index.php\/wp-json\/wp\/v2\/media\/266"}],"wp:attachment":[{"href":"http:\/\/klubmamgdynia.pl\/index.php\/wp-json\/wp\/v2\/media?parent=265"}],"wp:term":[{"taxonomy":"product_cat","embeddable":true,"href":"http:\/\/klubmamgdynia.pl\/index.php\/wp-json\/wp\/v2\/product_cat?post=265"},{"taxonomy":"product_tag","embeddable":true,"href":"http:\/\/klubmamgdynia.pl\/index.php\/wp-json\/wp\/v2\/product_tag?post=265"}],"curies":[{"name":"wp","href":"https:\/\/api.w.org\/{rel}","templated":true}]}}