{"id":2651,"date":"2020-03-29T07:00:09","date_gmt":"2020-03-29T05:00:09","guid":{"rendered":"http:\/\/klubmamgdynia.pl\/index.php\/produkt\/cobi-klocki-small-army-tiger-i-world-of-tanks-3000\/"},"modified":"2026-04-27T06:46:31","modified_gmt":"2026-04-27T04:46:31","slug":"cobi-klocki-small-army-tiger-i-world-of-tanks-3000","status":"publish","type":"product","link":"http:\/\/klubmamgdynia.pl\/index.php\/produkt\/cobi-klocki-small-army-tiger-i-world-of-tanks-3000\/","title":{"rendered":"Cobi klocki Small Army Tiger I World of Tanks 3000"},"content":{"rendered":"<p>Cobi 3000B Czo\u0142g Tiger I World Of Tanks<\/p>\n<h2>Cobi klocki Small Army Tiger I World of Tanks 3000 Cobi<\/h2>\n<p>wzory zaprosze\u0144 zaproszenie na urodziny do druku pdf, \u015bmieszne kanapki kanapki dla dzieci, \u0142ama\u0144ce j\u0119zykowe dla dzieci, kolorowanka super zings, pomysl na prezent na roczek, god\u0142o polski do druku, cytaty przyja\u017a\u0144, planety do druku dla dzieci, gotowe zaproszenia na urodziny do wydrukowania, oryginalny prezent na roczek dla ch\u0142opca, cytat o dziecku, imi\u0119 leon, zagadka dla dzieci, oryginalny prezent na roczek, quiz o bo\u017cym narodzeniu, trudne zagadki dla doros\u0142ych, co kupic na roczek, test z lektury dzieci z bullerbyn<\/p>\n<p>yyyyy<\/p>\n<p>&nbsp;<\/p>\n","protected":false},"excerpt":{"rendered":"<p>Cobi 3000B Czo\u0142g Tiger I World Of Tanks Cobi klocki Small Army Tiger I World of Tanks 3000 Cobi wzory zaprosze\u0144 zaproszenie na urodziny do druku pdf, \u015bmieszne kanapki kanapki dla dzieci, \u0142ama\u0144ce j\u0119zykowe dla dzieci, kolorowanka super zings, pomysl na prezent na roczek, god\u0142o polski do druku, cytaty przyja\u017a\u0144, planety do druku dla dzieci, [&hellip;]<\/p>\n","protected":false},"featured_media":2652,"comment_status":"closed","ping_status":"open","template":"","meta":[],"product_cat":[484,113],"product_tag":[668,740,814,804,812],"class_list":["post-2651","product","type-product","status-publish","has-post-thumbnail","hentry","product_cat-cobi","product_cat-klocki","product_tag-atrakcje-dla-dzieci-wroclaw","product_tag-fajne-prezenty-dla-nastolatkow","product_tag-prezenty-dla-nastolatek","product_tag-ryz-z-owocami","product_tag-zagadki-logiczne-na-inteligencje"],"_links":{"self":[{"href":"http:\/\/klubmamgdynia.pl\/index.php\/wp-json\/wp\/v2\/product\/2651","targetHints":{"allow":["GET"]}}],"collection":[{"href":"http:\/\/klubmamgdynia.pl\/index.php\/wp-json\/wp\/v2\/product"}],"about":[{"href":"http:\/\/klubmamgdynia.pl\/index.php\/wp-json\/wp\/v2\/types\/product"}],"replies":[{"embeddable":true,"href":"http:\/\/klubmamgdynia.pl\/index.php\/wp-json\/wp\/v2\/comments?post=2651"}],"wp:featuredmedia":[{"embeddable":true,"href":"http:\/\/klubmamgdynia.pl\/index.php\/wp-json\/wp\/v2\/media\/2652"}],"wp:attachment":[{"href":"http:\/\/klubmamgdynia.pl\/index.php\/wp-json\/wp\/v2\/media?parent=2651"}],"wp:term":[{"taxonomy":"product_cat","embeddable":true,"href":"http:\/\/klubmamgdynia.pl\/index.php\/wp-json\/wp\/v2\/product_cat?post=2651"},{"taxonomy":"product_tag","embeddable":true,"href":"http:\/\/klubmamgdynia.pl\/index.php\/wp-json\/wp\/v2\/product_tag?post=2651"}],"curies":[{"name":"wp","href":"https:\/\/api.w.org\/{rel}","templated":true}]}}