{"id":2653,"date":"2012-11-22T05:13:35","date_gmt":"2012-11-22T04:13:35","guid":{"rendered":"http:\/\/klubmamgdynia.pl\/index.php\/produkt\/spin-master-psi-patrol-mighty-pups-chase\/"},"modified":"2026-04-05T21:53:05","modified_gmt":"2026-04-05T19:53:05","slug":"spin-master-psi-patrol-mighty-pups-chase","status":"publish","type":"product","link":"http:\/\/klubmamgdynia.pl\/index.php\/produkt\/spin-master-psi-patrol-mighty-pups-chase\/","title":{"rendered":"Spin Master Psi Patrol Mighty Pups Chase"},"content":{"rendered":"<p>Dzielna za\u0142oga Psiego Patrolu podbija serca milion\u00f3w widz\u00f3w na ca\u0142ym \u015bwiecie, za\u015b figurki bohater\u00f3w i ich pojazdy staj\u0105 si\u0119 ulubionymi zabawkami maluszk\u00f3w! Sz\u00f3stka szczeniak\u00f3w: Marshall, Chase, Rocky, Zumy, Rubble i Skye, wraz z dziesi\u0119cioletnim ch\u0142opcem Ryderem \u015bpiesz\u0105 z pomoc\u0105 ka\u017cdemu, kto tylko jest w potrzebie. Kolekcja figurek dzielnych bohater\u00f3w czeka na nowych przyjaci\u00f3\u0142! Zbierz wszystkie i do\u0142\u0105cz do za\u0142ogi Psiego Patrolu! Szybka misja w terenie? Ot\u00f3\u017c to! P\u0119dzimy! Chase to odwa\u017cny pies policjant, kt\u00f3ry strze\u017ce porz\u0105dku i zna wszystkie przepisy! W najnowszym zestawie ten uroczy piesek ma do dyspozycji niesamowity str\u00f3j, kt\u00f3ry dodaje mu mocy! Niebieski kostium i plecak sprawiaj\u0105, \u017ce Chase wygl\u0105da jak prawdziwy superbohater. Figurka zosta\u0142a wzbogacona o elekty \u015bwietlne. Wystarczy nacisn\u0105\u0107 przycisk zlokalizowany na plecaku aby st\u00f3j pieska za\u015bwieci\u0142 na niebiesko. Czas wyruszy\u0107 na kolejn\u0105 misj\u0119. Do\u0142\u0105cz do za\u0142ogi Psiego Patrolu i baw si\u0119 wspaniale.<\/p>\n<h2>Spin Master Psi Patrol Mighty Pups Chase Spin Master<\/h2>\n<p>\u0142amig\u0142\u00f3wki dla dzieci do druku, doros\u0142ych kolorowanki dziewczyny, mini zoo mazowieckie, co kupic dziewczynce na roczek, zagadki dla dzieci 9 10 lat z odpowiedziami, star wars kolorowanka, dzie\u0144 pluszowego misia 2021, jak dobra\u0107 narty dla dziecka, \u015bmieszne zagadki matematyczne, estera<\/p>\n<p>yyyyy<\/p>\n<p>&nbsp;<\/p>\n","protected":false},"excerpt":{"rendered":"<p>Dzielna za\u0142oga Psiego Patrolu podbija serca milion\u00f3w widz\u00f3w na ca\u0142ym \u015bwiecie, za\u015b figurki bohater\u00f3w i ich pojazdy staj\u0105 si\u0119 ulubionymi zabawkami maluszk\u00f3w! Sz\u00f3stka szczeniak\u00f3w: Marshall, Chase, Rocky, Zumy, Rubble i Skye, wraz z dziesi\u0119cioletnim ch\u0142opcem Ryderem \u015bpiesz\u0105 z pomoc\u0105 ka\u017cdemu, kto tylko jest w potrzebie. Kolekcja figurek dzielnych bohater\u00f3w czeka na nowych przyjaci\u00f3\u0142! Zbierz wszystkie [&hellip;]<\/p>\n","protected":false},"featured_media":2654,"comment_status":"closed","ping_status":"open","template":"","meta":[],"product_cat":[95,94],"product_tag":[752,630,678,876,587],"class_list":["post-2653","product","type-product","status-publish","has-post-thumbnail","hentry","product_cat-figurki-makiety-i-zestawy","product_cat-spin-master","product_tag-kuba-imie","product_tag-podchwytliwe-zagadki-z-odpowiedziami","product_tag-prezent-na-roczek-dla-dziewczynki","product_tag-przyjazn","product_tag-skalne-miasto"],"_links":{"self":[{"href":"http:\/\/klubmamgdynia.pl\/index.php\/wp-json\/wp\/v2\/product\/2653","targetHints":{"allow":["GET"]}}],"collection":[{"href":"http:\/\/klubmamgdynia.pl\/index.php\/wp-json\/wp\/v2\/product"}],"about":[{"href":"http:\/\/klubmamgdynia.pl\/index.php\/wp-json\/wp\/v2\/types\/product"}],"replies":[{"embeddable":true,"href":"http:\/\/klubmamgdynia.pl\/index.php\/wp-json\/wp\/v2\/comments?post=2653"}],"wp:featuredmedia":[{"embeddable":true,"href":"http:\/\/klubmamgdynia.pl\/index.php\/wp-json\/wp\/v2\/media\/2654"}],"wp:attachment":[{"href":"http:\/\/klubmamgdynia.pl\/index.php\/wp-json\/wp\/v2\/media?parent=2653"}],"wp:term":[{"taxonomy":"product_cat","embeddable":true,"href":"http:\/\/klubmamgdynia.pl\/index.php\/wp-json\/wp\/v2\/product_cat?post=2653"},{"taxonomy":"product_tag","embeddable":true,"href":"http:\/\/klubmamgdynia.pl\/index.php\/wp-json\/wp\/v2\/product_tag?post=2653"}],"curies":[{"name":"wp","href":"https:\/\/api.w.org\/{rel}","templated":true}]}}