{"id":2655,"date":"2014-11-10T19:36:49","date_gmt":"2014-11-10T18:36:49","guid":{"rendered":"http:\/\/klubmamgdynia.pl\/index.php\/produkt\/schleich-s-schleich-swiat-elfow-bayala-movie-elfka-surah-z-papuga-kuack-70584\/"},"modified":"2026-04-04T04:20:54","modified_gmt":"2026-04-04T02:20:54","slug":"schleich-s-schleich-swiat-elfow-bayala-movie-elfka-surah-z-papuga-kuack-70584","status":"publish","type":"product","link":"http:\/\/klubmamgdynia.pl\/index.php\/produkt\/schleich-s-schleich-swiat-elfow-bayala-movie-elfka-surah-z-papuga-kuack-70584\/","title":{"rendered":"Schleich S Schleich \u015awiat Elf\u00f3w Bayala Movie Elfka Surah Z Papug\u0105 Kuack 70584"},"content":{"rendered":"<p>Cudowna podr\u00f3\u017c do \u015bwiata fantasy&#8230;\u015awiat Elf\u00f3w Bayala to pi\u0119kna seria figurek Schleich, nawi\u0105zuj\u0105ca do \u015bwiata fantazji i mitologii. Elfy, \u017cyj\u0105ce w lasach, charakteryzuje niezwyk\u0142y, pi\u0119kny g\u0142os, zami\u0142owanie do ta\u0144ca, d\u0142ugie, szpiczaste uszy oraz magiczne zdolno\u015bci. Kraina Elf\u00f3w pe\u0142na jest tak\u017ce tajemniczych stworze\u0144, takich jak smoki, pegazy, jednoro\u017cce, feniksy, syreny i inne magiczne istoty. W kolekcji znajdziesz tak\u017ce zestawy przedstawiaj\u0105ce niezwyk\u0142e miejsca spotka\u0144 tych pi\u0119knych stworze\u0144.Weso\u0142a i szukaj\u0105ca przyg\u00f3d ksi\u0119\u017cniczka s\u0142onecznych elf\u00f3w Surah jest gwiazd\u0105 filmu kinowego o krainie bayala. Ona i jej siostra Sera to kr\u00f3lewskie bli\u017aniaczki z raju elf\u00f3w bayala. Surah ma skrzyd\u0142a elf\u00f3w cienia, kt\u00f3re jej jako jedynej ze s\u0142onecznych elf\u00f3w umo\u017cliwiaj\u0105 latanie noc\u0105. Ma szczeg\u00f3ln\u0105 wi\u0119\u017a z kr\u00f3lestwem zwierz\u0105t, szczeg\u00f3lnie ptak\u00f3w, jak ze swoj\u0105 papug\u0105 o imieniu Kuack. Ponadto jest w dobrych stosunkach z elfami cienia, poniewa\u017c jej przyrodnia siostra Nuray jest elfk\u0105 cienia. Surah jest odwa\u017cna, ale ostro\u017cniejsza ni\u017c inne elfy, poniewa\u017c jako dziecko zosta\u0142a uprowadzona przez elfy cienia i prawie wy\u0142\u0105cznie o w\u0142asnych si\u0142ach uda\u0142o si\u0119 jej wr\u00f3ci\u0107 do domu.Zawarto\u015b\u0107 i cechy zestawu:1 x Surah1 x papuga KuackSurah mo\u017ce trzyma\u0107 papug\u0119 Kuack w jednej r\u0119ce<\/p>\n<h2>Schleich S Schleich \u015awiat Elf\u00f3w Bayala Movie Elfka Surah Z Papug\u0105 Kuack 70584 Schleich<\/h2>\n<p>quiz z ma\u0142ego ksi\u0119cia, motylek, basen warszawa, mandala kolorowanka, oryginalny prezent na roczek dla dziewczynki, co na roczek dla ch\u0142opca, ogr\u00f3d bajek, test spos\u00f3b na alcybiadesa, dzie\u0144 dziecka dla nastolatk\u00f3w, lucyna<\/p>\n<p>yyyyy<\/p>\n<p>&nbsp;<\/p>\n","protected":false},"excerpt":{"rendered":"<p>Cudowna podr\u00f3\u017c do \u015bwiata fantasy&#8230;\u015awiat Elf\u00f3w Bayala to pi\u0119kna seria figurek Schleich, nawi\u0105zuj\u0105ca do \u015bwiata fantazji i mitologii. Elfy, \u017cyj\u0105ce w lasach, charakteryzuje niezwyk\u0142y, pi\u0119kny g\u0142os, zami\u0142owanie do ta\u0144ca, d\u0142ugie, szpiczaste uszy oraz magiczne zdolno\u015bci. Kraina Elf\u00f3w pe\u0142na jest tak\u017ce tajemniczych stworze\u0144, takich jak smoki, pegazy, jednoro\u017cce, feniksy, syreny i inne magiczne istoty. W kolekcji [&hellip;]<\/p>\n","protected":false},"featured_media":2656,"comment_status":"closed","ping_status":"open","template":"","meta":[],"product_cat":[95,952],"product_tag":[753,674,773,601,721],"class_list":["post-2655","product","type-product","status-publish","has-post-thumbnail","hentry","product_cat-figurki-makiety-i-zestawy","product_cat-schleich","product_tag-kamila","product_tag-miasto-dzieci","product_tag-test-z-lektury-opowiesci-z-narnii-lew-czarownica-i-stara-szafa","product_tag-zagadki-co-to-jest","product_tag-zagadki-matematyczne"],"_links":{"self":[{"href":"http:\/\/klubmamgdynia.pl\/index.php\/wp-json\/wp\/v2\/product\/2655","targetHints":{"allow":["GET"]}}],"collection":[{"href":"http:\/\/klubmamgdynia.pl\/index.php\/wp-json\/wp\/v2\/product"}],"about":[{"href":"http:\/\/klubmamgdynia.pl\/index.php\/wp-json\/wp\/v2\/types\/product"}],"replies":[{"embeddable":true,"href":"http:\/\/klubmamgdynia.pl\/index.php\/wp-json\/wp\/v2\/comments?post=2655"}],"wp:featuredmedia":[{"embeddable":true,"href":"http:\/\/klubmamgdynia.pl\/index.php\/wp-json\/wp\/v2\/media\/2656"}],"wp:attachment":[{"href":"http:\/\/klubmamgdynia.pl\/index.php\/wp-json\/wp\/v2\/media?parent=2655"}],"wp:term":[{"taxonomy":"product_cat","embeddable":true,"href":"http:\/\/klubmamgdynia.pl\/index.php\/wp-json\/wp\/v2\/product_cat?post=2655"},{"taxonomy":"product_tag","embeddable":true,"href":"http:\/\/klubmamgdynia.pl\/index.php\/wp-json\/wp\/v2\/product_tag?post=2655"}],"curies":[{"name":"wp","href":"https:\/\/api.w.org\/{rel}","templated":true}]}}